{"id":10074,"date":"2020-06-04T09:25:51","date_gmt":"2020-06-04T07:25:51","guid":{"rendered":"https:\/\/www.gecoexpo.com\/2021\/privacy-policy\/"},"modified":"2021-09-10T13:19:32","modified_gmt":"2021-09-10T11:19:32","slug":"privacy-policy","status":"publish","type":"page","link":"https:\/\/www.gecoexpo.com\/2021\/de\/privacy-policy\/","title":{"rendered":"Datenschutzrichtlinie"},"content":{"rendered":"<p style=\"text-align: center;\"><strong>Datenschutzerkl\u00e4rung gem\u00e4\u00df Art. 12 ff. der EU-Verordnung 679\/2016<\/strong><\/p>\n<p>von SMART EVENTI S.R.L.<\/p>\n<p>SMART EVENTI S.R.L., Steuernummer und MwSt.-Nummer IT06997310963, mit Sitz in 20131 Mailand (MI), Viale Abruzzi n. 37, durch ihren gesetzlichen Vertreter pro tempore, informiert Sie dar\u00fcber, dass die Verarbeitung von personenbezogenen Daten (allg. Name, Vorname, E-Mail, &#8230;), die Sie uns bei der Anforderung von Informationen (vorvertragliche Phase) oder beim Abschluss des Vertrags \u00fcber die Erbringung von Dienstleistungen mit SMART EVENTI S.R.L. (im Folgenden: Vertrag) zur Verf\u00fcgung gestellt haben oder die w\u00e4hrend der Vertragserf\u00fcllung erhoben werden, auf den Grunds\u00e4tzen der Korrektheit, Rechtm\u00e4\u00dfigkeit und Transparenz beruhen und Ihre Privatsph\u00e4re und Ihre Rechte sch\u00fctzen. Wir informieren Sie hiermit wie folgt.<\/p>\n<p>&nbsp;<\/p>\n<p style=\"text-align: center;\"><strong>1.\u00a0ZWECK DER VERARBEITUNG.<\/strong><\/p>\n<p>Die Verarbeitung der personenbezogenen Daten erfolgt zu folgenden Zwecken:<\/p>\n<p>1 &#8211; (vorvertragliche und vertragliche Zwecke): um die Bereitstellung der angeforderten Informationen (vorvertragliche Phase) und\/oder die Erf\u00fcllung der sich aus dem Vertrag ergebenden Verpflichtungen zu erm\u00f6glichen. Der Vertrag bildet die Rechtsgrundlage f\u00fcr die Verarbeitung. Nach Beendigung des Vertrags ist die Rechtsgrundlage die Erf\u00fcllung der rechtlichen Verpflichtungen.<\/p>\n<p>2 &#8211; (rechtliche Zwecke): Einhaltung der gesetzlichen Bestimmungen.<\/p>\n<p style=\"text-align: center;\"><strong>2.\u00a0ART DER VERARBEITUNG.<\/strong><\/p>\n<p>Die Verarbeitung der oben genannten Daten erfolgt durch die f\u00f6rmlich benannten Verantwortlichen und Beauftragten, die Instrumente und Hilfsmittel &#8211; in Papierform, magnetisch, computergest\u00fctzt oder telematisch &#8211; verwenden, die geeignet sind, die Sicherheit und Vertraulichkeit zu gew\u00e4hrleisten. Die Verarbeitung kann auch mit Hilfe automatisierter Instrumente erfolgen, die die genannten Daten online erfassen, verwalten und \u00fcbermitteln k\u00f6nnen.<\/p>\n<p style=\"text-align: center;\"><strong>3.\u00a0ART DER VERARBEITUNG<\/strong><\/p>\n<p>Die Art der Bereitstellung ist obligatorisch, soweit sie sich auf die unter Punkt 1) genannten vorvertraglichen und vertraglichen Zwecke bezieht; daher kann die vollst\u00e4ndige oder teilweise Verweigerung der Bereitstellung der genannten Daten oder die Nichtgenehmigung ihrer Verarbeitung und\/oder ihrer Weitergabe an Dritte, die an der Erf\u00fcllung des Vertrags durch SMART EVENTI S.R.L. beteiligt sind, dazu f\u00fchren, dass SMART EVENTI S.R.L. die Informationen nicht bereitstellen und den Vertrag nicht erf\u00fcllen kann.<\/p>\n<p style=\"text-align: center;\"><strong>4. RECHTE DER BETROFFENEN PERSON<\/strong><\/p>\n<p>4.1 In Bezug auf personenbezogene Daten (allgemein) k\u00f6nnen Sie als betroffene Person &#8211; durch Senden einer E-Mail an: privacy@smarteventi.it &#8211; an SMART EVENTI S.R.L. mit Sitz in 20131 Mailand (MI), Viale Abruzzi n. 37, durch ihren gesetzlichen Vertreter pro tempore &#8211; :<\/p>\n<p>&#8211; zu verlangen, dass SMART EVENTI S.R.L. als Verantwortlicher f\u00fcr die Datenverarbeitung Ihnen Zugang zu Ihren personenbezogenen Daten gew\u00e4hrt, diese berichtigt oder l\u00f6scht oder die Verarbeitung einschr\u00e4nkt oder Sie k\u00f6nnen der Verarbeitung widersprechen (ex Art. 15, 16, 17, 18, 19, 21 EU-VO 679\/2016). Im Besonderen:<\/p>\n<p>* was die Berichtigung personenbezogener Daten unter Ber\u00fccksichtigung der Zwecke der Verarbeitung betrifft, haben Sie das Recht, die Vervollst\u00e4ndigung unvollst\u00e4ndiger Daten zu verlangen, wobei auch eine Erkl\u00e4rung \u00fcber die Vervollst\u00e4ndigung vorzulegen ist;<\/p>\n<p>* Sie haben das Recht, die Einschr\u00e4nkung der Verarbeitung zu verlangen, wenn einer der folgenden Umst\u00e4nde vorliegt: a) Ihr Einwand, dass die personenbezogenen Daten ungenau sind, f\u00fcr den Zeitraum, der erforderlich ist, damit SMART EVENTI S.R.L. die Richtigkeit der Daten \u00fcberpr\u00fcfen kann. die Richtigkeit der personenbezogenen Daten \u00fcberpr\u00fcfen kann; b) die Verarbeitung ist unrechtm\u00e4\u00dfig und Sie widersprechen der L\u00f6schung der personenbezogenen Daten und verlangen andererseits, dass deren Verwendung eingeschr\u00e4nkt wird; c) obwohl SMART EVENTI S.R.L. die Verarbeitung nicht mehr ben\u00f6tigt, sind die personenbezogenen Daten zur Feststellung, Aus\u00fcbung oder Verteidigung eines Rechts vor Gericht erforderlich;<\/p>\n<p>* a) die personenbezogenen Daten sind f\u00fcr die Zwecke, f\u00fcr die sie erhoben oder auf sonstige Weise verarbeitet wurden, nicht mehr erforderlich; b) Sie als betroffene Person widerrufen Ihre Einwilligung, auf die sich die Verarbeitung st\u00fctzt, sofern es keine andere Rechtsgrundlage f\u00fcr die Verarbeitung gibt; c) die personenbezogenen Daten wurden unrechtm\u00e4\u00dfig verarbeitet; d) die personenbezogenen Daten m\u00fcssen gel\u00f6scht werden, um einer rechtlichen Verpflichtung nachzukommen, die die Europ\u00e4ische Union gegen\u00fcber einem Mitgliedstaat eingegangen ist, dem SMART EVENTI S. R.L. unterliegt;<\/p>\n<p>&#8211; die Sie betreffenden personenbezogenen Daten, die Sie einem f\u00fcr die Verarbeitung Verantwortlichen zur Verf\u00fcgung gestellt haben, in einem strukturierten, allgemein gebr\u00e4uchlichen und mit einem automatischen Ger\u00e4t lesbaren Format zu erhalten, wobei Sie berechtigt sind, diese Daten an einen anderen f\u00fcr die Verarbeitung Verantwortlichen zu \u00fcbermitteln, ohne dass SMART EVENTI S.R.L. daran gehindert wird (sog. &#8220;Daten\u00fcbertragbarkeit&#8221; ex Art. 20 EU-VO 679\/2016);<\/p>\n<p>&#8211; die Einwilligung jederzeit zu widerrufen, ohne dass dadurch die Rechtm\u00e4\u00dfigkeit der auf der Grundlage der vor dem Widerruf erteilten Einwilligung erfolgten Verarbeitung ber\u00fchrt wird (ex Art. 8, Abs. 3, EU-VO 679\/2016).<\/p>\n<p>4.2 Ihre personenbezogenen Daten werden nicht an Drittstaaten oder internationale Organisationen weitergegeben oder \u00fcbertragen.<\/p>\n<p style=\"text-align: center;\"><strong>5.\u00a0DATENVERANTWORTLICHER &#8211; DATENVERARBEITER.<\/strong><\/p>\n<p>Der Inhaber der Datenverarbeitung ist SMART EVENTI S.R.L., Steuernummer und MwSt.-Nummer IT06997310963, mit Sitz in 20131 Mailand (MI), Viale Abruzzi n. 37, durch seinen gesetzlichen Vertreter pro tempore, der unter folgender Adresse erreichbar ist: privacy@smarteventi.it.<\/p>\n<p>Die Verantwortlichen f\u00fcr die Datenverarbeitung sind:<\/p>\n<p>&#8211; Partner, die von SMART EVENTI f\u00fcr die Erbringung von Dienstleistungen f\u00fcr Kunden eingesetzt werden (z.B. Entwicklung\/Wartung von Websites, Anwendungen, Management-Informationssystemen, Buchhaltungssoftware und Versand von Newslettern).<\/p>\n<p style=\"text-align: center;\"><strong>6.\u00a0MITTEILUNG DER VERARBEITUNG.<\/strong><\/p>\n<p>Abgesehen von den Mitteilungen, die im Rahmen der gesetzlichen Verpflichtungen erfolgen, k\u00f6nnen Ihre personenbezogenen Daten auch an folgende Stellen weitergegeben werden:<\/p>\n<p>Angestellte\/Mitarbeiter von SMART EVENTI;<br \/>\nPartner, die von SMART EVENTI f\u00fcr die Erbringung von Dienstleistungen f\u00fcr Kunden eingesetzt werden (z. B. Entwicklung\/Wartung von Websites, Anwendungen, Managementinformationssystemen, Buchhaltungssoftware und Versand von Newslettern).<\/p>\n<p style=\"text-align: center;\"><strong>7.\u00a0DAUER DER DATENSPEICHERUNG.<\/strong><\/p>\n<p>Die von Ihnen bereitgestellten (gemeinsamen) personenbezogenen Daten werden in einer Form gespeichert, die Ihre Identifizierung als betroffene Person erm\u00f6glicht:<\/p>\n<p>&#8211; bis zur Beendigung der unter Punkt 1 genannten vorvertraglichen und vertraglichen Phasen, f\u00fcr die sie verarbeitet wurden, au\u00dfer zur Erf\u00fcllung eventueller gesetzlicher Verpflichtungen;<\/p>\n<p>&#8211; bis zum Widerruf der Einwilligung f\u00fcr die unter Punkt 2 genannten Werbezwecke, f\u00fcr die die Daten verarbeitet wurden, vorbehaltlich der Einhaltung etwaiger rechtlicher Verpflichtungen.<\/p>\n<p>Es gibt kein automatisiertes System f\u00fcr die L\u00f6schung der personenbezogenen Daten nach Ablauf der Aufbewahrungsfrist, da die L\u00f6schung manuell erfolgt, sobald die rechtlichen Verpflichtungen, die sich aus der Beendigung des Vertrags ergeben, erf\u00fcllt sind.<\/p>\n<p style=\"text-align: center;\"><strong>8.\u00a0BESCHWERDEN.<\/strong><\/p>\n<p>Wenn Sie der Ansicht sind, dass die Verarbeitung gegen die EU-Verordnung 679\/2016 verst\u00f6\u00dft, haben Sie das Recht, sich bei einer Aufsichtsbeh\u00f6rde des Mitgliedstaats zu beschweren, in dem Sie Ihren gew\u00f6hnlichen Aufenthalt haben, in dem Sie arbeiten oder in dem sich der Ort befindet, an dem der mutma\u00dfliche Versto\u00df erfolgt ist.<\/p>\n","protected":false},"excerpt":{"rendered":"<p>Datenschutzerkl\u00e4rung gem\u00e4\u00df Art. 12 ff. der EU-Verordnung 679\/2016 von SMART EVENTI S.R.L. SMART EVENTI S.R.L., Steuernummer und MwSt.-Nummer IT06997310963, mit Sitz in 20131 Mailand (MI), Viale Abruzzi n. 37, durch ihren gesetzlichen Vertreter pro tempore, informiert Sie dar\u00fcber, dass die Verarbeitung von personenbezogenen Daten (allg. Name, Vorname, E-Mail, &#8230;), die Sie uns bei der Anforderung [&hellip;]<\/p>\n","protected":false},"author":5,"featured_media":0,"parent":0,"menu_order":0,"comment_status":"closed","ping_status":"closed","template":"","meta":[],"yoast_head":"<!-- This site is optimized with the Yoast SEO plugin v16.3 - https:\/\/yoast.com\/wordpress\/plugins\/seo\/ -->\n<meta name=\"robots\" content=\"index, follow, max-snippet:-1, max-image-preview:large, max-video-preview:-1\" \/>\n<link rel=\"canonical\" href=\"https:\/\/www.gecoexpo.com\/2021\/privacy-policy\/\" \/>\n<meta property=\"og:locale\" content=\"it_IT\" \/>\n<meta property=\"og:type\" content=\"article\" \/>\n<meta property=\"og:title\" content=\"Datenschutzrichtlinie - GECO EXPO\" \/>\n<meta property=\"og:description\" content=\"Datenschutzerkl\u00e4rung gem\u00e4\u00df Art. 12 ff. der EU-Verordnung 679\/2016 von SMART EVENTI S.R.L. SMART EVENTI S.R.L., Steuernummer und MwSt.-Nummer IT06997310963, mit Sitz in 20131 Mailand (MI), Viale Abruzzi n. 37, durch ihren gesetzlichen Vertreter pro tempore, informiert Sie dar\u00fcber, dass die Verarbeitung von personenbezogenen Daten (allg. Name, Vorname, E-Mail, &#8230;), die Sie uns bei der Anforderung [&hellip;]\" \/>\n<meta property=\"og:url\" content=\"https:\/\/www.gecoexpo.com\/2021\/de\/privacy-policy\/\" \/>\n<meta property=\"og:site_name\" content=\"Geco, I edizione la fiera virtuale sulla sostenibilit&agrave;\" \/>\n<meta property=\"article:modified_time\" content=\"2021-09-10T11:19:32+00:00\" \/>\n<meta property=\"og:image\" content=\"https:\/\/www.gecoexpo.com\/2021\/wp-content\/uploads\/2020\/07\/Logo-Geco-web_Tavola-disegno-1.png\" \/>\n\t<meta property=\"og:image:width\" content=\"960\" \/>\n\t<meta property=\"og:image:height\" content=\"560\" \/>\n<meta name=\"twitter:card\" content=\"summary_large_image\" \/>\n<meta name=\"twitter:label1\" content=\"Tempo di lettura stimato\">\n\t<meta name=\"twitter:data1\" content=\"5 minuti\">\n<script type=\"application\/ld+json\" class=\"yoast-schema-graph\">{\"@context\":\"https:\/\/schema.org\",\"@graph\":[{\"@type\":\"WebSite\",\"@id\":\"https:\/\/www.gecoexpo.com\/2021\/#website\",\"url\":\"https:\/\/www.gecoexpo.com\/2021\/\",\"name\":\"Geco, I edizione la fiera virtuale sulla sostenibilit&agrave;\",\"description\":\"Green tourism, mobility &amp; energy expo\",\"potentialAction\":[{\"@type\":\"SearchAction\",\"target\":\"https:\/\/www.gecoexpo.com\/2021\/?s={search_term_string}\",\"query-input\":\"required name=search_term_string\"}],\"inLanguage\":\"it-IT\"},{\"@type\":\"WebPage\",\"@id\":\"https:\/\/www.gecoexpo.com\/2021\/de\/privacy-policy\/#webpage\",\"url\":\"https:\/\/www.gecoexpo.com\/2021\/de\/privacy-policy\/\",\"name\":\"Datenschutzrichtlinie - GECO EXPO\",\"isPartOf\":{\"@id\":\"https:\/\/www.gecoexpo.com\/2021\/#website\"},\"datePublished\":\"2020-06-04T07:25:51+00:00\",\"dateModified\":\"2021-09-10T11:19:32+00:00\",\"breadcrumb\":{\"@id\":\"https:\/\/www.gecoexpo.com\/2021\/de\/privacy-policy\/#breadcrumb\"},\"inLanguage\":\"it-IT\",\"potentialAction\":[{\"@type\":\"ReadAction\",\"target\":[\"https:\/\/www.gecoexpo.com\/2021\/de\/privacy-policy\/\"]}]},{\"@type\":\"BreadcrumbList\",\"@id\":\"https:\/\/www.gecoexpo.com\/2021\/de\/privacy-policy\/#breadcrumb\",\"itemListElement\":[{\"@type\":\"ListItem\",\"position\":1,\"item\":{\"@type\":\"WebPage\",\"@id\":\"https:\/\/www.gecoexpo.com\/2021\/\",\"url\":\"https:\/\/www.gecoexpo.com\/2021\/\",\"name\":\"Home\"}},{\"@type\":\"ListItem\",\"position\":2,\"item\":{\"@id\":\"https:\/\/www.gecoexpo.com\/2021\/de\/privacy-policy\/#webpage\"}}]}]}<\/script>\n<!-- \/ Yoast SEO plugin. -->","_links":{"self":[{"href":"https:\/\/www.gecoexpo.com\/2021\/wp-json\/wp\/v2\/pages\/10074"}],"collection":[{"href":"https:\/\/www.gecoexpo.com\/2021\/wp-json\/wp\/v2\/pages"}],"about":[{"href":"https:\/\/www.gecoexpo.com\/2021\/wp-json\/wp\/v2\/types\/page"}],"author":[{"embeddable":true,"href":"https:\/\/www.gecoexpo.com\/2021\/wp-json\/wp\/v2\/users\/5"}],"replies":[{"embeddable":true,"href":"https:\/\/www.gecoexpo.com\/2021\/wp-json\/wp\/v2\/comments?post=10074"}],"version-history":[{"count":3,"href":"https:\/\/www.gecoexpo.com\/2021\/wp-json\/wp\/v2\/pages\/10074\/revisions"}],"predecessor-version":[{"id":10077,"href":"https:\/\/www.gecoexpo.com\/2021\/wp-json\/wp\/v2\/pages\/10074\/revisions\/10077"}],"wp:attachment":[{"href":"https:\/\/www.gecoexpo.com\/2021\/wp-json\/wp\/v2\/media?parent=10074"}],"curies":[{"name":"wp","href":"https:\/\/api.w.org\/{rel}","templated":true}]}}