{"id":10079,"date":"2020-10-13T00:26:08","date_gmt":"2020-10-12T22:26:08","guid":{"rendered":"https:\/\/www.gecoexpo.com\/2021\/privacy-policy-visitatore-e-buyer\/"},"modified":"2021-09-10T13:22:28","modified_gmt":"2021-09-10T11:22:28","slug":"privacy-policy-visitatore-e-buyer","status":"publish","type":"page","link":"https:\/\/www.gecoexpo.com\/2021\/de\/privacy-policy-visitatore-e-buyer\/","title":{"rendered":"Datenschutzrichtlinie Besucher und K\u00e4ufer"},"content":{"rendered":"<p style=\"text-align: center;\"><strong>Informationen gem\u00e4\u00df Artikel 13 und 14 ff. der EU-Verordnung Nr. 679\/2016 (sog. &#8220;GDPR&#8221;)<\/strong><\/p>\n<p style=\"text-align: center;\"><strong>von SMART EVENTI S.R.L.<\/strong><\/p>\n<p>Gem\u00e4\u00df Artikel 13 und 14 der EU-Datenschutzverordnung 679\/2016 (sog. &#8220;GDPR&#8221;) informieren wir Sie dar\u00fcber, dass die personenbezogenen Daten, die Sie als Besucher (zu verstehen als nat\u00fcrliche Person) oder K\u00e4ufer (zu verstehen als Gewerbetreibender) unserer Firma SMART EVENTI S.R.L. mitteilen, C.F. und P.I. 06997310963, mit Sitz in 20131 Mailand (MI), Viale Abruzzi Nr. 37, in der Person ihres gesetzlichen Vertreters, anl\u00e4sslich und zum Zwecke der Teilnahme an der virtuellen Messe GECO und den damit verbundenen Veranstaltungen, wie Round Tables und Smart Talk, die bei der Registrierung auf der Referenzseite erhoben werden, werden unter Einhaltung der Grunds\u00e4tze der Rechtm\u00e4\u00dfigkeit, Fairness, Korrektheit, Verh\u00e4ltnism\u00e4\u00dfigkeit, Notwendigkeit, Genauigkeit, Vollst\u00e4ndigkeit und Sicherheit sowie der sonstigen geltenden gesetzlichen Verpflichtungen verarbeitet.<\/p>\n<p style=\"text-align: center;\"><strong>1.ZWECK DER VERARBEITUNG.<\/strong><\/p>\n<p>Personenbezogene Daten werden zu den folgenden Zwecken und auf den folgenden Rechtsgrundlagen verarbeitet:<\/p>\n<p>i) Erf\u00fcllung vertraglicher Verpflichtungen: Es wird auf die bei der Registrierung auf der Website erfassten Daten verwiesen, die vom f\u00fcr die Verarbeitung Verantwortlichen verarbeitet werden k\u00f6nnen, um dem Besucher und\/oder dem K\u00e4ufer den Zugang zur Website selbst zu erm\u00f6glichen, auch in den ihnen vorbehaltenen Bereichen, f\u00fcr T\u00e4tigkeiten, die ausschlie\u00dflich mit der Erbringung der Dienstleistungen und Aktivit\u00e4ten der GECO-Messe verbunden sind, und f\u00fcr die Erf\u00fcllung der Verpflichtungen, die sich aus der virtuellen Teilnahme an der GECO-Messe und an damit verbundenen Veranstaltungen wie Round Tables und Smart Talks ergeben. Der Vertrag bildet die Rechtsgrundlage f\u00fcr die Verarbeitung. Nach Beendigung des Vertrags ist die Rechtsgrundlage die Erf\u00fcllung der gesetzlichen Verpflichtungen. Die Verarbeitung zu diesen Zwecken hat ihre Rechtsgrundlage in der Notwendigkeit, die mit der Registrierung eingegangenen Verpflichtungen und den zum Zeitpunkt der Registrierung geschlossenen Vertrag und\/oder die damit verbundenen rechtlichen Verpflichtungen zu erf\u00fcllen. F\u00fcr eine solche Verarbeitung ist Ihre vorherige Zustimmung nicht erforderlich, und es steht Ihnen frei, Ihre Daten nicht zur Verf\u00fcgung zu stellen. Wenn Sie dies jedoch tun, k\u00f6nnen wir Ihre Anmeldung nicht annehmen und den Vertrag nicht abschlie\u00dfen und\/oder unsere rechtlichen Verpflichtungen nicht erf\u00fcllen.<\/p>\n<p>ii) Werbezwecke: zur Durchf\u00fchrung von Werbema\u00dfnahmen durch Versendung von Newslettern, kommerziellen Mitteilungen, Werbung und Angeboten zum Verkauf von Produkten\/Dienstleistungen von SMART EVENTI S.R.L. Die Rechtsgrundlage f\u00fcr die Verarbeitung ist die Zustimmung, daher kann jede Weigerung, diese Daten ganz oder teilweise zu \u00fcbermitteln, oder jede Nichtgenehmigung ihrer Verarbeitung und\/oder Weitergabe an Dritte, die an der Werbema\u00dfnahme von SMART EVENTI S.R.L. beteiligt sind, dazu f\u00fchren, dass SMART EVENTI S.R.L. die Werbema\u00dfnahme und die Teilnahme an der Messe nicht durchf\u00fchren kann.<\/p>\n<p>iii) Werbezwecke f\u00fcr weitere Ausstellungen: kommerzielle Mitteilungen per Post, Telefon, automatische Anrufsysteme, Fax, E-Mail, SMS, MMS, auf weiteren Ausstellungen \u00dcbermittlung von Daten an andere Unternehmen, wie Organisatoren, Aussteller, Standbauer, qualifizierte Betreiber, die an den Ausstellungen beteiligt sind oder in anderen Sektoren t\u00e4tig sind, Sponsoren und Lieferanten von Smart Eventi S.r.l. f\u00fcr deren unabh\u00e4ngige Behandlung, als Eigent\u00fcmer. Die Rechtsgrundlage der Behandlung ist die Zustimmung, daher kann die Verweigerung der Zustimmung, ganz oder teilweise, oder die fehlende Genehmigung zur Behandlung und\/oder Weitergabe an Dritte, die an der Durchf\u00fchrung von Werbema\u00dfnahmen durch SMART EVENTI S.R.L. beteiligt sind, dazu f\u00fchren, dass SMART EVENTI S.R.L. keine Werbema\u00dfnahmen und keine Teilnahme an der Messe durchf\u00fchren kann.<\/p>\n<p>iv) Rechtliche Zwecke: zur Erf\u00fcllung der sich daraus ergebenden rechtlichen Verpflichtungen.<\/p>\n<p style=\"text-align: center;\"><strong>2. METHODEN DER VERARBEITUNG.<\/strong><\/p>\n<p>Die Verarbeitung der oben genannten Daten wird von f\u00f6rmlich benannten Verantwortlichen und Beauftragten durchgef\u00fchrt, die Instrumente und Hilfsmittel &#8211; auf Papier, magnetisch, elektronisch oder telematisch &#8211; verwenden, die geeignet sind, Sicherheit und Vertraulichkeit zu gew\u00e4hrleisten. Die Verarbeitung kann auch mit Hilfe automatisierter Instrumente erfolgen, die f\u00fcr die elektronische Speicherung, Verwaltung und \u00dcbermittlung der Daten bestimmt sind.<\/p>\n<p style=\"text-align: center;\"><strong>3. DIE RECHTE DER BETROFFENEN PARTEI.<\/strong><\/p>\n<p>3.1 In Bezug auf Ihre pers\u00f6nlichen Daten k\u00f6nnen Sie als betroffene Person eine schriftliche Mitteilung per E-Mail an die folgende Adresse senden: privacy@smarteventi.it an SMART EVENTI S.R.L., mit Sitz in 20131 Mailand (MI), Viale Abruzzi n. 37, in der Person des gesetzlichen Vertreters pro tempore:<\/p>\n<p>&#8211; von SMART EVENTI S.R.L. als dem f\u00fcr die Verarbeitung Verantwortlichen Zugang zu Ihren personenbezogenen Daten zu verlangen, sie zu berichtigen oder zu l\u00f6schen, ihre Verarbeitung einzuschr\u00e4nken oder ihrer Verarbeitung zu widersprechen (ex-Artikel 15, 16, 17, 18, 19, 21 EU-VO 679\/2016). Im Besonderen:<\/p>\n<p>* In Bezug auf die Berichtigung personenbezogener Daten haben Sie unter Ber\u00fccksichtigung der Zwecke der Verarbeitung das Recht, die Vervollst\u00e4ndigung unvollst\u00e4ndiger personenbezogener Daten zu erwirken, auch durch Abgabe einer erg\u00e4nzenden Erkl\u00e4rung;<\/p>\n<p>* In Bezug auf die Einschr\u00e4nkung der Verarbeitung haben Sie das Recht, diese zu erwirken, wenn einer der folgenden F\u00e4lle vorliegt: a) Sie bestreiten die Richtigkeit der personenbezogenen Daten f\u00fcr den Zeitraum, der f\u00fcr SMART EVENTI S.R.L. erforderlich ist. um die Richtigkeit dieser personenbezogenen Daten zu \u00fcberpr\u00fcfen; b) die Verarbeitung rechtswidrig ist und Sie der L\u00f6schung Ihrer personenbezogenen Daten widersprechen und stattdessen eine Einschr\u00e4nkung ihrer Verwendung verlangen; c) die personenbezogenen Daten zur Begr\u00fcndung, Aus\u00fcbung oder Verteidigung von Rechtsanspr\u00fcchen erforderlich sind, obwohl SMART EVENTI S.R.L. sie f\u00fcr die Verarbeitung nicht mehr ben\u00f6tigt;<\/p>\n<p>* Was die unverz\u00fcgliche L\u00f6schung personenbezogener Daten betrifft, so haben Sie das Recht, dass diese gel\u00f6scht werden, wenn einer der folgenden Gr\u00fcnde vorliegt: (a) die personenbezogenen Daten f\u00fcr die Zwecke, f\u00fcr die sie erhoben oder anderweitig verarbeitet wurden, nicht mehr erforderlich sind; b) Sie als betroffene Person die Einwilligung, auf die sich die Verarbeitung st\u00fctzt, widerrufen und es keine andere Rechtsgrundlage f\u00fcr die Verarbeitung gibt; c) die personenbezogenen Daten unrechtm\u00e4\u00dfig verarbeitet wurden; d) die personenbezogenen Daten gel\u00f6scht werden m\u00fcssen, um einer rechtlichen Verpflichtung nach dem Unionsrecht oder dem Recht der Mitgliedstaaten nachzukommen, dem die SMART EVENTI S. R.L. UNTERLIEGT;<\/p>\n<p>&#8211; die Sie betreffenden personenbezogenen Daten, die Sie einem Verantwortlichen bereitgestellt haben, in einem strukturierten, g\u00e4ngigen und maschinenlesbaren Format zu erhalten, und Sie haben das Recht, diese Daten einem anderen Verantwortlichen ohne Behinderung durch SMART EVENTI S.R.L. zu \u00fcbermitteln (sog. &#8220;Recht auf Daten\u00fcbertragbarkeit&#8221; ex Art. 20 EU-VO 679\/2016);<\/p>\n<p>&#8211; die Einwilligung jederzeit widerrufen, ohne dass die Rechtm\u00e4\u00dfigkeit der aufgrund der Einwilligung bis zum Widerruf erfolgten Verarbeitung ber\u00fchrt wird (ex Art. 8, Abs. 3, EU-VO 679\/2016).<\/p>\n<p>3.2 Ihre pers\u00f6nlichen Daten werden nicht verbreitet und nicht an Drittl\u00e4nder oder internationale Organisationen weitergegeben.<\/p>\n<p style=\"text-align: center;\"><strong>4.EIGENT\u00dcMER &#8211; EXTERNE F\u00dcR DIE DATENVERARBEITUNG VERANTWORTLICHE.<\/strong><\/p>\n<p>Der Inhaber der Datenverarbeitung ist SMART EVENTI S.R.L., C.F. und P.I. 06997310963, mit Sitz in 20131 Mailand (MI), Viale Abruzzi n. 37, in der Person seines gesetzlichen Vertreters pro tempore, der unter folgender Adresse erreichbar ist: privacy@smarteventi.it.<\/p>\n<p>Externe Datenverarbeiter sind:<\/p>\n<p>&#8211; Partner, die von SMART EVENTI f\u00fcr die Erbringung von Dienstleistungen f\u00fcr Kunden eingesetzt werden (z. B. Entwicklung\/Wartung von Websites, Anwendungen, Verwaltungs- und Buchhaltungssoftware und f\u00fcr den Versand von Newslettern).<\/p>\n<p style=\"text-align: center;\"><strong>5. DIE KOMMUNIKATION DER DATENVERARBEITUNG.<\/strong><\/p>\n<p>Unbeschadet der Mitteilungen, die in Erf\u00fcllung gesetzlicher Verpflichtungen erfolgen, k\u00f6nnen Ihre personenbezogenen Daten \u00fcbermittelt werden an<\/p>\n<p>&#8211; Angestellte\/Mitarbeiter von SMART EVENTI;<br \/>\n&#8211; Partner, die von SMART EVENTI f\u00fcr die Erbringung von Dienstleistungen f\u00fcr Kunden (z. B. Entwicklung\/Wartung von Websites, Anwendungen, Verwaltungs-, Buchhaltungs- und Versandsoftware) und Aussteller auf der Messe eingesetzt werden;<\/p>\n<p style=\"text-align: center;\"><strong>6. DAUER DER DATENSPEICHERUNG.<\/strong><\/p>\n<p>Die von Ihnen zur Verf\u00fcgung gestellten personenbezogenen (allgemeinen) Daten werden in einer Form gespeichert, die Ihre Identifizierung als betroffene Person erm\u00f6glicht:<\/p>\n<p>&#8211; f\u00fcr einen Zeitraum, der nicht \u00fcber die Erreichung des Vertragszwecks gem\u00e4\u00df Artikel 1 Buchstabe i hinausgeht, f\u00fcr den die Daten verarbeitet werden, mit Ausnahme der Erf\u00fcllung gesetzlicher Verpflichtungen;<\/p>\n<p>&#8211; bis zum Widerruf der Einwilligung f\u00fcr den Werbezweck gem. Art. 1 Buchst. (ii) und (iii), f\u00fcr den die Daten verarbeitet werden, mit Ausnahme der Erf\u00fcllung gesetzlicher Verpflichtungen.<\/p>\n<p>Es gibt kein automatisiertes System f\u00fcr die L\u00f6schung personenbezogener Daten nach Ablauf der Aufbewahrungsfrist, da die L\u00f6schung manuell erfolgt, sobald die rechtlichen Verpflichtungen, die sich aus der Beendigung des Vertrags ergeben, erf\u00fcllt sind.<\/p>\n<p style=\"text-align: center;\"><strong>7. BESCHWERDE<\/strong><\/p>\n<p>Wenn Sie der Meinung sind, dass die Verarbeitung gegen die EU-Verordnung 679\/2016 verst\u00f6\u00dft, haben Sie das Recht, eine Beschwerde bei einer Aufsichtsbeh\u00f6rde einzureichen, und zwar in dem Mitgliedstaat, in dem Sie Ihren gew\u00f6hnlichen Aufenthalt haben, arbeiten oder in dem der mutma\u00dfliche Versto\u00df erfolgt ist.<\/p>\n","protected":false},"excerpt":{"rendered":"<p>Informationen gem\u00e4\u00df Artikel 13 und 14 ff. der EU-Verordnung Nr. 679\/2016 (sog. &#8220;GDPR&#8221;) von SMART EVENTI S.R.L. Gem\u00e4\u00df Artikel 13 und 14 der EU-Datenschutzverordnung 679\/2016 (sog. &#8220;GDPR&#8221;) informieren wir Sie dar\u00fcber, dass die personenbezogenen Daten, die Sie als Besucher (zu verstehen als nat\u00fcrliche Person) oder K\u00e4ufer (zu verstehen als Gewerbetreibender) unserer Firma SMART EVENTI S.R.L. [&hellip;]<\/p>\n","protected":false},"author":2,"featured_media":0,"parent":0,"menu_order":0,"comment_status":"closed","ping_status":"closed","template":"","meta":[],"yoast_head":"<!-- This site is optimized with the Yoast SEO plugin v16.3 - https:\/\/yoast.com\/wordpress\/plugins\/seo\/ -->\n<meta name=\"robots\" content=\"index, follow, max-snippet:-1, max-image-preview:large, max-video-preview:-1\" \/>\n<link rel=\"canonical\" href=\"https:\/\/www.gecoexpo.com\/2021\/privacy-policy-visitatore-e-buyer\/\" \/>\n<meta property=\"og:locale\" content=\"it_IT\" \/>\n<meta property=\"og:type\" content=\"article\" \/>\n<meta property=\"og:title\" content=\"Datenschutzrichtlinie Besucher und K\u00e4ufer - Geco, I edizione la fiera virtuale sulla sostenibilit&agrave;\" \/>\n<meta property=\"og:description\" content=\"Informationen gem\u00e4\u00df Artikel 13 und 14 ff. der EU-Verordnung Nr. 679\/2016 (sog. &#8220;GDPR&#8221;) von SMART EVENTI S.R.L. Gem\u00e4\u00df Artikel 13 und 14 der EU-Datenschutzverordnung 679\/2016 (sog. &#8220;GDPR&#8221;) informieren wir Sie dar\u00fcber, dass die personenbezogenen Daten, die Sie als Besucher (zu verstehen als nat\u00fcrliche Person) oder K\u00e4ufer (zu verstehen als Gewerbetreibender) unserer Firma SMART EVENTI S.R.L. [&hellip;]\" \/>\n<meta property=\"og:url\" content=\"https:\/\/www.gecoexpo.com\/2021\/de\/privacy-policy-visitatore-e-buyer\/\" \/>\n<meta property=\"og:site_name\" content=\"Geco, I edizione la fiera virtuale sulla sostenibilit&agrave;\" \/>\n<meta property=\"article:modified_time\" content=\"2021-09-10T11:22:28+00:00\" \/>\n<meta property=\"og:image\" content=\"https:\/\/www.gecoexpo.com\/2021\/wp-content\/uploads\/2020\/07\/Logo-Geco-web_Tavola-disegno-1.png\" \/>\n\t<meta property=\"og:image:width\" content=\"960\" \/>\n\t<meta property=\"og:image:height\" content=\"560\" \/>\n<meta name=\"twitter:card\" content=\"summary_large_image\" \/>\n<meta name=\"twitter:label1\" content=\"Tempo di lettura stimato\">\n\t<meta name=\"twitter:data1\" content=\"6 minuti\">\n<script type=\"application\/ld+json\" class=\"yoast-schema-graph\">{\"@context\":\"https:\/\/schema.org\",\"@graph\":[{\"@type\":\"WebSite\",\"@id\":\"https:\/\/www.gecoexpo.com\/2021\/#website\",\"url\":\"https:\/\/www.gecoexpo.com\/2021\/\",\"name\":\"Geco, I edizione la fiera virtuale sulla sostenibilit&agrave;\",\"description\":\"Green tourism, mobility &amp; energy expo\",\"potentialAction\":[{\"@type\":\"SearchAction\",\"target\":\"https:\/\/www.gecoexpo.com\/2021\/?s={search_term_string}\",\"query-input\":\"required name=search_term_string\"}],\"inLanguage\":\"it-IT\"},{\"@type\":\"WebPage\",\"@id\":\"https:\/\/www.gecoexpo.com\/2021\/de\/privacy-policy-visitatore-e-buyer\/#webpage\",\"url\":\"https:\/\/www.gecoexpo.com\/2021\/de\/privacy-policy-visitatore-e-buyer\/\",\"name\":\"Datenschutzrichtlinie Besucher und K\\u00e4ufer - Geco, I edizione la fiera virtuale sulla sostenibilit&agrave;\",\"isPartOf\":{\"@id\":\"https:\/\/www.gecoexpo.com\/2021\/#website\"},\"datePublished\":\"2020-10-12T22:26:08+00:00\",\"dateModified\":\"2021-09-10T11:22:28+00:00\",\"breadcrumb\":{\"@id\":\"https:\/\/www.gecoexpo.com\/2021\/de\/privacy-policy-visitatore-e-buyer\/#breadcrumb\"},\"inLanguage\":\"it-IT\",\"potentialAction\":[{\"@type\":\"ReadAction\",\"target\":[\"https:\/\/www.gecoexpo.com\/2021\/de\/privacy-policy-visitatore-e-buyer\/\"]}]},{\"@type\":\"BreadcrumbList\",\"@id\":\"https:\/\/www.gecoexpo.com\/2021\/de\/privacy-policy-visitatore-e-buyer\/#breadcrumb\",\"itemListElement\":[{\"@type\":\"ListItem\",\"position\":1,\"item\":{\"@type\":\"WebPage\",\"@id\":\"https:\/\/www.gecoexpo.com\/2021\/\",\"url\":\"https:\/\/www.gecoexpo.com\/2021\/\",\"name\":\"Home\"}},{\"@type\":\"ListItem\",\"position\":2,\"item\":{\"@id\":\"https:\/\/www.gecoexpo.com\/2021\/de\/privacy-policy-visitatore-e-buyer\/#webpage\"}}]}]}<\/script>\n<!-- \/ Yoast SEO plugin. -->","_links":{"self":[{"href":"https:\/\/www.gecoexpo.com\/2021\/wp-json\/wp\/v2\/pages\/10079"}],"collection":[{"href":"https:\/\/www.gecoexpo.com\/2021\/wp-json\/wp\/v2\/pages"}],"about":[{"href":"https:\/\/www.gecoexpo.com\/2021\/wp-json\/wp\/v2\/types\/page"}],"author":[{"embeddable":true,"href":"https:\/\/www.gecoexpo.com\/2021\/wp-json\/wp\/v2\/users\/2"}],"replies":[{"embeddable":true,"href":"https:\/\/www.gecoexpo.com\/2021\/wp-json\/wp\/v2\/comments?post=10079"}],"version-history":[{"count":2,"href":"https:\/\/www.gecoexpo.com\/2021\/wp-json\/wp\/v2\/pages\/10079\/revisions"}],"predecessor-version":[{"id":10080,"href":"https:\/\/www.gecoexpo.com\/2021\/wp-json\/wp\/v2\/pages\/10079\/revisions\/10080"}],"wp:attachment":[{"href":"https:\/\/www.gecoexpo.com\/2021\/wp-json\/wp\/v2\/media?parent=10079"}],"curies":[{"name":"wp","href":"https:\/\/api.w.org\/{rel}","templated":true}]}}