{"id":10157,"date":"2020-09-09T14:28:25","date_gmt":"2020-09-09T12:28:25","guid":{"rendered":"https:\/\/www.gecoexpo.com\/2021\/comunicati-stampa\/"},"modified":"2021-11-08T17:09:07","modified_gmt":"2021-11-08T16:09:07","slug":"communiques-de-presse","status":"publish","type":"page","link":"https:\/\/www.gecoexpo.com\/2021\/fr\/communiques-de-presse\/","title":{"rendered":"COMMUNIQU\u00c9S DE PRESSE"},"content":{"rendered":"<h3 style=\"text-align: center;\"><a href=\"https:\/\/www.gecoexpo.com\/2021\/comunicati-stampa\/eng\/press-release-GECO-02-02-21.pdf\" target=\"_blank\" rel=\"noopener noreferrer\"><strong>Communiqu\u00e9 de presse 02\/02\/2021<\/strong><\/a><\/h3>\n<h3 style=\"text-align: center;\"><a href=\"https:\/\/www.gecoexpo.com\/2021\/comunicati-stampa\/eng\/press-release-start-GECO-25012021.pdf\" target=\"_blank\" rel=\"noopener noreferrer\"><strong>Communiqu\u00e9 de presse 25\/01\/2021<\/strong><\/a><\/h3>\n<h3 style=\"text-align: center;\"><a href=\"https:\/\/www.gecoexpo.com\/2021\/comunicati-stampa\/eng\/press-release-GECO-Contest11-01-21.pdf\" target=\"_blank\" rel=\"noopener noreferrer\"><strong>Communiqu\u00e9 de presse 11\/01\/2021<\/strong><\/a><\/h3>\n<h3 style=\"text-align: center;\"><a href=\"https:\/\/www.gecoexpo.com\/2021\/comunicati-stampa\/eng\/press-release-GECO-21-12-2020.pdf\" target=\"_blank\" rel=\"noopener noreferrer\"><strong>Communiqu\u00e9 de presse 21\/12\/2020<\/strong><\/a><\/h3>\n<h3 style=\"text-align: center;\"><a href=\"https:\/\/www.gecoexpo.com\/2021\/comunicati-stampa\/eng\/press-release-GECO-11-09-2020.pdf\" target=\"_blank\" rel=\"noopener noreferrer\"><strong>Communiqu\u00e9 de presse 11\/09\/2020<\/strong><\/a><\/h3>\n<h4 style=\"text-align: center;\"><a href=\"https:\/\/drive.google.com\/drive\/folders\/1cGGKSmTvvuJL6ZbGVxCNI_-yPT-7HPv0\">T<b>\u00c9L<\/b><b>\u00c9<\/b>CHARGEZ LES COMMUNIQU<b>\u00c9<\/b>S DE PRESSE<\/a><\/h4>\n","protected":false},"excerpt":{"rendered":"<p>Communiqu\u00e9 de presse 02\/02\/2021 Communiqu\u00e9 de presse 25\/01\/2021 Communiqu\u00e9 de presse 11\/01\/2021 Communiqu\u00e9 de presse 21\/12\/2020 Communiqu\u00e9 de presse 11\/09\/2020 T\u00c9L\u00c9CHARGEZ LES COMMUNIQU\u00c9S DE PRESSE<\/p>\n","protected":false},"author":4,"featured_media":0,"parent":0,"menu_order":0,"comment_status":"closed","ping_status":"closed","template":"","meta":[],"yoast_head":"<!-- This site is optimized with the Yoast SEO plugin v16.3 - https:\/\/yoast.com\/wordpress\/plugins\/seo\/ -->\n<meta name=\"description\" content=\"Restez au courant de toutes les nouvelles de GECO, le plus grand salon virtuel sur l&#039;\u00e9cotourisme, l&#039;\u00e9nergie et la mobilit\u00e9 en Italie. T\u00e9l\u00e9chargez notre contenu.\" \/>\n<meta name=\"robots\" content=\"index, follow, max-snippet:-1, max-image-preview:large, max-video-preview:-1\" \/>\n<link rel=\"canonical\" href=\"https:\/\/www.gecoexpo.com\/2021\/communiques-de-presse\/\" \/>\n<meta property=\"og:locale\" content=\"it_IT\" \/>\n<meta property=\"og:type\" content=\"article\" \/>\n<meta property=\"og:title\" content=\"Tous les communiqu\u00e9s de presse de Geco Expo\" \/>\n<meta property=\"og:description\" content=\"Restez au courant de toutes les nouvelles de GECO, le plus grand salon virtuel sur l&#039;\u00e9cotourisme, l&#039;\u00e9nergie et la mobilit\u00e9 en Italie. T\u00e9l\u00e9chargez notre contenu.\" \/>\n<meta property=\"og:url\" content=\"https:\/\/www.gecoexpo.com\/2021\/fr\/communiques-de-presse\/\" \/>\n<meta property=\"og:site_name\" content=\"Geco, I edizione la fiera virtuale sulla sostenibilit&agrave;\" \/>\n<meta property=\"article:modified_time\" content=\"2021-11-08T16:09:07+00:00\" \/>\n<meta property=\"og:image\" content=\"https:\/\/www.gecoexpo.com\/2021\/wp-content\/uploads\/2020\/07\/Logo-Geco-web_Tavola-disegno-1.png\" \/>\n\t<meta property=\"og:image:width\" content=\"960\" \/>\n\t<meta property=\"og:image:height\" content=\"560\" \/>\n<meta name=\"twitter:card\" content=\"summary_large_image\" \/>\n<meta name=\"twitter:label1\" content=\"Tempo di lettura stimato\">\n\t<meta name=\"twitter:data1\" content=\"1 minuto\">\n<script type=\"application\/ld+json\" class=\"yoast-schema-graph\">{\"@context\":\"https:\/\/schema.org\",\"@graph\":[{\"@type\":\"WebSite\",\"@id\":\"https:\/\/www.gecoexpo.com\/2021\/#website\",\"url\":\"https:\/\/www.gecoexpo.com\/2021\/\",\"name\":\"Geco, I edizione la fiera virtuale sulla sostenibilit&agrave;\",\"description\":\"Green tourism, mobility &amp; energy expo\",\"potentialAction\":[{\"@type\":\"SearchAction\",\"target\":\"https:\/\/www.gecoexpo.com\/2021\/?s={search_term_string}\",\"query-input\":\"required name=search_term_string\"}],\"inLanguage\":\"it-IT\"},{\"@type\":\"WebPage\",\"@id\":\"https:\/\/www.gecoexpo.com\/2021\/fr\/communiques-de-presse\/#webpage\",\"url\":\"https:\/\/www.gecoexpo.com\/2021\/fr\/communiques-de-presse\/\",\"name\":\"Tous les communiqu\\u00e9s de presse de Geco Expo\",\"isPartOf\":{\"@id\":\"https:\/\/www.gecoexpo.com\/2021\/#website\"},\"datePublished\":\"2020-09-09T12:28:25+00:00\",\"dateModified\":\"2021-11-08T16:09:07+00:00\",\"description\":\"Restez au courant de toutes les nouvelles de GECO, le plus grand salon virtuel sur l'\\u00e9cotourisme, l'\\u00e9nergie et la mobilit\\u00e9 en Italie. T\\u00e9l\\u00e9chargez notre contenu.\",\"breadcrumb\":{\"@id\":\"https:\/\/www.gecoexpo.com\/2021\/fr\/communiques-de-presse\/#breadcrumb\"},\"inLanguage\":\"it-IT\",\"potentialAction\":[{\"@type\":\"ReadAction\",\"target\":[\"https:\/\/www.gecoexpo.com\/2021\/fr\/communiques-de-presse\/\"]}]},{\"@type\":\"BreadcrumbList\",\"@id\":\"https:\/\/www.gecoexpo.com\/2021\/fr\/communiques-de-presse\/#breadcrumb\",\"itemListElement\":[{\"@type\":\"ListItem\",\"position\":1,\"item\":{\"@type\":\"WebPage\",\"@id\":\"https:\/\/www.gecoexpo.com\/2021\/\",\"url\":\"https:\/\/www.gecoexpo.com\/2021\/\",\"name\":\"Home\"}},{\"@type\":\"ListItem\",\"position\":2,\"item\":{\"@id\":\"https:\/\/www.gecoexpo.com\/2021\/fr\/communiques-de-presse\/#webpage\"}}]}]}<\/script>\n<!-- \/ Yoast SEO plugin. -->","_links":{"self":[{"href":"https:\/\/www.gecoexpo.com\/2021\/wp-json\/wp\/v2\/pages\/10157"}],"collection":[{"href":"https:\/\/www.gecoexpo.com\/2021\/wp-json\/wp\/v2\/pages"}],"about":[{"href":"https:\/\/www.gecoexpo.com\/2021\/wp-json\/wp\/v2\/types\/page"}],"author":[{"embeddable":true,"href":"https:\/\/www.gecoexpo.com\/2021\/wp-json\/wp\/v2\/users\/4"}],"replies":[{"embeddable":true,"href":"https:\/\/www.gecoexpo.com\/2021\/wp-json\/wp\/v2\/comments?post=10157"}],"version-history":[{"count":6,"href":"https:\/\/www.gecoexpo.com\/2021\/wp-json\/wp\/v2\/pages\/10157\/revisions"}],"predecessor-version":[{"id":10849,"href":"https:\/\/www.gecoexpo.com\/2021\/wp-json\/wp\/v2\/pages\/10157\/revisions\/10849"}],"wp:attachment":[{"href":"https:\/\/www.gecoexpo.com\/2021\/wp-json\/wp\/v2\/media?parent=10157"}],"curies":[{"name":"wp","href":"https:\/\/api.w.org\/{rel}","templated":true}]}}