{"id":10163,"date":"2020-06-18T10:53:10","date_gmt":"2020-06-18T08:53:10","guid":{"rendered":"https:\/\/www.gecoexpo.com\/2021\/cookie-policy\/"},"modified":"2021-10-01T12:03:42","modified_gmt":"2021-10-01T10:03:42","slug":"cookie-politique-en-matiere-de-cookies","status":"publish","type":"page","link":"https:\/\/www.gecoexpo.com\/2021\/fr\/cookie-politique-en-matiere-de-cookies\/","title":{"rendered":"Politique en mati\u00e8re de cookies"},"content":{"rendered":"<p><span style=\"text-decoration: underline;\"><strong>Politique en mati\u00e8re de cookies<\/strong><\/span><\/p>\n<p><span style=\"text-decoration: underline;\"><strong>Informations conform\u00e9ment \u00e0 &#8220;l&#8217;art. 12 et seq Reg. EU 679\/2016 par SMART EVENTI S.R.L. pour l&#8217;acc\u00e8s et la navigation sur ce site web.<\/strong><\/span><\/p>\n<p>&nbsp;<\/p>\n<p><strong>SMART EVENTI S.R.L<\/strong>., C.F. et P.I. 06997310963, ayant son si\u00e8ge social \u00e0 20131 Milan (MI), viale Abruzzi n. 37, en la personne de son repr\u00e9sentant l\u00e9gal pro tempore,<\/p>\n<p><strong>INFORME L&#8217;UTILISATEUR<\/strong><\/p>\n<p>que lors de l&#8217;acc\u00e8s et de la navigation sur ce site web (ci-apr\u00e8s, par souci de bri\u00e8vet\u00e9, le &#8220;Site&#8221;), des <span style=\"text-decoration: underline;\"><strong>cookies<\/strong><\/span> peuvent \u00eatre collect\u00e9s et trait\u00e9s, c&#8217;est-\u00e0-dire des petites cha\u00eenes de texte envoy\u00e9es uniquement et exclusivement par le Site \u00e0 votre terminal (g\u00e9n\u00e9ralement \u00e0 votre navigateur), o\u00f9 elles seront stock\u00e9es puis transmises au Site lors de votre prochaine visite.<\/p>\n<p>Conform\u00e9ment \u00e0 l&#8217;art. 12 et suivants du R\u00e8glement UE 679\/2016 et \u00e0 l&#8217;art. 122, co. 1, Code de la confidentialit\u00e9, au nom de <strong>SMART EVENTI S.R.L.<\/strong>, nous vous fournissons les informations suivantes.<\/p>\n<p>Les types de cookies utilis\u00e9s sont les suivants :<\/p>\n<ul>\n<li><strong>cookies techniques<\/strong> : utilis\u00e9s dans le seul but de &#8220;r\u00e9aliser la transmission d&#8217;une communication sur un r\u00e9seau de communication \u00e9lectronique, ou dans la mesure strictement n\u00e9cessaire au fournisseur d&#8217;un service de la soci\u00e9t\u00e9 de l&#8217;information explicitement sollicit\u00e9 par l&#8217;abonn\u00e9 ou l&#8217;utilisateur pour fournir ce service&#8221; (voir article 122, paragraphe 1, du code de la vie priv\u00e9e).<\/li>\n<li><strong>les cookies de profilage<\/strong> : ils visent \u00e0 cr\u00e9er des profils relatifs \u00e0 l&#8217;utilisateur et sont utilis\u00e9s pour l&#8217;envoi de messages. pubblicitari in linea con le preferenze manifestate dallo stesso nell\u2019ambito della navigazione in rete (cfr. art. 122 Codice Privacy).<\/li>\n<\/ul>\n<p>&nbsp;<\/p>\n<p><u><strong>A<\/strong><\/u>. <span style=\"text-decoration: underline;\"><strong>Finalit\u00e9s du traitement<\/strong> <\/span>&#8211; Les <span style=\"text-decoration: underline;\">cookies<\/span> seront trait\u00e9s aux fins suivantes:<\/p>\n<p>1. <span style=\"text-decoration: underline;\"><strong>[objectif technique]<\/strong><\/span> pour les <span style=\"text-decoration: underline;\">cookies techniques<\/span> uniquement:<\/p>\n<p>&#8211; pour assurer une navigation et une utilisation normales du site (cookies dits de navigation ou de session);<\/p>\n<p>&#8211; pour collecter des informations, sous forme agr\u00e9g\u00e9e, sur le nombre d&#8217;utilisateurs et la mani\u00e8re dont ils visitent le site (cookies dits d&#8217;analyse).;<\/p>\n<p>&#8211; pour permettre \u00e0 l&#8217;Utilisateur de naviguer sur le Site en fonction d&#8217;un certain nombre de crit\u00e8res s\u00e9lectionn\u00e9s (par exemple, la langue) afin d&#8217;am\u00e9liorer le service fourni \u00e0 l&#8217;Utilisateur (cookies dits de fonctionnalit\u00e9).<strong>\u00a0<\/strong><\/p>\n<p>2.<strong> [\u00e0 des fins dites de profilage] e<\/strong>n ce qui concerne les cookies de profilage uniquement, pour cr\u00e9er des profils de l&#8217;Utilisateur et envoyer des messages publicitaires (newsletters) en fonction des pr\u00e9f\u00e9rences exprim\u00e9es par l&#8217;Utilisateur lors de sa navigation sur le Site conform\u00e9ment \u00e0 l&#8217;article 122, alin\u00e9a 1, du Code de la vie priv\u00e9e.<br \/>\n3. <strong>[finalit\u00e9s l\u00e9gales]<\/strong>\u00a0pour remplir les obligations l\u00e9gales qui en d\u00e9coulent.<\/p>\n<p>&nbsp;<\/p>\n<p><strong>B<\/strong>. <span style=\"text-decoration: underline;\"><strong>M\u00c9THODES DE TRAITEMENT\u00a0<\/strong><\/span>\u2013 Le traitement des cookies sera effectu\u00e9 par des responsables et des gestionnaires formellement identifi\u00e9s qui utiliseront des instruments et des supports &#8211; papier, magn\u00e9tique, informatique ou t\u00e9l\u00e9matique &#8211; aptes \u00e0 garantir la s\u00e9curit\u00e9 et la confidentialit\u00e9. Les donn\u00e9es peuvent \u00e9galement \u00eatre trait\u00e9es \u00e0 l&#8217;aide d&#8217;outils automatis\u00e9s pour le stockage, la gestion et la transmission des donn\u00e9es par voie \u00e9lectronique. Les bases de donn\u00e9es sont stock\u00e9es dans des environnements prot\u00e9g\u00e9s dont l&#8217;acc\u00e8s est contr\u00f4l\u00e9 en permanence et conform\u00e9ment aux dispositions du code de la vie priv\u00e9e.<\/p>\n<p>&nbsp;<\/p>\n<p><strong>C<\/strong>. <span style=\"text-decoration: underline;\"><strong>LA NATURE DU TRAITEMENT<\/strong><\/span> &#8211; La nature de la prestation est respectivement:<\/p>\n<p>&#8211; <span style=\"text-decoration: underline;\"><strong>COMPULSIF<\/strong><\/span>, en ce qui concerne l&#8217;objectif technique sub 1). Par cons\u00e9quent, tout refus de les fournir, en tout ou en partie, ou tout d\u00e9faut d&#8217;autorisation de leur traitement et\/ou de leur communication \u00e0 des tiers, peut entra\u00eener l&#8217;impossibilit\u00e9 pour <strong>SMART EVENTI S.R.L.<\/strong> de permettre \u00e0 l&#8217;Utilisateur l&#8217;acc\u00e8s et l&#8217;utilisation du Site.<\/p>\n<p>&#8211; <span style=\"text-decoration: underline;\"><strong>OPTIONNEL<\/strong><\/span> en ce qui concerne la finalit\u00e9 dite de profilage sub 2).\u00a0Par cons\u00e9quent, tout refus de les fournir, en tout ou en partie, ou tout manquement \u00e0 l&#8217;autorisation de leur traitement et\/ou de leur communication \u00e0 des tiers, entra\u00eenera l&#8217;impossibilit\u00e9 pour<strong> SMART EVENTI S.R.L.<\/strong> d&#8217;effectuer l&#8217;activit\u00e9 de profilage.<\/p>\n<p>&nbsp;<\/p>\n<p><strong>D.<\/strong> <span style=\"text-decoration: underline;\"><strong>DROITS DE LA PERSONNE CONCERN\u00c9E<\/strong><\/span>.<\/p>\n<p>En ce qui concerne les cookies, la personne concern\u00e9e\/l&#8217;utilisateur peut \u00e9galement :<\/p>\n<ul>\n<li>refuser, \u00e0 tout moment, votre consentement \u00e0 l&#8217;installation de cookies de profilage;<\/li>\n<li>exprimer leurs options concernant l&#8217;utilisation des cookies par le Site \u00e0 travers les param\u00e8tres du navigateur conform\u00e9ment aux dispositions de l&#8217;article 122, alin\u00e9a 2 du Code de la vie priv\u00e9e.<\/li>\n<\/ul>\n<p>En particulier, lorsque les technologies utilis\u00e9es par le Site sont compatibles avec la version du navigateur utilis\u00e9 par l&#8217;Utilisateur, le lien vers la section du navigateur d\u00e9di\u00e9e aux param\u00e8tres susmentionn\u00e9s est fourni :<\/p>\n<p>Internet Explorer &#8211; Google Chrome &#8211; Mozilla Firefox &#8211; Safari 6.<\/p>\n<p>&nbsp;<\/p>\n<p><strong>E.<\/strong> <span style=\"text-decoration: underline;\"><strong>COMMUNICATION DU TRAITEMENT<\/strong><\/span>\u00a0\u2013 Sans pr\u00e9judice des communications et diffusions effectu\u00e9es en ex\u00e9cution des obligations l\u00e9gales, les donn\u00e9es pourront \u00eatre communiqu\u00e9es en Italie \u00e0:<\/p>\n<p>Fournisseurs de services et de contenus (fournisseurs de services et de communications \u00e9lectroniques).<\/p>\n<p>&nbsp;<\/p>\n<p><strong>F.<\/strong> <span style=\"text-decoration: underline;\"><strong>PROPRI\u00c9TAIRE ET RESPONSABLE DU TRAITEMENT DES DONN\u00c9ES \u00c0 CARACT\u00c8RE PERSONNEL<\/strong><\/span> \u2013 Le contr\u00f4leur des donn\u00e9es des cookies est <strong>SMART EVENTI S.R.L.<\/strong><\/p>\n<p>La liste compl\u00e8te et mise \u00e0 jour des sujets d\u00e9sign\u00e9s comme responsables du traitement des donn\u00e9es est disponible, sur demande, au si\u00e8ge social de <strong>SMART EVENTI S.R.L.<\/strong>, C.F. et P.I. 06997310963, dont le si\u00e8ge est situ\u00e9 \u00e0 20131 Milan (MI), viale Abruzzi n. 37.<\/p>\n<p>&nbsp;<\/p>\n<p><span style=\"text-decoration: underline;\"><strong>LES COOKIES DE PROFILAGE UTILIS\u00c9S PAR LE SITE<\/strong><\/span> :<\/p>\n<p><strong>Cookies de profilage de tiers:<\/strong><\/p>\n<p>\u2043 <strong>Facebook (bouton &#8220;Like&#8221; et widgets sociaux Facebook (Facebook, Inc.)<\/strong>: Le bouton &#8220;J&#8217;aime&#8221; et les widgets sociaux de Facebook sont des services d&#8217;interaction avec le r\u00e9seau social Facebook, fournis par Facebook, Inc. Lieu de transformation : USA \u2013 <a href=\"https:\/\/www.facebook.com\/privacy\/explanation\/\" target=\"_blank\" rel=\"noopener noreferrer\">Privacy Policy<\/a>\u00a0.<\/p>\n<p>\u2043\u00a0<strong>Youtube (Bouton social et widgets YouTube (Google Inc.)<\/strong>: Le bouton social et les widgets YouTube sont des services d&#8217;interaction avec le r\u00e9seau social YouTube, fournis par Google Inc. Lieu de transformation : USA \u2013 <a href=\"https:\/\/policies.google.com\/privacy?hl=it\" target=\"_blank\" rel=\"noopener noreferrer\">Privacy Policy<\/a>\u00a0.<\/p>\n<p>&#8211;\u00a0<strong>Instagram (Bouton social et widgets Instagram (Facebook, Inc.)<\/strong>: Le bouton social et les widgets Instagram sont des services permettant d&#8217;interagir avec le r\u00e9seau social Instagram, fourni par Facebook, Inc. Lieu de transformation : USA \u2013 <a href=\"https:\/\/help.instagram.com\/519522125107875\" target=\"_blank\" rel=\"noopener noreferrer\">https:\/\/help.instagram.com\/519522125107875<\/a><\/p>\n<p>&#8211;\u00a0<strong>Twitter (Bouton social et widgets Twitter (Twitter, Inc.)<\/strong>: Le bouton social et les widgets Twitter sont des services d&#8217;interaction avec le r\u00e9seau social Twitter , Inc. Lieu de transformation : USA \u2013 <a href=\"https:\/\/twitter.com\/it\/privacy\" target=\"_blank\" rel=\"noopener noreferrer\">https:\/\/twitter.com\/it\/privacy<\/a><\/p>\n<p>&#8211;\u00a0<strong>LinkedIn (Bouton social et widgets LinkedIn (Microsoft Corporation)<\/strong>: Le bouton social LinkedIn et les widgets sont des services d&#8217;interaction avec le r\u00e9seau social LinkedIn &#8211; Lieu de traitement : USA \u2013 <a href=\"https:\/\/www.linkedin.com\/legal\/privacy-policy?trk=uno-reg-guest-home-privacy-policy\" target=\"_blank\" rel=\"noopener noreferrer\">https:\/\/www.linkedin.com\/legal\/privacy-policy?trk=uno-reg-guest-home-privacy-policy<\/a><\/p>\n<p>\u2043\u00a0<strong>Google reCAPTCHA (Google Inc.):<\/strong> Google reCAPTCHA est un service de protection contre le spam fourni par Google Inc. L&#8217;utilisation du syst\u00e8me reCAPTCHA est soumise aux <a href=\"https:\/\/policies.google.com\/privacy?hl=it\" target=\"_blank\" rel=\"noopener\"><span style=\"text-decoration: underline;\">r\u00e8gles de confidentialit\u00e9<\/span><\/a> et aux <span style=\"text-decoration: underline;\"><a href=\"https:\/\/policies.google.com\/terms?hl=it\">conditions d&#8217;utilisation<\/a><\/span> de Google. Lieu de traitement : USA &#8211;\u00a0<a href=\"https:\/\/policies.google.com\/privacy?hl=it\" target=\"_blank\" rel=\"noopener noreferrer\">Privacy Policy<\/a>\u00a0.<\/p>\n<p>\u2043\u00a0<strong>Google Analytics (Google Inc.)<\/strong>: Google Analytics est un service d&#8217;analyse du Web fourni par Google Inc. (&#8220;Google&#8221;). Google utilise les donn\u00e9es personnelles collect\u00e9es afin de suivre et d&#8217;examiner l&#8217;utilisation de cette application, de compiler des rapports et de les partager avec d&#8217;autres services d\u00e9velopp\u00e9s par Google.\u2028Google peut utiliser les donn\u00e9es personnelles pour contextualiser et personnaliser les annonces de son r\u00e9seau publicitaire. Lieu de transformation : USA \u2013 <a href=\"https:\/\/policies.google.com\/privacy?hl=it\" target=\"_blank\" rel=\"noopener noreferrer\">Privacy Policy<\/a>\u00a0\u2013\u00a0<a href=\"https:\/\/tools.google.com\/dlpage\/gaoptout?hl=it\/\" target=\"_blank\" rel=\"noopener noreferrer\">Opt Out<\/a>.<\/p>\n<p>\u2043\u00a0<strong>Widget Instagram (Instagram, Inc.)<\/strong>: Instagram est un service d&#8217;affichage d&#8217;images exploit\u00e9 par Instagram, Inc. qui permet \u00e0 cette Application d&#8217;int\u00e9grer ce type de contenu dans ses pages. Lieu de transformation : USA \u2013 <a href=\"https:\/\/help.instagram.com\/519522125107875\" target=\"_blank\" rel=\"noopener noreferrer\">Privacy Policy<\/a>\u00a0.<\/p>\n<p>\u2043 <strong>Widget Video YouTube (Google Inc.)<\/strong>: YouTube est un service d&#8217;affichage de contenu vid\u00e9o exploit\u00e9 par Google Inc. qui permet \u00e0 cette application d&#8217;int\u00e9grer ce contenu dans ses pages. Lieu de transformation : USA \u2013 <a href=\"https:\/\/policies.google.com\/privacy?hl=it&amp;gl=it\" target=\"_blank\" rel=\"noopener noreferrer\">Privacy Policy<\/a>\u00a0.<\/p>\n<p>Cette page est visible, par le biais d&#8217;un lien en bas de toutes les pages du Site conform\u00e9ment \u00e0 l&#8217;art. 122, co. 2, du d\u00e9cret l\u00e9gislatif 196\/2003 et suivant les proc\u00e9dures simplifi\u00e9es d&#8217;information et d&#8217;acquisition du consentement pour l&#8217;utilisation de cookies publi\u00e9es au Journal officiel n\u00b0 126 du 3 juin 2014 et son registre de dispositions n\u00b0 229 du 8 mai 2014.<\/p>\n","protected":false},"excerpt":{"rendered":"<p>Politique en mati\u00e8re de cookies Informations conform\u00e9ment \u00e0 &#8220;l&#8217;art. 12 et seq Reg. EU 679\/2016 par SMART EVENTI S.R.L. pour l&#8217;acc\u00e8s et la navigation sur ce site web. &nbsp; SMART EVENTI S.R.L., C.F. et P.I. 06997310963, ayant son si\u00e8ge social \u00e0 20131 Milan (MI), viale Abruzzi n. 37, en la personne de son repr\u00e9sentant l\u00e9gal [&hellip;]<\/p>\n","protected":false},"author":2,"featured_media":0,"parent":0,"menu_order":0,"comment_status":"closed","ping_status":"closed","template":"","meta":[],"yoast_head":"<!-- This site is optimized with the Yoast SEO plugin v16.3 - https:\/\/yoast.com\/wordpress\/plugins\/seo\/ -->\n<meta name=\"robots\" content=\"index, follow, max-snippet:-1, max-image-preview:large, max-video-preview:-1\" \/>\n<link rel=\"canonical\" href=\"https:\/\/www.gecoexpo.com\/2021\/cookie-politique-en-matiere-de-cookies\/\" \/>\n<meta property=\"og:locale\" content=\"it_IT\" \/>\n<meta property=\"og:type\" content=\"article\" \/>\n<meta property=\"og:title\" content=\"Politique en mati\u00e8re de cookies - Geco, I edizione la fiera virtuale sulla sostenibilit&agrave;\" \/>\n<meta property=\"og:description\" content=\"Politique en mati\u00e8re de cookies Informations conform\u00e9ment \u00e0 &#8220;l&#8217;art. 12 et seq Reg. EU 679\/2016 par SMART EVENTI S.R.L. pour l&#8217;acc\u00e8s et la navigation sur ce site web. &nbsp; SMART EVENTI S.R.L., C.F. et P.I. 06997310963, ayant son si\u00e8ge social \u00e0 20131 Milan (MI), viale Abruzzi n. 37, en la personne de son repr\u00e9sentant l\u00e9gal [&hellip;]\" \/>\n<meta property=\"og:url\" content=\"https:\/\/www.gecoexpo.com\/2021\/fr\/cookie-politique-en-matiere-de-cookies\/\" \/>\n<meta property=\"og:site_name\" content=\"Geco, I edizione la fiera virtuale sulla sostenibilit&agrave;\" \/>\n<meta property=\"article:modified_time\" content=\"2021-10-01T10:03:42+00:00\" \/>\n<meta property=\"og:image\" content=\"https:\/\/www.gecoexpo.com\/2021\/wp-content\/uploads\/2020\/07\/Logo-Geco-web_Tavola-disegno-1.png\" \/>\n\t<meta property=\"og:image:width\" content=\"960\" \/>\n\t<meta property=\"og:image:height\" content=\"560\" \/>\n<meta name=\"twitter:card\" content=\"summary_large_image\" \/>\n<meta name=\"twitter:label1\" content=\"Tempo di lettura stimato\">\n\t<meta name=\"twitter:data1\" content=\"6 minuti\">\n<script type=\"application\/ld+json\" class=\"yoast-schema-graph\">{\"@context\":\"https:\/\/schema.org\",\"@graph\":[{\"@type\":\"WebSite\",\"@id\":\"https:\/\/www.gecoexpo.com\/2021\/#website\",\"url\":\"https:\/\/www.gecoexpo.com\/2021\/\",\"name\":\"Geco, I edizione la fiera virtuale sulla sostenibilit&agrave;\",\"description\":\"Green tourism, mobility &amp; energy expo\",\"potentialAction\":[{\"@type\":\"SearchAction\",\"target\":\"https:\/\/www.gecoexpo.com\/2021\/?s={search_term_string}\",\"query-input\":\"required name=search_term_string\"}],\"inLanguage\":\"it-IT\"},{\"@type\":\"WebPage\",\"@id\":\"https:\/\/www.gecoexpo.com\/2021\/fr\/cookie-politique-en-matiere-de-cookies\/#webpage\",\"url\":\"https:\/\/www.gecoexpo.com\/2021\/fr\/cookie-politique-en-matiere-de-cookies\/\",\"name\":\"Politique en mati\\u00e8re de cookies - Geco, I edizione la fiera virtuale sulla sostenibilit&agrave;\",\"isPartOf\":{\"@id\":\"https:\/\/www.gecoexpo.com\/2021\/#website\"},\"datePublished\":\"2020-06-18T08:53:10+00:00\",\"dateModified\":\"2021-10-01T10:03:42+00:00\",\"breadcrumb\":{\"@id\":\"https:\/\/www.gecoexpo.com\/2021\/fr\/cookie-politique-en-matiere-de-cookies\/#breadcrumb\"},\"inLanguage\":\"it-IT\",\"potentialAction\":[{\"@type\":\"ReadAction\",\"target\":[\"https:\/\/www.gecoexpo.com\/2021\/fr\/cookie-politique-en-matiere-de-cookies\/\"]}]},{\"@type\":\"BreadcrumbList\",\"@id\":\"https:\/\/www.gecoexpo.com\/2021\/fr\/cookie-politique-en-matiere-de-cookies\/#breadcrumb\",\"itemListElement\":[{\"@type\":\"ListItem\",\"position\":1,\"item\":{\"@type\":\"WebPage\",\"@id\":\"https:\/\/www.gecoexpo.com\/2021\/\",\"url\":\"https:\/\/www.gecoexpo.com\/2021\/\",\"name\":\"Home\"}},{\"@type\":\"ListItem\",\"position\":2,\"item\":{\"@id\":\"https:\/\/www.gecoexpo.com\/2021\/fr\/cookie-politique-en-matiere-de-cookies\/#webpage\"}}]}]}<\/script>\n<!-- \/ Yoast SEO plugin. -->","_links":{"self":[{"href":"https:\/\/www.gecoexpo.com\/2021\/wp-json\/wp\/v2\/pages\/10163"}],"collection":[{"href":"https:\/\/www.gecoexpo.com\/2021\/wp-json\/wp\/v2\/pages"}],"about":[{"href":"https:\/\/www.gecoexpo.com\/2021\/wp-json\/wp\/v2\/types\/page"}],"author":[{"embeddable":true,"href":"https:\/\/www.gecoexpo.com\/2021\/wp-json\/wp\/v2\/users\/2"}],"replies":[{"embeddable":true,"href":"https:\/\/www.gecoexpo.com\/2021\/wp-json\/wp\/v2\/comments?post=10163"}],"version-history":[{"count":2,"href":"https:\/\/www.gecoexpo.com\/2021\/wp-json\/wp\/v2\/pages\/10163\/revisions"}],"predecessor-version":[{"id":10165,"href":"https:\/\/www.gecoexpo.com\/2021\/wp-json\/wp\/v2\/pages\/10163\/revisions\/10165"}],"wp:attachment":[{"href":"https:\/\/www.gecoexpo.com\/2021\/wp-json\/wp\/v2\/media?parent=10163"}],"curies":[{"name":"wp","href":"https:\/\/api.w.org\/{rel}","templated":true}]}}