{"id":10167,"date":"2021-02-11T08:43:40","date_gmt":"2021-02-11T07:43:40","guid":{"rendered":"https:\/\/www.gecoexpo.com\/2021\/dicono-di-noi\/"},"modified":"2021-10-01T12:05:01","modified_gmt":"2021-10-01T10:05:01","slug":"a-propos-de-nous","status":"publish","type":"page","link":"https:\/\/www.gecoexpo.com\/2021\/fr\/a-propos-de-nous\/","title":{"rendered":"\u00c0 PROPOS DE NOUS"},"content":{"rendered":"<h2 id=\"video\" style=\"text-align: center;\">Geco Expo chez TG2 pour la rubrique &#8220;S\u00ec Viaggiare&#8221;.<\/h2>\n<div style=\"width: 1366px;\" class=\"wp-video\"><!--[if lt IE 9]><script>document.createElement('video');<\/script><![endif]-->\n<video class=\"wp-video-shortcode\" id=\"video-10167-1\" width=\"1366\" height=\"624\" preload=\"metadata\" controls=\"controls\"><source type=\"video\/mp4\" src=\"http:\/\/www.gecoexpo.com\/2021\/wp-content\/uploads\/2021\/02\/geco-tg2.mp4?_=1\" \/><a href=\"http:\/\/www.gecoexpo.com\/2021\/wp-content\/uploads\/2021\/02\/geco-tg2.mp4\">http:\/\/www.gecoexpo.com\/2021\/wp-content\/uploads\/2021\/02\/geco-tg2.mp4<\/a><\/video><\/div>\n","protected":false},"excerpt":{"rendered":"<p>Geco Expo chez TG2 pour la rubrique &#8220;S\u00ec Viaggiare&#8221;.<\/p>\n","protected":false},"author":2,"featured_media":0,"parent":0,"menu_order":0,"comment_status":"closed","ping_status":"closed","template":"tpl-feedback.php","meta":[],"yoast_head":"<!-- This site is optimized with the Yoast SEO plugin v16.3 - https:\/\/yoast.com\/wordpress\/plugins\/seo\/ -->\n<meta name=\"description\" content=\"Articles d&#039;actualit\u00e9, invit\u00e9s, intervenants, m\u00e9dias et journaux, startups et exposants ayant particip\u00e9 \u00e0 la premi\u00e8re \u00e9dition de Geco Expo\" \/>\n<meta name=\"robots\" content=\"index, follow, max-snippet:-1, max-image-preview:large, max-video-preview:-1\" \/>\n<link rel=\"canonical\" href=\"https:\/\/www.gecoexpo.com\/2021\/a-propos-de-nous\/\" \/>\n<meta property=\"og:locale\" content=\"it_IT\" \/>\n<meta property=\"og:type\" content=\"article\" \/>\n<meta property=\"og:title\" content=\"Ce qu&#039;ils disent de nous, opinions sur Geco Expo, la foire virtuelle sur la durabilit\u00e9\" \/>\n<meta property=\"og:description\" content=\"Articles d&#039;actualit\u00e9, invit\u00e9s, intervenants, m\u00e9dias et journaux, startups et exposants ayant particip\u00e9 \u00e0 la premi\u00e8re \u00e9dition de Geco Expo\" \/>\n<meta property=\"og:url\" content=\"https:\/\/www.gecoexpo.com\/2021\/fr\/a-propos-de-nous\/\" \/>\n<meta property=\"og:site_name\" content=\"Geco, I edizione la fiera virtuale sulla sostenibilit&agrave;\" \/>\n<meta property=\"article:modified_time\" content=\"2021-10-01T10:05:01+00:00\" \/>\n<meta property=\"og:image\" content=\"https:\/\/www.gecoexpo.com\/2021\/wp-content\/uploads\/2020\/07\/Logo-Geco-web_Tavola-disegno-1.png\" \/>\n\t<meta property=\"og:image:width\" content=\"960\" \/>\n\t<meta property=\"og:image:height\" content=\"560\" \/>\n<meta name=\"twitter:card\" content=\"summary_large_image\" \/>\n<meta name=\"twitter:label1\" content=\"Tempo di lettura stimato\">\n\t<meta name=\"twitter:data1\" content=\"1 minuto\">\n<script type=\"application\/ld+json\" class=\"yoast-schema-graph\">{\"@context\":\"https:\/\/schema.org\",\"@graph\":[{\"@type\":\"WebSite\",\"@id\":\"https:\/\/www.gecoexpo.com\/2021\/#website\",\"url\":\"https:\/\/www.gecoexpo.com\/2021\/\",\"name\":\"Geco, I edizione la fiera virtuale sulla sostenibilit&agrave;\",\"description\":\"Green tourism, mobility &amp; energy expo\",\"potentialAction\":[{\"@type\":\"SearchAction\",\"target\":\"https:\/\/www.gecoexpo.com\/2021\/?s={search_term_string}\",\"query-input\":\"required name=search_term_string\"}],\"inLanguage\":\"it-IT\"},{\"@type\":\"WebPage\",\"@id\":\"https:\/\/www.gecoexpo.com\/2021\/fr\/a-propos-de-nous\/#webpage\",\"url\":\"https:\/\/www.gecoexpo.com\/2021\/fr\/a-propos-de-nous\/\",\"name\":\"Ce qu'ils disent de nous, opinions sur Geco Expo, la foire virtuelle sur la durabilit\\u00e9\",\"isPartOf\":{\"@id\":\"https:\/\/www.gecoexpo.com\/2021\/#website\"},\"datePublished\":\"2021-02-11T07:43:40+00:00\",\"dateModified\":\"2021-10-01T10:05:01+00:00\",\"description\":\"Articles d'actualit\\u00e9, invit\\u00e9s, intervenants, m\\u00e9dias et journaux, startups et exposants ayant particip\\u00e9 \\u00e0 la premi\\u00e8re \\u00e9dition de Geco Expo\",\"breadcrumb\":{\"@id\":\"https:\/\/www.gecoexpo.com\/2021\/fr\/a-propos-de-nous\/#breadcrumb\"},\"inLanguage\":\"it-IT\",\"potentialAction\":[{\"@type\":\"ReadAction\",\"target\":[\"https:\/\/www.gecoexpo.com\/2021\/fr\/a-propos-de-nous\/\"]}]},{\"@type\":\"BreadcrumbList\",\"@id\":\"https:\/\/www.gecoexpo.com\/2021\/fr\/a-propos-de-nous\/#breadcrumb\",\"itemListElement\":[{\"@type\":\"ListItem\",\"position\":1,\"item\":{\"@type\":\"WebPage\",\"@id\":\"https:\/\/www.gecoexpo.com\/2021\/\",\"url\":\"https:\/\/www.gecoexpo.com\/2021\/\",\"name\":\"Home\"}},{\"@type\":\"ListItem\",\"position\":2,\"item\":{\"@id\":\"https:\/\/www.gecoexpo.com\/2021\/fr\/a-propos-de-nous\/#webpage\"}}]}]}<\/script>\n<!-- \/ Yoast SEO plugin. -->","_links":{"self":[{"href":"https:\/\/www.gecoexpo.com\/2021\/wp-json\/wp\/v2\/pages\/10167"}],"collection":[{"href":"https:\/\/www.gecoexpo.com\/2021\/wp-json\/wp\/v2\/pages"}],"about":[{"href":"https:\/\/www.gecoexpo.com\/2021\/wp-json\/wp\/v2\/types\/page"}],"author":[{"embeddable":true,"href":"https:\/\/www.gecoexpo.com\/2021\/wp-json\/wp\/v2\/users\/2"}],"replies":[{"embeddable":true,"href":"https:\/\/www.gecoexpo.com\/2021\/wp-json\/wp\/v2\/comments?post=10167"}],"version-history":[{"count":1,"href":"https:\/\/www.gecoexpo.com\/2021\/wp-json\/wp\/v2\/pages\/10167\/revisions"}],"predecessor-version":[{"id":10169,"href":"https:\/\/www.gecoexpo.com\/2021\/wp-json\/wp\/v2\/pages\/10167\/revisions\/10169"}],"wp:attachment":[{"href":"https:\/\/www.gecoexpo.com\/2021\/wp-json\/wp\/v2\/media?parent=10167"}],"curies":[{"name":"wp","href":"https:\/\/api.w.org\/{rel}","templated":true}]}}