{"id":10316,"date":"2020-06-04T09:25:51","date_gmt":"2020-06-04T07:25:51","guid":{"rendered":"https:\/\/www.gecoexpo.com\/2021\/privacy-policy\/"},"modified":"2021-10-01T12:39:12","modified_gmt":"2021-10-01T10:39:12","slug":"politique-de-confidentialite","status":"publish","type":"page","link":"https:\/\/www.gecoexpo.com\/2021\/fr\/politique-de-confidentialite\/","title":{"rendered":"Politique de confidentialit\u00e9"},"content":{"rendered":"<p style=\"text-align: center;\"><strong><u>Informations conform\u00e9ment aux articles 12 et suivants du r\u00e8glement (UE) n\u00b0 679\/2016.<\/u><\/strong><\/p>\n<p style=\"text-align: center;\"><strong><u>par SMART EVENTI S.R.L.<\/u><\/strong><\/p>\n<p>La <strong>SMART EVENTI S.R.L.<\/strong>, C.F. et P.I. 06997310963, dont le si\u00e8ge social est situ\u00e9 \u00e0 20131 Milan (MI), viale Abruzzi n. 37, en la personne du repr\u00e9sentant l\u00e9gal <em>pro tempore<\/em>, vous informe que le traitement des donn\u00e9es personnelles (communes, telles que le nom, le pr\u00e9nom, l&#8217;adresse e-mail, &#8230;) fournies par vous lors de la demande d&#8217;informations (phase pr\u00e9contractuelle) ou lors de la conclusion d&#8217;un contrat de prestation de services avec SMART EVENTI S.R.L. (ci-apr\u00e8s d\u00e9nomm\u00e9e &#8220;SMART EVENTI&#8221;) sera soumis aux conditions suivantes ) fournis par vous lors de la demande d&#8217;informations (phase pr\u00e9contractuelle) ou lors de la conclusion du contrat de prestation de services avec SMART EVENTI S.R.L. (ci-apr\u00e8s, le Contrat), collect\u00e9s pendant l&#8217;ex\u00e9cution de celui-ci, seront bas\u00e9s sur des principes d&#8217;exactitude, de lic\u00e9it\u00e9 et de transparence, prot\u00e9geant votre vie priv\u00e9e et vos droits. Nous vous fournissons les informations suivantes.<\/p>\n<p><strong>1.<\/strong>\u00a0<u><strong>LA FINALIT\u00c9 DU TRAITEMENT.<\/strong><\/u><\/p>\n<p>Les donn\u00e9es personnelles seront trait\u00e9es aux fins suivantes :<\/p>\n<p><strong>1 &#8211;<\/strong>\u00a0<strong>(objectifs pr\u00e9contractuels et contractuels):<\/strong>\u00a0pour permettre la fourniture des informations demand\u00e9es (phase pr\u00e9contractuelle) et\/ou l&#8217;ex\u00e9cution des obligations d\u00e9coulant du contrat. Le contrat constitue la base juridique du traitement. Apr\u00e8s la r\u00e9siliation du contrat, la base juridique est l&#8217;ex\u00e9cution des obligations pr\u00e9vues par la loi.<\/p>\n<p><strong>2 &#8211; (objectifs l\u00e9gaux):<\/strong>\u00a0pour remplir les obligations l\u00e9gales qui en d\u00e9coulent.<\/p>\n<p>2<strong>.\u00a0<\/strong><u><strong>M\u00c9THODE DE TRAITEMENT.<\/strong><\/u><\/p>\n<p>Le traitement des donn\u00e9es susmentionn\u00e9es est effectu\u00e9 par des responsables et des gestionnaires formellement identifi\u00e9s qui utilisent des instruments et des supports &#8211; papier, magn\u00e9tique, informatique ou t\u00e9l\u00e9matique &#8211; aptes \u00e0 garantir la s\u00e9curit\u00e9 et la confidentialit\u00e9. Les donn\u00e9es peuvent \u00e9galement \u00eatre trait\u00e9es \u00e0 l&#8217;aide d&#8217;outils automatis\u00e9s pour le stockage, la gestion et la transmission des donn\u00e9es par voie \u00e9lectronique.<\/p>\n<p>3.\u00a0<u><strong>LA NATURE DU TRAITEMENT<\/strong><\/u>\u00a0&#8211;<\/p>\n<p>La nature de l&#8217;attribution est obligatoire au regard de l&#8217;objet pr\u00e9contractuel et contractuel sub 1) ; par cons\u00e9quent, tout refus de les fournir, en tout ou en partie, ou le fait de ne pas autoriser leur traitement et\/ou leur communication \u00e0 des tiers impliqu\u00e9s dans l&#8217;ex\u00e9cution du Contrat par SMART EVENTI S.R.L. peut entra\u00eener l&#8217;incapacit\u00e9 de SMART EVENTI S.R.L. \u00e0 fournir les informations et \u00e0 ex\u00e9cuter le Contrat.<\/p>\n<p>4.\u00a0<u><strong>DROITS DE LA PERSONNE CONCERN\u00c9E.<\/strong><\/u><\/p>\n<p>4.1 En ce qui concerne vos donn\u00e9es personnelles (communes et relatives \u00e0 la sant\u00e9), vous pouvez, en tant que personne concern\u00e9e, envoyer une communication \u00e9crite par courrier \u00e9lectronique \u00e0 l&#8217;adresse suivante :\u00a0<a href=\"mailto:privacy@smarteventi.it\">privacy@smarteventi.it<\/a> \u00e0 SMART EVENTI S.R.L., dont le si\u00e8ge social est \u00e0 20131 Milan (MI), viale Abruzzi n. 37, en la personne de son repr\u00e9sentant l\u00e9gal<em> pro tempore<\/em> :<\/p>\n<p>&#8211; de demander \u00e0 SMART EVENTI S.R.L., en tant que responsable du traitement, l&#8217;acc\u00e8s, la rectification ou l&#8217;effacement de vos donn\u00e9es personnelles, ou la limitation du traitement ou de s&#8217;opposer au traitement (ex articles 15, 16, 17, 18, 19, 21 R\u00e8glement UE 679\/2016). En particulier :<\/p>\n<p>* en ce qui concerne la rectification des donn\u00e9es personnelles, compte tenu des finalit\u00e9s du traitement, vous avez le droit d&#8217;obtenir l&#8217;int\u00e9gration de donn\u00e9es personnelles incompl\u00e8tes, \u00e9galement en fournissant une d\u00e9claration compl\u00e9mentaire ;<\/p>\n<p>* en ce qui concerne la limitation du traitement, vous avez le droit de l&#8217;obtenir lorsque survient l&#8217;un des cas suivants : a) vous contestez l&#8217;exactitude des donn\u00e9es personnelles, pour la p\u00e9riode n\u00e9cessaire \u00e0 SMART EVENTI S.R.L. pour v\u00e9rifier l&#8217;exactitude de ces donn\u00e9es personnelles ; b) le traitement est ill\u00e9gal et vous vous opposez \u00e0 l&#8217;effacement des donn\u00e9es personnelles et demandez en revanche que leur utilisation soit limit\u00e9e ; c) bien que SMART EVENTI S.R.L. n&#8217;en ait plus besoin pour le traitement, les donn\u00e9es personnelles sont n\u00e9cessaires pour la constatation, l&#8217;exercice ou la d\u00e9fense de droits en justice ;<\/p>\n<p>* En ce qui concerne la suppression des donn\u00e9es personnelles sans retard excessif, vous avez le droit de l&#8217;obtenir lorsque l&#8217;une des raisons suivantes s&#8217;applique : (a) les donn\u00e9es \u00e0 caract\u00e8re personnel ne sont plus n\u00e9cessaires au regard des finalit\u00e9s pour lesquelles elles ont \u00e9t\u00e9 collect\u00e9es ou trait\u00e9es d&#8217;une autre mani\u00e8re ; b) vous, en tant que personne concern\u00e9e, r\u00e9voquez le consentement sur lequel le traitement est fond\u00e9 et s&#8217;il n&#8217;existe aucune autre base juridique pour le traitement ; c) les donn\u00e9es \u00e0 caract\u00e8re personnel ont \u00e9t\u00e9 trait\u00e9es ill\u00e9galement ; d) les donn\u00e9es \u00e0 caract\u00e8re personnel doivent \u00eatre effac\u00e9es afin de respecter une obligation l\u00e9gale pr\u00e9vue par le droit de l&#8217;Union ou d&#8217;un \u00c9tat membre auquel SMART EVENTI S. R.L. ;<\/p>\n<p>&#8211; recevoir dans un format structur\u00e9, couramment utilis\u00e9 et lisible par machine les donn\u00e9es \u00e0 caract\u00e8re personnel vous concernant fournies \u00e0 un responsable du traitement et aura le droit de transmettre ces donn\u00e9es \u00e0 un autre responsable du traitement sans que SMART EVENTI S.R.L. n&#8217;y fasse obstacle (ce que l&#8217;on appelle le &#8221; droit \u00e0 la portabilit\u00e9 des donn\u00e9es &#8221; conform\u00e9ment \u00e0 l&#8217;art. 20 du R\u00e8glement UE 679\/2016) ;<\/p>\n<p>&#8211; retirer son consentement \u00e0 tout moment sans que cela n&#8217;affecte la lic\u00e9it\u00e9 du traitement fond\u00e9 sur le consentement donn\u00e9 avant le retrait (conform\u00e9ment \u00e0 l&#8217;article 8, paragraphe 3, du r\u00e8glement (UE) n\u00b0 679\/2016).<\/p>\n<p>4.2 I\u00a0Vos donn\u00e9es personnelles ne seront pas divulgu\u00e9es ou transf\u00e9r\u00e9es \u00e0 des pays tiers ou \u00e0 des organisations internationales.<\/p>\n<p>5.\u00a0<strong><u>PROPRI\u00c9TAIRE &#8211; CONTR\u00d4LEURS DE DONN\u00c9ES EXTERNES.<\/u><\/strong><\/p>\n<p>Le contr\u00f4leur des donn\u00e9es est <strong>SMART EVENTI S.R.L.<\/strong>, C.F. et P.I. 06997310963, dont le si\u00e8ge social est \u00e0 20131 Milan (MI), viale Abruzzi n. 37, en la personne de son repr\u00e9sentant l\u00e9gal pro tempore, qui peut \u00eatre contact\u00e9 \u00e0 l&#8217;adresse suivante :\u00a0<a href=\"mailto:privacy@smarteventi.it\">privacy@smarteventi.it<\/a>.<\/p>\n<p>Les responsables externes du traitement des donn\u00e9es sont :<\/p>\n<p>&#8211; les partenaires utilis\u00e9s par SMART EVENTI pour la fourniture de services aux clients (par exemple, d\u00e9veloppement\/maintenance de sites web, d&#8217;applications, de logiciels de gestion, de comptabilit\u00e9 et d&#8217;envoi de lettres d&#8217;information<u>).<\/u>.<\/p>\n<p>6.\u00a0<strong><u>LA COMMUNICATION DU TRAITEMENT.<\/u><\/strong><\/p>\n<p>Sans pr\u00e9judice des communications effectu\u00e9es afin de respecter les obligations l\u00e9gales, vos donn\u00e9es personnelles peuvent \u00eatre communiqu\u00e9es \u00e0 :<\/p>\n<p>&#8211; Employ\u00e9s \/ collaborateurs de SMART EVENTS;<br \/>\n&#8211; les partenaires utilis\u00e9s par SMART EVENTI pour la fourniture de services aux clients (par exemple, d\u00e9veloppement\/maintenance de sites web, d&#8217;applications, de logiciels de gestion, de comptabilit\u00e9 et de r\u00e9partition).<\/p>\n<p>7.\u00a0<strong><u>P\u00c9RIODE DE CONSERVATION DES DONN\u00c9ES.<\/u><\/strong><\/p>\n<p>Les donn\u00e9es \u00e0 caract\u00e8re personnel (communes) que vous fournissez seront stock\u00e9es sous une forme qui permet de vous identifier en tant que personne concern\u00e9e :<\/p>\n<p>&#8211; pour une dur\u00e9e n&#8217;exc\u00e9dant pas la r\u00e9alisation de la finalit\u00e9 pour laquelle les donn\u00e9es sont trait\u00e9es, sauf pour l&#8217;ex\u00e9cution d&#8217;obligations l\u00e9gales ;<\/p>\n<p>Il n&#8217;existe pas de syst\u00e8me automatis\u00e9 d&#8217;effacement des donn\u00e9es \u00e0 caract\u00e8re personnel \u00e0 la fin de la p\u00e9riode de conservation, car l&#8217;effacement de ces derni\u00e8res se fait manuellement, une fois remplies les obligations l\u00e9gales r\u00e9sultant de la r\u00e9siliation du contrat.<\/p>\n<p>8.\u00a0<strong><u>PLAINTE<\/u><\/strong><\/p>\n<p>Si vous consid\u00e9rez que le traitement viole le R\u00e8glement UE 679\/2016, vous avez le droit de d\u00e9poser une plainte aupr\u00e8s d&#8217;une autorit\u00e9 de surveillance, en particulier dans l&#8217;\u00c9tat membre o\u00f9 vous r\u00e9sidez habituellement, travaillez ou o\u00f9 la violation pr\u00e9sum\u00e9e s&#8217;est produite.<\/p>\n","protected":false},"excerpt":{"rendered":"<p>Informations conform\u00e9ment aux articles 12 et suivants du r\u00e8glement (UE) n\u00b0 679\/2016. par SMART EVENTI S.R.L. La SMART EVENTI S.R.L., C.F. et P.I. 06997310963, dont le si\u00e8ge social est situ\u00e9 \u00e0 20131 Milan (MI), viale Abruzzi n. 37, en la personne du repr\u00e9sentant l\u00e9gal pro tempore, vous informe que le traitement des donn\u00e9es personnelles (communes, [&hellip;]<\/p>\n","protected":false},"author":5,"featured_media":0,"parent":0,"menu_order":0,"comment_status":"closed","ping_status":"closed","template":"","meta":[],"yoast_head":"<!-- This site is optimized with the Yoast SEO plugin v16.3 - https:\/\/yoast.com\/wordpress\/plugins\/seo\/ -->\n<meta name=\"robots\" content=\"index, follow, max-snippet:-1, max-image-preview:large, max-video-preview:-1\" \/>\n<link rel=\"canonical\" href=\"https:\/\/www.gecoexpo.com\/2021\/politique-de-confidentialite\/\" \/>\n<meta property=\"og:locale\" content=\"it_IT\" \/>\n<meta property=\"og:type\" content=\"article\" \/>\n<meta property=\"og:title\" content=\"Politique de confidentialit\u00e9 - Geco, I edizione la fiera virtuale sulla sostenibilit&agrave;\" \/>\n<meta property=\"og:description\" content=\"Informations conform\u00e9ment aux articles 12 et suivants du r\u00e8glement (UE) n\u00b0 679\/2016. par SMART EVENTI S.R.L. La SMART EVENTI S.R.L., C.F. et P.I. 06997310963, dont le si\u00e8ge social est situ\u00e9 \u00e0 20131 Milan (MI), viale Abruzzi n. 37, en la personne du repr\u00e9sentant l\u00e9gal pro tempore, vous informe que le traitement des donn\u00e9es personnelles (communes, [&hellip;]\" \/>\n<meta property=\"og:url\" content=\"https:\/\/www.gecoexpo.com\/2021\/fr\/politique-de-confidentialite\/\" \/>\n<meta property=\"og:site_name\" content=\"Geco, I edizione la fiera virtuale sulla sostenibilit&agrave;\" \/>\n<meta property=\"article:modified_time\" content=\"2021-10-01T10:39:12+00:00\" \/>\n<meta property=\"og:image\" content=\"https:\/\/www.gecoexpo.com\/2021\/wp-content\/uploads\/2020\/07\/Logo-Geco-web_Tavola-disegno-1.png\" \/>\n\t<meta property=\"og:image:width\" content=\"960\" \/>\n\t<meta property=\"og:image:height\" content=\"560\" \/>\n<meta name=\"twitter:card\" content=\"summary_large_image\" \/>\n<meta name=\"twitter:label1\" content=\"Tempo di lettura stimato\">\n\t<meta name=\"twitter:data1\" content=\"6 minuti\">\n<script type=\"application\/ld+json\" class=\"yoast-schema-graph\">{\"@context\":\"https:\/\/schema.org\",\"@graph\":[{\"@type\":\"WebSite\",\"@id\":\"https:\/\/www.gecoexpo.com\/2021\/#website\",\"url\":\"https:\/\/www.gecoexpo.com\/2021\/\",\"name\":\"Geco, I edizione la fiera virtuale sulla sostenibilit&agrave;\",\"description\":\"Green tourism, mobility &amp; energy expo\",\"potentialAction\":[{\"@type\":\"SearchAction\",\"target\":\"https:\/\/www.gecoexpo.com\/2021\/?s={search_term_string}\",\"query-input\":\"required name=search_term_string\"}],\"inLanguage\":\"it-IT\"},{\"@type\":\"WebPage\",\"@id\":\"https:\/\/www.gecoexpo.com\/2021\/fr\/politique-de-confidentialite\/#webpage\",\"url\":\"https:\/\/www.gecoexpo.com\/2021\/fr\/politique-de-confidentialite\/\",\"name\":\"Politique de confidentialit\\u00e9 - Geco, I edizione la fiera virtuale sulla sostenibilit&agrave;\",\"isPartOf\":{\"@id\":\"https:\/\/www.gecoexpo.com\/2021\/#website\"},\"datePublished\":\"2020-06-04T07:25:51+00:00\",\"dateModified\":\"2021-10-01T10:39:12+00:00\",\"breadcrumb\":{\"@id\":\"https:\/\/www.gecoexpo.com\/2021\/fr\/politique-de-confidentialite\/#breadcrumb\"},\"inLanguage\":\"it-IT\",\"potentialAction\":[{\"@type\":\"ReadAction\",\"target\":[\"https:\/\/www.gecoexpo.com\/2021\/fr\/politique-de-confidentialite\/\"]}]},{\"@type\":\"BreadcrumbList\",\"@id\":\"https:\/\/www.gecoexpo.com\/2021\/fr\/politique-de-confidentialite\/#breadcrumb\",\"itemListElement\":[{\"@type\":\"ListItem\",\"position\":1,\"item\":{\"@type\":\"WebPage\",\"@id\":\"https:\/\/www.gecoexpo.com\/2021\/\",\"url\":\"https:\/\/www.gecoexpo.com\/2021\/\",\"name\":\"Home\"}},{\"@type\":\"ListItem\",\"position\":2,\"item\":{\"@id\":\"https:\/\/www.gecoexpo.com\/2021\/fr\/politique-de-confidentialite\/#webpage\"}}]}]}<\/script>\n<!-- \/ Yoast SEO plugin. -->","_links":{"self":[{"href":"https:\/\/www.gecoexpo.com\/2021\/wp-json\/wp\/v2\/pages\/10316"}],"collection":[{"href":"https:\/\/www.gecoexpo.com\/2021\/wp-json\/wp\/v2\/pages"}],"about":[{"href":"https:\/\/www.gecoexpo.com\/2021\/wp-json\/wp\/v2\/types\/page"}],"author":[{"embeddable":true,"href":"https:\/\/www.gecoexpo.com\/2021\/wp-json\/wp\/v2\/users\/5"}],"replies":[{"embeddable":true,"href":"https:\/\/www.gecoexpo.com\/2021\/wp-json\/wp\/v2\/comments?post=10316"}],"version-history":[{"count":2,"href":"https:\/\/www.gecoexpo.com\/2021\/wp-json\/wp\/v2\/pages\/10316\/revisions"}],"predecessor-version":[{"id":10318,"href":"https:\/\/www.gecoexpo.com\/2021\/wp-json\/wp\/v2\/pages\/10316\/revisions\/10318"}],"wp:attachment":[{"href":"https:\/\/www.gecoexpo.com\/2021\/wp-json\/wp\/v2\/media?parent=10316"}],"curies":[{"name":"wp","href":"https:\/\/api.w.org\/{rel}","templated":true}]}}