{"id":10328,"date":"2020-09-09T14:28:25","date_gmt":"2020-09-09T12:28:25","guid":{"rendered":"https:\/\/www.gecoexpo.com\/2021\/rassegna-stampa\/"},"modified":"2021-10-01T13:00:39","modified_gmt":"2021-10-01T11:00:39","slug":"revue-de-presse","status":"publish","type":"page","link":"https:\/\/www.gecoexpo.com\/2021\/fr\/revue-de-presse\/","title":{"rendered":"REVUE DE PRESSE"},"content":{"rendered":"<h4 style=\"text-align: center;\">De nombreux journaux g\u00e9n\u00e9ralistes, p\u00e9riodiques, magazines en ligne, stations de t\u00e9l\u00e9vision et de radio locales et nationales ont rendu compte du salon virtuel de la durabilit\u00e9 GECO EXPO, comme<strong> <a href=\"https:\/\/www.ilsole24ore.com\/art\/la-fiera-sostenibilita-diventa-virtuale-tra-stand-si-gira-l-avatar-ADKlE3FB\" target=\"_blank\" rel=\"noopener noreferrer\">Il Sole 24 ORE<\/a><\/strong>, <strong><a href=\"https:\/\/www.lastampa.it\/cronaca\/2021\/01\/29\/news\/energie-rinnovabili-green-tech-turismo-e-business-travel-online-la-fiera-italiana-sulla-sostenibilita-1. 39836678\" target=\"_blank\" rel=\"noopener noreferrer\">La Stampa<\/a><\/strong>, la rubrique du <a href=\"https:\/\/www.tg2.rai.it\/dl\/RaiTV\/programmi\/media\/ContentItem-96b0c9e7-1b9b-415a-a147-e07fd32c39c3-tg2.html#p=0\" target=\"_blank\" rel=\"noopener noreferrer\"><strong>TG2 S\u00ec Viaggiare<\/strong><\/a>, <a href=\"https:\/\/www.millionaire. it\/arriva-la-fi-fiera-virtuale-sulla-sostenilita-with-a-contest-per-startup\/\" target=\"_blank\" rel=\"noopener noreferrer\"><strong>Millionaire<\/strong><\/a>, <strong><a href=\"https:\/\/startupitalia.eu\/143778-20201228-geco-la-fiera-virtuale-sulla-sostenibilita\" target=\"_blank\" rel=\"noopener noreferrer\">StartUpItalia<\/a> <\/strong>et bien d&#8217;autres.<\/h4>\n<p>.<\/p>\n<h4 style=\"text-align: center;\">Voir la revue de presse compl\u00e8te de Geco Expo avec photos et liens vers les articles<\/h4>\n<p style=\"text-align: center;\"><p class=\"text-center custom-button\"><a class=\"btn btn-primary my-3\"  href=\"http:\/\/www.gecoexpo.com\/2021\/comunicati-stampa\/geco-prima-edizione-rassegna-stampa.pdf\" align=\"center\"><span>CLIQUEZ ICI <\/span><\/a><\/p><\/p>\n","protected":false},"excerpt":{"rendered":"<p>De nombreux journaux g\u00e9n\u00e9ralistes, p\u00e9riodiques, magazines en ligne, stations de t\u00e9l\u00e9vision et de radio locales et nationales ont rendu compte du salon virtuel de la durabilit\u00e9 GECO EXPO, comme Il Sole 24 ORE, La Stampa, la rubrique du TG2 S\u00ec Viaggiare, Millionaire, StartUpItalia et bien d&#8217;autres. . Voir la revue de presse compl\u00e8te de Geco [&hellip;]<\/p>\n","protected":false},"author":4,"featured_media":0,"parent":0,"menu_order":0,"comment_status":"closed","ping_status":"closed","template":"","meta":[],"yoast_head":"<!-- This site is optimized with the Yoast SEO plugin v16.3 - https:\/\/yoast.com\/wordpress\/plugins\/seo\/ -->\n<meta name=\"description\" content=\"Que disent nos partenaires, sponsors et m\u00e9dias \u00e0 notre sujet ? Vous trouverez ici l&#039;espace pour vous tenir au courant de la foire virtuelle GECO.\" \/>\n<meta name=\"robots\" content=\"index, follow, max-snippet:-1, max-image-preview:large, max-video-preview:-1\" \/>\n<link rel=\"canonical\" href=\"https:\/\/www.gecoexpo.com\/2021\/revue-de-presse\/\" \/>\n<meta property=\"og:locale\" content=\"it_IT\" \/>\n<meta property=\"og:type\" content=\"article\" \/>\n<meta property=\"og:title\" content=\"REVUE DE PRESSE - Geco, I edizione la fiera virtuale sulla sostenibilit&agrave;\" \/>\n<meta property=\"og:description\" content=\"Que disent nos partenaires, sponsors et m\u00e9dias \u00e0 notre sujet ? Vous trouverez ici l&#039;espace pour vous tenir au courant de la foire virtuelle GECO.\" \/>\n<meta property=\"og:url\" content=\"https:\/\/www.gecoexpo.com\/2021\/fr\/revue-de-presse\/\" \/>\n<meta property=\"og:site_name\" content=\"Geco, I edizione la fiera virtuale sulla sostenibilit&agrave;\" \/>\n<meta property=\"article:modified_time\" content=\"2021-10-01T11:00:39+00:00\" \/>\n<meta property=\"og:image\" content=\"https:\/\/www.gecoexpo.com\/2021\/wp-content\/uploads\/2020\/07\/Logo-Geco-web_Tavola-disegno-1.png\" \/>\n\t<meta property=\"og:image:width\" content=\"960\" \/>\n\t<meta property=\"og:image:height\" content=\"560\" \/>\n<meta name=\"twitter:card\" content=\"summary_large_image\" \/>\n<meta name=\"twitter:label1\" content=\"Tempo di lettura stimato\">\n\t<meta name=\"twitter:data1\" content=\"1 minuto\">\n<script type=\"application\/ld+json\" class=\"yoast-schema-graph\">{\"@context\":\"https:\/\/schema.org\",\"@graph\":[{\"@type\":\"WebSite\",\"@id\":\"https:\/\/www.gecoexpo.com\/2021\/#website\",\"url\":\"https:\/\/www.gecoexpo.com\/2021\/\",\"name\":\"Geco, I edizione la fiera virtuale sulla sostenibilit&agrave;\",\"description\":\"Green tourism, mobility &amp; energy expo\",\"potentialAction\":[{\"@type\":\"SearchAction\",\"target\":\"https:\/\/www.gecoexpo.com\/2021\/?s={search_term_string}\",\"query-input\":\"required name=search_term_string\"}],\"inLanguage\":\"it-IT\"},{\"@type\":\"WebPage\",\"@id\":\"https:\/\/www.gecoexpo.com\/2021\/fr\/revue-de-presse\/#webpage\",\"url\":\"https:\/\/www.gecoexpo.com\/2021\/fr\/revue-de-presse\/\",\"name\":\"REVUE DE PRESSE - Geco, I edizione la fiera virtuale sulla sostenibilit&agrave;\",\"isPartOf\":{\"@id\":\"https:\/\/www.gecoexpo.com\/2021\/#website\"},\"datePublished\":\"2020-09-09T12:28:25+00:00\",\"dateModified\":\"2021-10-01T11:00:39+00:00\",\"description\":\"Que disent nos partenaires, sponsors et m\\u00e9dias \\u00e0 notre sujet ? Vous trouverez ici l'espace pour vous tenir au courant de la foire virtuelle GECO.\",\"breadcrumb\":{\"@id\":\"https:\/\/www.gecoexpo.com\/2021\/fr\/revue-de-presse\/#breadcrumb\"},\"inLanguage\":\"it-IT\",\"potentialAction\":[{\"@type\":\"ReadAction\",\"target\":[\"https:\/\/www.gecoexpo.com\/2021\/fr\/revue-de-presse\/\"]}]},{\"@type\":\"BreadcrumbList\",\"@id\":\"https:\/\/www.gecoexpo.com\/2021\/fr\/revue-de-presse\/#breadcrumb\",\"itemListElement\":[{\"@type\":\"ListItem\",\"position\":1,\"item\":{\"@type\":\"WebPage\",\"@id\":\"https:\/\/www.gecoexpo.com\/2021\/\",\"url\":\"https:\/\/www.gecoexpo.com\/2021\/\",\"name\":\"Home\"}},{\"@type\":\"ListItem\",\"position\":2,\"item\":{\"@id\":\"https:\/\/www.gecoexpo.com\/2021\/fr\/revue-de-presse\/#webpage\"}}]}]}<\/script>\n<!-- \/ Yoast SEO plugin. -->","_links":{"self":[{"href":"https:\/\/www.gecoexpo.com\/2021\/wp-json\/wp\/v2\/pages\/10328"}],"collection":[{"href":"https:\/\/www.gecoexpo.com\/2021\/wp-json\/wp\/v2\/pages"}],"about":[{"href":"https:\/\/www.gecoexpo.com\/2021\/wp-json\/wp\/v2\/types\/page"}],"author":[{"embeddable":true,"href":"https:\/\/www.gecoexpo.com\/2021\/wp-json\/wp\/v2\/users\/4"}],"replies":[{"embeddable":true,"href":"https:\/\/www.gecoexpo.com\/2021\/wp-json\/wp\/v2\/comments?post=10328"}],"version-history":[{"count":2,"href":"https:\/\/www.gecoexpo.com\/2021\/wp-json\/wp\/v2\/pages\/10328\/revisions"}],"predecessor-version":[{"id":10330,"href":"https:\/\/www.gecoexpo.com\/2021\/wp-json\/wp\/v2\/pages\/10328\/revisions\/10330"}],"wp:attachment":[{"href":"https:\/\/www.gecoexpo.com\/2021\/wp-json\/wp\/v2\/media?parent=10328"}],"curies":[{"name":"wp","href":"https:\/\/api.w.org\/{rel}","templated":true}]}}