{"id":10344,"date":"2020-11-25T15:47:36","date_gmt":"2020-11-25T14:47:36","guid":{"rendered":"https:\/\/www.gecoexpo.com\/2021\/smart-talk-video-contest\/"},"modified":"2021-11-02T13:00:14","modified_gmt":"2021-11-02T12:00:14","slug":"smart-talk-video-contest","status":"publish","type":"page","link":"https:\/\/www.gecoexpo.com\/2021\/fr\/smart-talk-video-contest\/","title":{"rendered":"Smart Talk Video Contest"},"content":{"rendered":"<h3><span style=\"color: #28285b;\"><strong>QU&#8217;EST-CE QU&#8217;UN SMART TALK ?<br \/>\n<\/strong><\/span><\/h3>\n<p class=\"p1\"><strong>De courtes vid\u00e9os de 3 minutes<\/strong>, n\u00e9es du d\u00e9sir de <strong>promouvoir des id\u00e9es et des projets li\u00e9s \u00e0 la bonne et constante pratique de la DURABILIT\u00c9 et de la BIODIVERSIT\u00c9 au niveau individuel et\/ou collectif<\/strong> dans la vie de tous les jours, en ville, en vacances, en voyage, sur le lieu de travail, dans le secteur public, dans le secteur priv\u00e9.<\/p>\n<p class=\"p1\">Les Smart Talks qui repr\u00e9sentent et communiquent le mieux une id\u00e9e ou un projet durable et\/ou biodivers <strong>seront r\u00e9compens\u00e9s par un jury d&#8217;experts le dernier jour du salon GECO, le 30 janvier 2021<\/strong>. L&#8217;objectif est un changement individuel et collectif durable et biodiversifi\u00e9 pour le pr\u00e9sent et l&#8217;avenir de notre plan\u00e8te, de nos villes, de la soci\u00e9t\u00e9, de l&#8217;\u00e9conomie en g\u00e9n\u00e9ral et de l&#8217;industrie. <strong>La participation est gratuite<\/strong>.<\/p>\n<p><img loading=\"lazy\" class=\"aligncenter wp-image-3404 size-full\" src=\"http:\/\/www.gecoexpo.com\/2021\/wp-content\/uploads\/2020\/11\/smart-talk-video-contest.gif\" alt=\"\" width=\"1440\" height=\"810\" \/><\/p>\n<p>&nbsp;<\/p>\n<h3><span style=\"color: #28285b;\"><strong>CE QUE NOUS ENTENDONS PAR DURABILIT\u00c9<br \/>\n<\/strong><\/span><\/h3>\n<p class=\"p1\">La durabilit\u00e9 est <strong>le processus de changement et de d\u00e9veloppement environnemental<\/strong>, \u00e9conomique et social visant \u00e0 r\u00e9pondre aux besoins des g\u00e9n\u00e9rations actuelles sans compromettre la vie et la disponibilit\u00e9 des ressources des g\u00e9n\u00e9rations futures, en se conformant et en contribuant individuellement et collectivement \u00e0 la r\u00e9alisation des <strong>objectifs durables de l&#8217;Agenda 2030<\/strong> \u00e0 court, moyen et long terme.<\/p>\n<p class=\"p1\">La durabilit\u00e9 est un d\u00e9fi humain, social et culturel qui implique le droit international et national, les syst\u00e8mes politiques, \u00e9conomiques, \u00e9nerg\u00e9tiques, technologiques, architecturaux, urbains et agricoles, la production industrielle, l&#8217;artisanat, les transports, les modes de vie locaux, collectifs et individuels et la consommation critique, afin de garantir une \u00e9conomie circulaire de partage, de collaboration, de valorisation et de respect de nos ressources, de nos villes, de nos lieux et cadres de vie et de notre quotidien.<\/p>\n<h3><span style=\"color: #28285b;\"><strong>CE QUE NOUS ENTENDONS PAR BIODIVERSIT\u00c9<br \/>\n<\/strong><\/span><\/h3>\n<p class=\"p1\">La <strong>biodiversit\u00e9 est l&#8217;expression et la protection de la vari\u00e9t\u00e9 des organismes vivants \u00e0 tous les niveaux<\/strong>, ainsi que des syst\u00e8mes \u00e9cologiques dont ils font partie ; cela implique le respect et la valorisation de la diversit\u00e9 au sein des esp\u00e8ces animales, v\u00e9g\u00e9tales et humaines et entre les esp\u00e8ces, ainsi que le respect et la valorisation de la vari\u00e9t\u00e9 des \u00e9cosyst\u00e8mes, des communaut\u00e9s et des organismes vivants pr\u00e9sents dans un habitat particulier.<\/p>\n<p class=\"p1\">La biodiversit\u00e9 dans les organisations quotidiennes &#8211; \u00e9cole, maison, famille, paroisse, h\u00f4pital, entreprise, service, bureau, pratique professionnelle, prison, quartier, etc. &#8211; est le r\u00e9sultat d&#8217;un processus \u00e9volutif constant, dans lequel les personnes s&#8217;adaptent \u00e0 l&#8217;environnement en le modifiant par une interaction active en pr\u00e9sence et \u00e0 distance, en maintenant leur sp\u00e9cificit\u00e9 et leur identit\u00e9 dans la <strong>multidimensionnalit\u00e9, la multiculturalit\u00e9, la multidisciplinarit\u00e9<\/strong>. Chaque personne, par ses actions ou non-actions quotidiennes, est en mesure de garantir ou de mettre en p\u00e9ril l&#8217;\u00e9quilibre de l&#8217;habitat, du contexte, de l&#8217;environnement, de la ville, de l&#8217;organisation priv\u00e9e, publique, professionnelle, personnelle dans laquelle elle vit et se d\u00e9place. Avoir une attitude biodiverse signifie \u00eatre soucieux de prot\u00e9ger la diversit\u00e9 et l&#8217;identit\u00e9 dans l&#8217;int\u00e9gration et l&#8217;innovation.<\/p>\n<h3><span style=\"color: #28285b;\"><strong>QUI PEUT PROPOSER UN SMAR TALK<br \/>\n<\/strong><\/span><\/h3>\n<p class=\"p1\">1) Les<strong> start-ups<\/strong> qui ont lanc\u00e9 et sont sur le point de lancer de nouveaux projets, les <strong>entreprises publiques et priv\u00e9es, les studios professionnels, les agences, les destinations, les organismes d&#8217;agr\u00e9gation territoriale nationaux et internationaux<\/strong>, qui ont d\u00e9j\u00e0 r\u00e9alis\u00e9 des cas de r\u00e9ussite, ou qui d\u00e9veloppent de nouveaux projets et souhaitent les faire conna\u00eetre \u00e0 un large public int\u00e9ress\u00e9.<\/p>\n<p class=\"p1\">2) <strong>Universit\u00e9s, instituts, lyc\u00e9es, \u00e9coles, \u00e9tudiants, jeunes italiens et \u00e9trangers<\/strong> qui ont con\u00e7u ou sont en train de concevoir des initiatives et des solutions sur les th\u00e8mes de la &#8220;durabilit\u00e9&#8221; et de la &#8220;biodiversit\u00e9&#8221;.<\/p>\n<h3><span style=\"color: #28285b;\"><strong> OU VOIR LES SMART TALKS <\/strong><\/span><\/h3>\n<p class=\"p1\">Une <strong>Smart Room<\/strong> sp\u00e9cifique sera cr\u00e9\u00e9e au sein du salon virtuel, o\u00f9 les vid\u00e9os Smart Talk, pr\u00e9alablement visionn\u00e9es et s\u00e9lectionn\u00e9es par le comit\u00e9 <strong>GECO<\/strong>, seront visibles par tous les visiteurs et exposants pendant les trois jours du salon, \u00e0 tout moment (H24).<\/p>\n<h3><span style=\"color: #28285b;\"><strong>COMMENT PARTICIPER AUX SMART TALKS<br \/>\n<\/strong><\/span><\/h3>\n<p class=\"p1\">Les candidats italiens et \u00e9trangers, qui doivent \u00eatre majeurs, doivent envoyer une vid\u00e9o <strong>d&#8217;une dur\u00e9e maximale de 3 minutes<\/strong>, r\u00e9sumant le projet, l&#8217;id\u00e9e, la solution, l&#8217;activit\u00e9, la proposition, la meilleure pratique en italien et\/ou en anglais.<\/p>\n<p class=\"p1\"><strong>Les contributions vid\u00e9o doivent s&#8217;inscrire dans la pratique de la DURABILIT\u00c9 et de la BIODIVERSIT\u00c9<\/strong> dans la vie quotidienne, en vacances, en voyage, sur le lieu de travail, dans la vie priv\u00e9e, et doivent communiquer un message de changement durable, de biodiversit\u00e9 individuelle et collective pour le pr\u00e9sent et l&#8217;avenir qui a un impact sur notre plan\u00e8te, nos villes, la soci\u00e9t\u00e9, l&#8217;\u00e9conomie en g\u00e9n\u00e9ral, l&#8217;industrie du tourisme et des \u00e9v\u00e9nements.<\/p>\n<h3><strong><span style=\"color: #28285b;\">CRIT\u00c8RES DE NOTATION POUR D\u00c9TERMINER LES GAGNANTS<br \/>\n<\/span><\/strong><\/h3>\n<p>Les candidats aux Smart Talks sont s\u00e9lectionn\u00e9s sur la base des crit\u00e8res suivants :<\/p>\n<ul>\n<li>Faisabilit\u00e9<\/li>\n<li>Innovation, originalit\u00e9 de l&#8217;id\u00e9e, du projet<\/li>\n<li>Impact durable et sur la biodiversit\u00e9<\/li>\n<li>Reproductibilit\u00e9 du projet et de l&#8217;id\u00e9e<\/li>\n<li>Capacit\u00e9 \u00e0 impliquer activement les gens<\/li>\n<\/ul>\n<p><strong><p class=\"text-center custom-button\"><a class=\"btn btn-primary my-3\"  href=\"http:\/\/www.gecoexpo.com\/2021\/giuria-e-premi-smart-talk\/\" align=\"center\"><span>D\u00e9couvrez le jury et les prix de Smart Talk<\/span><\/a><\/p><\/strong><\/p>\n<p>&nbsp;<\/p>\n<h3><strong><span style=\"color: #28285b;\">D\u00c9LAIS DE SOUMISSION<\/span><\/strong><\/h3>\n<p class=\"p1\">La <strong>demande Smart Talk doit \u00eatre soumise entre le 25\/11\/2020 et le 15\/01\/2021.<\/strong> Chaque vid\u00e9o, envoy\u00e9e au plus tard \u00e0 la date limite, sera soumise au jury avant l&#8217;\u00e9v\u00e9nement afin de d\u00e9signer les gagnants.<\/p>\n<p class=\"p1\">La <strong>c\u00e9r\u00e9monie de remise des prix aura lieu le 30 janvier 2021, \u00e0 17 heures, dans l&#8217;auditorium virtuel de la Foire<\/strong>. Les juges et les intervenants des Smart Talks d\u00e9cern\u00e9s par le jury et le public de la foire seront pr\u00e9sents.<\/p>\n<p>&nbsp;<\/p>\n<p><strong><a href=\"http:\/\/www.gecoexpo.com\/2021\/regolamento-smart-talk\/\">LIRE LE R\u00c8GLEMENT<\/a><\/strong><\/p>\n<h3><\/h3>\n","protected":false},"excerpt":{"rendered":"<p>QU&#8217;EST-CE QU&#8217;UN SMART TALK ? De courtes vid\u00e9os de 3 minutes, n\u00e9es du d\u00e9sir de promouvoir des id\u00e9es et des projets li\u00e9s \u00e0 la bonne et constante pratique de la DURABILIT\u00c9 et de la BIODIVERSIT\u00c9 au niveau individuel et\/ou collectif dans la vie de tous les jours, en ville, en vacances, en voyage, sur le [&hellip;]<\/p>\n","protected":false},"author":4,"featured_media":0,"parent":0,"menu_order":0,"comment_status":"closed","ping_status":"closed","template":"tpl-sponsor.php","meta":[],"yoast_head":"<!-- This site is optimized with the Yoast SEO plugin v16.3 - https:\/\/yoast.com\/wordpress\/plugins\/seo\/ -->\n<meta name=\"description\" content=\"Participez au concours vid\u00e9o &quot;Smart Talks for sustainable progress&quot; de GECO. Lisez les r\u00e8gles et soumettez votre projet vert.\" \/>\n<meta name=\"robots\" content=\"index, follow, max-snippet:-1, max-image-preview:large, max-video-preview:-1\" \/>\n<link rel=\"canonical\" href=\"https:\/\/www.gecoexpo.com\/2021\/smart-talk-video-contest\/\" \/>\n<meta property=\"og:locale\" content=\"it_IT\" \/>\n<meta property=\"og:type\" content=\"article\" \/>\n<meta property=\"og:title\" content=\"Smart Talk Video Contest - GECO\" \/>\n<meta property=\"og:description\" content=\"Participez au concours vid\u00e9o &quot;Smart Talks for sustainable progress&quot; de GECO. Lisez les r\u00e8gles et soumettez votre projet vert.\" \/>\n<meta property=\"og:url\" content=\"https:\/\/www.gecoexpo.com\/2021\/fr\/smart-talk-video-contest\/\" \/>\n<meta property=\"og:site_name\" content=\"Geco, I edizione la fiera virtuale sulla sostenibilit&agrave;\" \/>\n<meta property=\"article:modified_time\" content=\"2021-11-02T12:00:14+00:00\" \/>\n<meta property=\"og:image\" content=\"http:\/\/www.gecoexpo.com\/2021\/wp-content\/uploads\/2020\/11\/smart-talk-video-contest.gif\" \/>\n<meta name=\"twitter:card\" content=\"summary_large_image\" \/>\n<meta name=\"twitter:label1\" content=\"Tempo di lettura stimato\">\n\t<meta name=\"twitter:data1\" content=\"4 minuti\">\n<script type=\"application\/ld+json\" class=\"yoast-schema-graph\">{\"@context\":\"https:\/\/schema.org\",\"@graph\":[{\"@type\":\"WebSite\",\"@id\":\"https:\/\/www.gecoexpo.com\/2021\/#website\",\"url\":\"https:\/\/www.gecoexpo.com\/2021\/\",\"name\":\"Geco, I edizione la fiera virtuale sulla sostenibilit&agrave;\",\"description\":\"Green tourism, mobility &amp; energy expo\",\"potentialAction\":[{\"@type\":\"SearchAction\",\"target\":\"https:\/\/www.gecoexpo.com\/2021\/?s={search_term_string}\",\"query-input\":\"required name=search_term_string\"}],\"inLanguage\":\"it-IT\"},{\"@type\":\"ImageObject\",\"@id\":\"https:\/\/www.gecoexpo.com\/2021\/fr\/smart-talk-video-contest\/#primaryimage\",\"inLanguage\":\"it-IT\",\"url\":\"http:\/\/www.gecoexpo.com\/2021\/wp-content\/uploads\/2020\/11\/smart-talk-video-contest.gif\",\"contentUrl\":\"http:\/\/www.gecoexpo.com\/2021\/wp-content\/uploads\/2020\/11\/smart-talk-video-contest.gif\"},{\"@type\":\"WebPage\",\"@id\":\"https:\/\/www.gecoexpo.com\/2021\/fr\/smart-talk-video-contest\/#webpage\",\"url\":\"https:\/\/www.gecoexpo.com\/2021\/fr\/smart-talk-video-contest\/\",\"name\":\"Smart Talk Video Contest - GECO\",\"isPartOf\":{\"@id\":\"https:\/\/www.gecoexpo.com\/2021\/#website\"},\"primaryImageOfPage\":{\"@id\":\"https:\/\/www.gecoexpo.com\/2021\/fr\/smart-talk-video-contest\/#primaryimage\"},\"datePublished\":\"2020-11-25T14:47:36+00:00\",\"dateModified\":\"2021-11-02T12:00:14+00:00\",\"description\":\"Participez au concours vid\\u00e9o \\\"Smart Talks for sustainable progress\\\" de GECO. Lisez les r\\u00e8gles et soumettez votre projet vert.\",\"breadcrumb\":{\"@id\":\"https:\/\/www.gecoexpo.com\/2021\/fr\/smart-talk-video-contest\/#breadcrumb\"},\"inLanguage\":\"it-IT\",\"potentialAction\":[{\"@type\":\"ReadAction\",\"target\":[\"https:\/\/www.gecoexpo.com\/2021\/fr\/smart-talk-video-contest\/\"]}]},{\"@type\":\"BreadcrumbList\",\"@id\":\"https:\/\/www.gecoexpo.com\/2021\/fr\/smart-talk-video-contest\/#breadcrumb\",\"itemListElement\":[{\"@type\":\"ListItem\",\"position\":1,\"item\":{\"@type\":\"WebPage\",\"@id\":\"https:\/\/www.gecoexpo.com\/2021\/\",\"url\":\"https:\/\/www.gecoexpo.com\/2021\/\",\"name\":\"Home\"}},{\"@type\":\"ListItem\",\"position\":2,\"item\":{\"@id\":\"https:\/\/www.gecoexpo.com\/2021\/fr\/smart-talk-video-contest\/#webpage\"}}]}]}<\/script>\n<!-- \/ Yoast SEO plugin. -->","_links":{"self":[{"href":"https:\/\/www.gecoexpo.com\/2021\/wp-json\/wp\/v2\/pages\/10344"}],"collection":[{"href":"https:\/\/www.gecoexpo.com\/2021\/wp-json\/wp\/v2\/pages"}],"about":[{"href":"https:\/\/www.gecoexpo.com\/2021\/wp-json\/wp\/v2\/types\/page"}],"author":[{"embeddable":true,"href":"https:\/\/www.gecoexpo.com\/2021\/wp-json\/wp\/v2\/users\/4"}],"replies":[{"embeddable":true,"href":"https:\/\/www.gecoexpo.com\/2021\/wp-json\/wp\/v2\/comments?post=10344"}],"version-history":[{"count":3,"href":"https:\/\/www.gecoexpo.com\/2021\/wp-json\/wp\/v2\/pages\/10344\/revisions"}],"predecessor-version":[{"id":10832,"href":"https:\/\/www.gecoexpo.com\/2021\/wp-json\/wp\/v2\/pages\/10344\/revisions\/10832"}],"wp:attachment":[{"href":"https:\/\/www.gecoexpo.com\/2021\/wp-json\/wp\/v2\/media?parent=10344"}],"curies":[{"name":"wp","href":"https:\/\/api.w.org\/{rel}","templated":true}]}}