{"id":10380,"date":"2020-09-09T14:28:25","date_gmt":"2020-09-09T12:28:25","guid":{"rendered":"https:\/\/www.gecoexpo.com\/2021\/sponsor\/"},"modified":"2021-10-26T16:53:44","modified_gmt":"2021-10-26T14:53:44","slug":"sponsor","status":"publish","type":"page","link":"https:\/\/www.gecoexpo.com\/2021\/fr\/sponsor\/","title":{"rendered":"SPONSOR"},"content":{"rendered":"<h3 style=\"text-align: center;\">Devenir un sponsor ?<\/h3>\n<p style=\"text-align: center;\">Votre marque au salon virtuel GECO : salon du tourisme vert, de la mobilit\u00e9 et de l&#8217;\u00e9nergie.<\/p>\n<p>&nbsp;<\/p>\n<p class=\"text-center custom-button\"><a class=\"btn btn-primary my-3\"  href=\"#form-footer\" align=\"center\"><span>RECEVOIR UNE PROPOSITION<\/span><\/a><\/p>\n<p class=\"p1\">\u00c9largissez vos possibilit\u00e9s de <strong>networking et de lead generation<\/strong> en devenant sponsor et porte-parole de la premi\u00e8re foire de la durabilit\u00e9 sur la mobilit\u00e9, le tourisme et l&#8217;\u00e9nergie en Italie, qui se d\u00e9roulera dans un GECO totalement virtuel.<\/p>\n<p class=\"p1\">Faites conna\u00eetre votre entreprise \u00e0 un public cible dans le secteur du tourisme, de la mobilit\u00e9 et de l&#8217;\u00e9nergie durable. GECO est une occasion unique de mettre en avant la sensibilit\u00e9 de votre marque aux questions de vie verte dans le respect de notre plan\u00e8te.<\/p>\n<p class=\"p1\">Les possibilit\u00e9s de parrainage au salon virtuel GECO sont nombreuses et peuvent \u00eatre <strong>personnalis\u00e9es en fonction de vos objectifs commerciaux<\/strong>. <span class=\"Apple-converted-space\">\u00a0 <\/span>Nous trouverons ensemble la solution qui r\u00e9pond le mieux \u00e0 vos attentes, en respectant le ton de votre entreprise.<\/p>\n<p class=\"p2\"><span class=\"Apple-converted-space\">\u00a0<\/span><\/p>\n<p>&nbsp;<\/p>\n<h3 style=\"text-align: center;\"><em>Qui a d\u00e9cid\u00e9 de nous soutenir<\/em><\/h3>\n","protected":false},"excerpt":{"rendered":"<p>Devenir un sponsor ? Votre marque au salon virtuel GECO : salon du tourisme vert, de la mobilit\u00e9 et de l&#8217;\u00e9nergie. &nbsp; \u00c9largissez vos possibilit\u00e9s de networking et de lead generation en devenant sponsor et porte-parole de la premi\u00e8re foire de la durabilit\u00e9 sur la mobilit\u00e9, le tourisme et l&#8217;\u00e9nergie en Italie, qui se d\u00e9roulera [&hellip;]<\/p>\n","protected":false},"author":4,"featured_media":0,"parent":0,"menu_order":0,"comment_status":"closed","ping_status":"closed","template":"tpl-sponsor.php","meta":[],"yoast_head":"<!-- This site is optimized with the Yoast SEO plugin v16.3 - https:\/\/yoast.com\/wordpress\/plugins\/seo\/ -->\n<meta name=\"description\" content=\"Devenez sponsor et porte-parole du premier salon GECO totalement virtuel sur la durabilit\u00e9, le tourisme, la mobilit\u00e9 et l&#039;\u00e9nergie en Italie. Contactez nous aujourd&#039;hui !\" \/>\n<meta name=\"robots\" content=\"index, follow, max-snippet:-1, max-image-preview:large, max-video-preview:-1\" \/>\n<link rel=\"canonical\" href=\"https:\/\/www.gecoexpo.com\/2021\/sponsor\/\" \/>\n<meta property=\"og:locale\" content=\"it_IT\" \/>\n<meta property=\"og:type\" content=\"article\" \/>\n<meta property=\"og:title\" content=\"Devenez sponsor - Geco, I edizione la fiera virtuale sulla sostenibilit&agrave;\" \/>\n<meta property=\"og:description\" content=\"Devenez sponsor et porte-parole du premier salon GECO totalement virtuel sur la durabilit\u00e9, le tourisme, la mobilit\u00e9 et l&#039;\u00e9nergie en Italie. Contactez nous aujourd&#039;hui !\" \/>\n<meta property=\"og:url\" content=\"https:\/\/www.gecoexpo.com\/2021\/fr\/sponsor\/\" \/>\n<meta property=\"og:site_name\" content=\"Geco, I edizione la fiera virtuale sulla sostenibilit&agrave;\" \/>\n<meta property=\"article:modified_time\" content=\"2021-10-26T14:53:44+00:00\" \/>\n<meta property=\"og:image\" content=\"https:\/\/www.gecoexpo.com\/2021\/wp-content\/uploads\/2020\/07\/Logo-Geco-web_Tavola-disegno-1.png\" \/>\n\t<meta property=\"og:image:width\" content=\"960\" \/>\n\t<meta property=\"og:image:height\" content=\"560\" \/>\n<meta name=\"twitter:card\" content=\"summary_large_image\" \/>\n<meta name=\"twitter:label1\" content=\"Tempo di lettura stimato\">\n\t<meta name=\"twitter:data1\" content=\"1 minuto\">\n<script type=\"application\/ld+json\" class=\"yoast-schema-graph\">{\"@context\":\"https:\/\/schema.org\",\"@graph\":[{\"@type\":\"WebSite\",\"@id\":\"https:\/\/www.gecoexpo.com\/2021\/#website\",\"url\":\"https:\/\/www.gecoexpo.com\/2021\/\",\"name\":\"Geco, I edizione la fiera virtuale sulla sostenibilit&agrave;\",\"description\":\"Green tourism, mobility &amp; energy expo\",\"potentialAction\":[{\"@type\":\"SearchAction\",\"target\":\"https:\/\/www.gecoexpo.com\/2021\/?s={search_term_string}\",\"query-input\":\"required name=search_term_string\"}],\"inLanguage\":\"it-IT\"},{\"@type\":\"ImageObject\",\"@id\":\"https:\/\/www.gecoexpo.com\/2021\/fr\/sponsor\/#primaryimage\",\"inLanguage\":\"it-IT\",\"url\":\"https:\/\/www.gecoexpo.com\/2021\/wp-content\/uploads\/2020\/07\/Logo-Geco-web_Tavola-disegno-1.png\",\"contentUrl\":\"https:\/\/www.gecoexpo.com\/2021\/wp-content\/uploads\/2020\/07\/Logo-Geco-web_Tavola-disegno-1.png\",\"width\":960,\"height\":560},{\"@type\":\"WebPage\",\"@id\":\"https:\/\/www.gecoexpo.com\/2021\/fr\/sponsor\/#webpage\",\"url\":\"https:\/\/www.gecoexpo.com\/2021\/fr\/sponsor\/\",\"name\":\"Devenez sponsor - Geco, I edizione la fiera virtuale sulla sostenibilit&agrave;\",\"isPartOf\":{\"@id\":\"https:\/\/www.gecoexpo.com\/2021\/#website\"},\"datePublished\":\"2020-09-09T12:28:25+00:00\",\"dateModified\":\"2021-10-26T14:53:44+00:00\",\"description\":\"Devenez sponsor et porte-parole du premier salon GECO totalement virtuel sur la durabilit\\u00e9, le tourisme, la mobilit\\u00e9 et l'\\u00e9nergie en Italie. Contactez nous aujourd'hui !\",\"breadcrumb\":{\"@id\":\"https:\/\/www.gecoexpo.com\/2021\/fr\/sponsor\/#breadcrumb\"},\"inLanguage\":\"it-IT\",\"potentialAction\":[{\"@type\":\"ReadAction\",\"target\":[\"https:\/\/www.gecoexpo.com\/2021\/fr\/sponsor\/\"]}]},{\"@type\":\"BreadcrumbList\",\"@id\":\"https:\/\/www.gecoexpo.com\/2021\/fr\/sponsor\/#breadcrumb\",\"itemListElement\":[{\"@type\":\"ListItem\",\"position\":1,\"item\":{\"@type\":\"WebPage\",\"@id\":\"https:\/\/www.gecoexpo.com\/2021\/\",\"url\":\"https:\/\/www.gecoexpo.com\/2021\/\",\"name\":\"Home\"}},{\"@type\":\"ListItem\",\"position\":2,\"item\":{\"@id\":\"https:\/\/www.gecoexpo.com\/2021\/fr\/sponsor\/#webpage\"}}]}]}<\/script>\n<!-- \/ Yoast SEO plugin. -->","_links":{"self":[{"href":"https:\/\/www.gecoexpo.com\/2021\/wp-json\/wp\/v2\/pages\/10380"}],"collection":[{"href":"https:\/\/www.gecoexpo.com\/2021\/wp-json\/wp\/v2\/pages"}],"about":[{"href":"https:\/\/www.gecoexpo.com\/2021\/wp-json\/wp\/v2\/types\/page"}],"author":[{"embeddable":true,"href":"https:\/\/www.gecoexpo.com\/2021\/wp-json\/wp\/v2\/users\/4"}],"replies":[{"embeddable":true,"href":"https:\/\/www.gecoexpo.com\/2021\/wp-json\/wp\/v2\/comments?post=10380"}],"version-history":[{"count":3,"href":"https:\/\/www.gecoexpo.com\/2021\/wp-json\/wp\/v2\/pages\/10380\/revisions"}],"predecessor-version":[{"id":10799,"href":"https:\/\/www.gecoexpo.com\/2021\/wp-json\/wp\/v2\/pages\/10380\/revisions\/10799"}],"wp:attachment":[{"href":"https:\/\/www.gecoexpo.com\/2021\/wp-json\/wp\/v2\/media?parent=10380"}],"curies":[{"name":"wp","href":"https:\/\/api.w.org\/{rel}","templated":true}]}}