{"id":10472,"date":"2020-09-09T15:07:32","date_gmt":"2020-09-09T13:07:32","guid":{"rendered":"https:\/\/www.gecoexpo.com\/2021\/elenco-espositori\/"},"modified":"2021-10-01T15:47:44","modified_gmt":"2021-10-01T13:47:44","slug":"liste-des-exposants","status":"publish","type":"page","link":"https:\/\/www.gecoexpo.com\/2021\/fr\/liste-des-exposants\/","title":{"rendered":"STANDS D&#8217;EXPOSITION PERSONNALIS\u00c9S ET PAVILLONS \u00c0 TH\u00c8ME \u00c0 GECO EXPO"},"content":{"rendered":"<div class=\"row\">\n<div class=\"col-lg-4\"><iframe loading=\"lazy\" title=\"YouTube video player\" src=\"https:\/\/www.youtube.com\/embed\/kqRKw9AKTj0\" width=\"100%\" height=\"315\" frameborder=\"0\" allowfullscreen=\"allowfullscreen\"><\/iframe><\/div>\n<div class=\"col-lg-4\"><iframe loading=\"lazy\" title=\"YouTube video player\" src=\"https:\/\/www.youtube.com\/embed\/hkJqZgCbpyg\" width=\"100%\" height=\"315\" frameborder=\"0\" allowfullscreen=\"allowfullscreen\"><\/iframe><\/div>\n<div class=\"col-lg-4\"><iframe loading=\"lazy\" title=\"YouTube video player\" src=\"https:\/\/www.youtube.com\/embed\/axN7pjKQIrg\" width=\"100%\" height=\"315\" frameborder=\"0\" allowfullscreen=\"allowfullscreen\"><\/iframe><\/div>\n<\/div>\n<p>&nbsp;<\/p>\n<h2 style=\"text-align: center;\">LISTE DES EXPOSANTS 2021<\/h2>\n","protected":false},"excerpt":{"rendered":"<p>&nbsp; LISTE DES EXPOSANTS 2021<\/p>\n","protected":false},"author":2,"featured_media":0,"parent":0,"menu_order":0,"comment_status":"closed","ping_status":"closed","template":"tpl-espositori.php","meta":[],"yoast_head":"<!-- This site is optimized with the Yoast SEO plugin v16.3 - https:\/\/yoast.com\/wordpress\/plugins\/seo\/ -->\n<meta name=\"description\" content=\"Consultez la liste des exposants du salon virtuel Gecko 2021. D\u00e9couvrez les diff\u00e9rents secteurs, produits et services li\u00e9s \u00e0 la durabilit\u00e9.\" \/>\n<meta name=\"robots\" content=\"noindex, nofollow\" \/>\n<meta property=\"og:locale\" content=\"it_IT\" \/>\n<meta property=\"og:type\" content=\"article\" \/>\n<meta property=\"og:title\" content=\"STANDS D&#039;EXPOSITION PERSONNALIS\u00c9S ET PAVILLONS \u00c0 TH\u00c8ME \u00c0 GECO EXPO - Geco, I edizione la fiera virtuale sulla sostenibilit&agrave;\" \/>\n<meta property=\"og:description\" content=\"Consultez la liste des exposants du salon virtuel Gecko 2021. D\u00e9couvrez les diff\u00e9rents secteurs, produits et services li\u00e9s \u00e0 la durabilit\u00e9.\" \/>\n<meta property=\"og:url\" content=\"https:\/\/www.gecoexpo.com\/2021\/fr\/liste-des-exposants\/\" \/>\n<meta property=\"og:site_name\" content=\"Geco, I edizione la fiera virtuale sulla sostenibilit&agrave;\" \/>\n<meta property=\"article:modified_time\" content=\"2021-10-01T13:47:44+00:00\" \/>\n<meta property=\"og:image\" content=\"https:\/\/www.gecoexpo.com\/2021\/wp-content\/uploads\/2020\/07\/Logo-Geco-web_Tavola-disegno-1.png\" \/>\n\t<meta property=\"og:image:width\" content=\"960\" \/>\n\t<meta property=\"og:image:height\" content=\"560\" \/>\n<meta name=\"twitter:card\" content=\"summary_large_image\" \/>\n<meta name=\"twitter:label1\" content=\"Tempo di lettura stimato\">\n\t<meta name=\"twitter:data1\" content=\"1 minuto\">\n<script type=\"application\/ld+json\" class=\"yoast-schema-graph\">{\"@context\":\"https:\/\/schema.org\",\"@graph\":[{\"@type\":\"WebSite\",\"@id\":\"https:\/\/www.gecoexpo.com\/2021\/#website\",\"url\":\"https:\/\/www.gecoexpo.com\/2021\/\",\"name\":\"Geco, I edizione la fiera virtuale sulla sostenibilit&agrave;\",\"description\":\"Green tourism, mobility &amp; energy expo\",\"potentialAction\":[{\"@type\":\"SearchAction\",\"target\":\"https:\/\/www.gecoexpo.com\/2021\/?s={search_term_string}\",\"query-input\":\"required name=search_term_string\"}],\"inLanguage\":\"it-IT\"},{\"@type\":\"WebPage\",\"@id\":\"https:\/\/www.gecoexpo.com\/2021\/fr\/liste-des-exposants\/#webpage\",\"url\":\"https:\/\/www.gecoexpo.com\/2021\/fr\/liste-des-exposants\/\",\"name\":\"STANDS D'EXPOSITION PERSONNALIS\\u00c9S ET PAVILLONS \\u00c0 TH\\u00c8ME \\u00c0 GECO EXPO - Geco, I edizione la fiera virtuale sulla sostenibilit&agrave;\",\"isPartOf\":{\"@id\":\"https:\/\/www.gecoexpo.com\/2021\/#website\"},\"datePublished\":\"2020-09-09T13:07:32+00:00\",\"dateModified\":\"2021-10-01T13:47:44+00:00\",\"description\":\"Consultez la liste des exposants du salon virtuel Gecko 2021. D\\u00e9couvrez les diff\\u00e9rents secteurs, produits et services li\\u00e9s \\u00e0 la durabilit\\u00e9.\",\"breadcrumb\":{\"@id\":\"https:\/\/www.gecoexpo.com\/2021\/fr\/liste-des-exposants\/#breadcrumb\"},\"inLanguage\":\"it-IT\",\"potentialAction\":[{\"@type\":\"ReadAction\",\"target\":[\"https:\/\/www.gecoexpo.com\/2021\/fr\/liste-des-exposants\/\"]}]},{\"@type\":\"BreadcrumbList\",\"@id\":\"https:\/\/www.gecoexpo.com\/2021\/fr\/liste-des-exposants\/#breadcrumb\",\"itemListElement\":[{\"@type\":\"ListItem\",\"position\":1,\"item\":{\"@type\":\"WebPage\",\"@id\":\"https:\/\/www.gecoexpo.com\/2021\/\",\"url\":\"https:\/\/www.gecoexpo.com\/2021\/\",\"name\":\"Home\"}},{\"@type\":\"ListItem\",\"position\":2,\"item\":{\"@id\":\"https:\/\/www.gecoexpo.com\/2021\/fr\/liste-des-exposants\/#webpage\"}}]}]}<\/script>\n<!-- \/ Yoast SEO plugin. -->","_links":{"self":[{"href":"https:\/\/www.gecoexpo.com\/2021\/wp-json\/wp\/v2\/pages\/10472"}],"collection":[{"href":"https:\/\/www.gecoexpo.com\/2021\/wp-json\/wp\/v2\/pages"}],"about":[{"href":"https:\/\/www.gecoexpo.com\/2021\/wp-json\/wp\/v2\/types\/page"}],"author":[{"embeddable":true,"href":"https:\/\/www.gecoexpo.com\/2021\/wp-json\/wp\/v2\/users\/2"}],"replies":[{"embeddable":true,"href":"https:\/\/www.gecoexpo.com\/2021\/wp-json\/wp\/v2\/comments?post=10472"}],"version-history":[{"count":2,"href":"https:\/\/www.gecoexpo.com\/2021\/wp-json\/wp\/v2\/pages\/10472\/revisions"}],"predecessor-version":[{"id":10474,"href":"https:\/\/www.gecoexpo.com\/2021\/wp-json\/wp\/v2\/pages\/10472\/revisions\/10474"}],"wp:attachment":[{"href":"https:\/\/www.gecoexpo.com\/2021\/wp-json\/wp\/v2\/media?parent=10472"}],"curies":[{"name":"wp","href":"https:\/\/api.w.org\/{rel}","templated":true}]}}