{"id":10811,"date":"2021-11-02T12:37:29","date_gmt":"2021-11-02T11:37:29","guid":{"rendered":"https:\/\/www.gecoexpo.com\/2021\/?page_id=10811"},"modified":"2021-11-02T12:37:29","modified_gmt":"2021-11-02T11:37:29","slug":"giuria-e-premi-smart-talk","status":"publish","type":"page","link":"https:\/\/www.gecoexpo.com\/2021\/fr\/giuria-e-premi-smart-talk\/","title":{"rendered":"Jury et Prix Smart Talk"},"content":{"rendered":"<p>Les <a href=\"https:\/\/www.gecoexpo.com\/2021\/fr\/smart-talk-video-contest\/\">Smart Talks<\/a> sont de courtes vid\u00e9os de 3 minutes pour promouvoir des id\u00e9es et des projets li\u00e9s \u00e0 la bonne et constante pratique de la DURABILIT\u00c9 et de la BIODIVERSIT\u00c9, et seront r\u00e9compens\u00e9es par un jury d&#8217;experts lors de la derni\u00e8re journ\u00e9e de la <strong>foire GECO, le 30 Janvier 2021. <\/strong><\/p>\n<p><strong>Prix GECO EXPO<\/strong><\/p>\n<ul>\n<li><strong>Smart Talk Award \u2013 1\u00e9re \u00e9dition<\/strong> : le prix sera remis au bureau du gagnant. Une reconnaissance prestigieuse et significative : le premier prix du d\u00e9veloppement durable.<\/li>\n<li><strong>Forfait visibilit\u00e9<\/strong> : publication d&#8217;1 vid\u00e9o (Smart talk) et 1 \u00e9ditorial sur le portail international <a href=\"https:\/\/www.renewablematter.eu\/home-en-us\/\">Renewable Matter<\/a>, magazine sp\u00e9cialis\u00e9 en \u00e9conomie circulaire et bio\u00e9conomie.<\/li>\n<li><strong>Coaching<\/strong> : <a href=\"https:\/\/www.accademiafelicita.it\/\">Accademia della Felicit\u00e0<\/a> propose 2 heures de coaching sur la construction du Personal Business Model. Au cours de ces deux heures, nous pr\u00e9senterons le mod\u00e8le commercial personnel en tant qu&#8217;outil pour cr\u00e9er de la valeur et transf\u00e9rer de la valeur \u00e0 ses clients et \u00e0 son \u00e9quipe et comment les personnes cl\u00e9s de l&#8217;entreprise cr\u00e9ent et transf\u00e8rent leur promesse de valeur \u00e0 un public sp\u00e9cifique. Nous allons donc travailler sur les leviers business et leadership. Les coachs avec lesquels les entreprises pourront travailler sont <a href=\"https:\/\/www.accademiafelicita.it\/chi-siamo\/\">Micaela Terzi<\/a> (Business Coach) et <a href=\"https:\/\/www.accademiafelicita.it\/chi-siamo\/\">Ilenia La Leggia<\/a> (Career and personal Coach). Le service sera r\u00e9serv\u00e9 \u00e0 une personne par entreprise.<\/li>\n<li><strong>Atelier biodiversit\u00e9<\/strong> : participation en tant qu&#8217;intervenant \u00e0 l&#8217;atelier national d\u00e9di\u00e9 aux \u00ab Journ\u00e9es mondiales de la diversit\u00e9 culturelle et de la biodiversit\u00e9 \u00bb n\u00e9 en 2018 et maintenant dans sa quatri\u00e8me \u00e9dition et pr\u00e9vu les 21 et 22 mai 2021.<\/li>\n<li><strong>Stand Platine<\/strong> : stand gratuit lors de la deuxi\u00e8me \u00e9dition du GECO 2022. L&#8217;objectif est de favoriser la continuit\u00e9 et l&#8217;\u00e9volution du projet.<\/li>\n<li><strong>Table ronde GECO 2022<\/strong> : intervention en tant qu&#8217;intervenant lors d&#8217;une table ronde pr\u00e9sente au programme de la deuxi\u00e8me \u00e9dition de GECO 2022.<\/li>\n<\/ul>\n<p>&nbsp;<\/p>\n<p><strong>Prix sp\u00e9ciaux offerts par les partenaires des Smart Talk *<\/strong><\/p>\n<p>* Pour cette cat\u00e9gorie l&#8217;attribution sera faite par le partenaire qui offrira le prix<\/p>\n<ul>\n<li><strong>UniCredit Start Lab Pack<\/strong> : propos\u00e9 aux entreprises d\u00e9j\u00e0 implant\u00e9es avec un produit\/service d\u00e9j\u00e0 en phase de commercialisation ou qui le sera dans les 6 mois. Le prix donnera acc\u00e8s \u00e0 la plateforme commerciale d<a href=\"https:\/\/www.unicreditstartlab.eu\/en.html\">\u2019UniCredit Start Lab<\/a> et comprendra :<\/li>\n<\/ul>\n<p>\u2713 affectation d&#8217;un mentor choisi parmi les professionnels, consultants, entrepreneurs, partenaires d&#8217;UniCredit sur l&#8217;innovation pour des confrontations p\u00e9riodiques avec les startups sur les aspects strat\u00e9giques et de croissance ;\u2713 participation \u00e0 la Startup Academy organis\u00e9e par UniCredit Start Lab ;<\/p>\n<p>\u2713 programme de coaching par l&#8217;\u00e9quipe UniCredit Start Lab ;<\/p>\n<p>\u2713 affectation d&#8217;un Relationship Manager UniCredit pour suivre les besoins bancaires ;<\/p>\n<p>\u2713 pour les startups disposant des conditions n\u00e9cessaires, organisation de Business Meetings avec les clients Corporate d&#8217;UniCredit et avec d&#8217;\u00e9ventuels investisseurs.<\/p>\n<ul>\n<li><strong>Pack Bizplace<\/strong> : assistance \u00e0 la r\u00e9daction d&#8217;un pitch de pr\u00e9sentation du projet destin\u00e9 aux op\u00e9rations de collecte de fonds pour le financement et le d\u00e9marrage du projet. Si la startup a un projet relatif \u00e0 un secteur en ad\u00e9quation avec les types d&#8217;investisseurs du r\u00e9seau <a href=\"https:\/\/www.bizplace.it\/?lang=en\">Bizplace<\/a> et est en phase de d\u00e9marrage avanc\u00e9e, Bizplace pourra accompagner le gagnant, en pr\u00e9sentant le pitch aux investisseurs de son r\u00e9seau.<\/li>\n<li><strong>Pack Guru Marketing<\/strong> : propos\u00e9 aux entreprises d\u00e9j\u00e0 implant\u00e9es avec un produit\/service d\u00e9j\u00e0 en phase de commercialisation ou qui le sera dans les 6 mois.<\/li>\n<\/ul>\n<p>Le prix sera un chemin entre le Design et l&#8217;Identit\u00e9 de la Marque. Un manuel de marque par <a href=\"https:\/\/guru.marketing\/\">Guru Marketing<\/a> avec des applications graphiques associ\u00e9es (logo, graphiques visuels, mod\u00e8les). <strong>Un restylage visuel et de contenu<\/strong>, destin\u00e9 au public cible.<\/p>\n<p>&nbsp;<\/p>\n<p><strong>La c\u00e9r\u00e9monie des prix aura lieu le 30 janvier 2021, \u00e0 17h00, dans l&#8217;auditorium virtuel de la Foire.<\/strong> Les juges et les orateurs des Smart Talks prim\u00e9s par le jury et le public du salon seront pr\u00e9sents.<\/p>\n<p>&nbsp;<\/p>\n<p>&nbsp;<\/p>\n","protected":false},"excerpt":{"rendered":"<p>Les Smart Talks sont de courtes vid\u00e9os de 3 minutes pour promouvoir des id\u00e9es et des projets li\u00e9s \u00e0 la bonne et constante pratique de la DURABILIT\u00c9 et de la BIODIVERSIT\u00c9, et seront r\u00e9compens\u00e9es par un jury d&#8217;experts lors de la derni\u00e8re journ\u00e9e de la foire GECO, le 30 Janvier 2021. Prix GECO EXPO Smart [&hellip;]<\/p>\n","protected":false},"author":4,"featured_media":0,"parent":0,"menu_order":0,"comment_status":"closed","ping_status":"closed","template":"tpl-giuria.php","meta":[],"yoast_head":"<!-- This site is optimized with the Yoast SEO plugin v16.3 - https:\/\/yoast.com\/wordpress\/plugins\/seo\/ -->\n<meta name=\"description\" content=\"Partecipa al video contest di GECO &quot;Smart Talks per un progresso sostenibile&quot;. Scopri i premi e la giuria.\" \/>\n<meta name=\"robots\" content=\"index, follow, max-snippet:-1, max-image-preview:large, max-video-preview:-1\" \/>\n<link rel=\"canonical\" href=\"https:\/\/www.gecoexpo.com\/2021\/giuria-e-premi-smart-talk\/\" \/>\n<meta property=\"og:locale\" content=\"it_IT\" \/>\n<meta property=\"og:type\" content=\"article\" \/>\n<meta property=\"og:title\" content=\"Jury et Prix Smart Talk - GECO\" \/>\n<meta property=\"og:description\" content=\"Partecipa al video contest di GECO &quot;Smart Talks per un progresso sostenibile&quot;. Scopri i premi e la giuria.\" \/>\n<meta property=\"og:url\" content=\"https:\/\/www.gecoexpo.com\/2021\/fr\/giuria-e-premi-smart-talk\/\" \/>\n<meta property=\"og:site_name\" content=\"Geco, I edizione la fiera virtuale sulla sostenibilit&agrave;\" \/>\n<meta property=\"og:image\" content=\"https:\/\/www.gecoexpo.com\/2021\/wp-content\/uploads\/2020\/07\/Logo-Geco-web_Tavola-disegno-1.png\" \/>\n\t<meta property=\"og:image:width\" content=\"960\" \/>\n\t<meta property=\"og:image:height\" content=\"560\" \/>\n<meta name=\"twitter:card\" content=\"summary_large_image\" \/>\n<meta name=\"twitter:label1\" content=\"Tempo di lettura stimato\">\n\t<meta name=\"twitter:data1\" content=\"3 minuti\">\n<script type=\"application\/ld+json\" class=\"yoast-schema-graph\">{\"@context\":\"https:\/\/schema.org\",\"@graph\":[{\"@type\":\"WebSite\",\"@id\":\"https:\/\/www.gecoexpo.com\/2021\/#website\",\"url\":\"https:\/\/www.gecoexpo.com\/2021\/\",\"name\":\"Geco, I edizione la fiera virtuale sulla sostenibilit&agrave;\",\"description\":\"Green tourism, mobility &amp; energy expo\",\"potentialAction\":[{\"@type\":\"SearchAction\",\"target\":\"https:\/\/www.gecoexpo.com\/2021\/?s={search_term_string}\",\"query-input\":\"required name=search_term_string\"}],\"inLanguage\":\"it-IT\"},{\"@type\":\"WebPage\",\"@id\":\"https:\/\/www.gecoexpo.com\/2021\/fr\/giuria-e-premi-smart-talk\/#webpage\",\"url\":\"https:\/\/www.gecoexpo.com\/2021\/fr\/giuria-e-premi-smart-talk\/\",\"name\":\"Jury et Prix Smart Talk - GECO\",\"isPartOf\":{\"@id\":\"https:\/\/www.gecoexpo.com\/2021\/#website\"},\"datePublished\":\"2021-11-02T11:37:29+00:00\",\"dateModified\":\"2021-11-02T11:37:29+00:00\",\"description\":\"Partecipa al video contest di GECO \\\"Smart Talks per un progresso sostenibile\\\". Scopri i premi e la giuria.\",\"breadcrumb\":{\"@id\":\"https:\/\/www.gecoexpo.com\/2021\/fr\/giuria-e-premi-smart-talk\/#breadcrumb\"},\"inLanguage\":\"it-IT\",\"potentialAction\":[{\"@type\":\"ReadAction\",\"target\":[\"https:\/\/www.gecoexpo.com\/2021\/fr\/giuria-e-premi-smart-talk\/\"]}]},{\"@type\":\"BreadcrumbList\",\"@id\":\"https:\/\/www.gecoexpo.com\/2021\/fr\/giuria-e-premi-smart-talk\/#breadcrumb\",\"itemListElement\":[{\"@type\":\"ListItem\",\"position\":1,\"item\":{\"@type\":\"WebPage\",\"@id\":\"https:\/\/www.gecoexpo.com\/2021\/\",\"url\":\"https:\/\/www.gecoexpo.com\/2021\/\",\"name\":\"Home\"}},{\"@type\":\"ListItem\",\"position\":2,\"item\":{\"@id\":\"https:\/\/www.gecoexpo.com\/2021\/fr\/giuria-e-premi-smart-talk\/#webpage\"}}]}]}<\/script>\n<!-- \/ Yoast SEO plugin. -->","_links":{"self":[{"href":"https:\/\/www.gecoexpo.com\/2021\/wp-json\/wp\/v2\/pages\/10811"}],"collection":[{"href":"https:\/\/www.gecoexpo.com\/2021\/wp-json\/wp\/v2\/pages"}],"about":[{"href":"https:\/\/www.gecoexpo.com\/2021\/wp-json\/wp\/v2\/types\/page"}],"author":[{"embeddable":true,"href":"https:\/\/www.gecoexpo.com\/2021\/wp-json\/wp\/v2\/users\/4"}],"replies":[{"embeddable":true,"href":"https:\/\/www.gecoexpo.com\/2021\/wp-json\/wp\/v2\/comments?post=10811"}],"version-history":[{"count":3,"href":"https:\/\/www.gecoexpo.com\/2021\/wp-json\/wp\/v2\/pages\/10811\/revisions"}],"predecessor-version":[{"id":10825,"href":"https:\/\/www.gecoexpo.com\/2021\/wp-json\/wp\/v2\/pages\/10811\/revisions\/10825"}],"wp:attachment":[{"href":"https:\/\/www.gecoexpo.com\/2021\/wp-json\/wp\/v2\/media?parent=10811"}],"curies":[{"name":"wp","href":"https:\/\/api.w.org\/{rel}","templated":true}]}}