{"id":1158,"date":"2020-09-09T14:28:25","date_gmt":"2020-09-09T12:28:25","guid":{"rendered":"http:\/\/www.gecoexpo.com\/2021\/?page_id=1158"},"modified":"2021-10-26T16:54:34","modified_gmt":"2021-10-26T14:54:34","slug":"sponsor","status":"publish","type":"page","link":"https:\/\/www.gecoexpo.com\/2021\/sponsor\/","title":{"rendered":"SPONSOR"},"content":{"rendered":"<h3 style=\"text-align: center;\">Diventa Sponsor?<\/h3>\n<p style=\"text-align: center;\">Il tuo brand alla fiera virtuale GECO: green tourism, mobility &amp; energy expo<\/p>\n<p>&nbsp;<\/p>\n<p class=\"text-center custom-button\"><a class=\"btn btn-primary my-3\"  href=\"#form-footer\" align=\"center\"><span>Ricevi proposta<\/span><\/a><\/p>\n<p style=\"text-align: left;\">Amplia le tue\u00a0occasioni di\u00a0<strong>networking e\u00a0lead generation<\/strong> diventando sponsor e portavoce della prima fiera sulla\u00a0 sostenibilit\u00e0 legata alla mobilit\u00e0, al turismo e all&#8217;energia in Italia e che si svolger\u00e0 in modo totalmente virtuale GECO.<\/p>\n<p style=\"text-align: left;\">Fai conoscere la tua realt\u00e0 ad un pubblico in target sul settore del turismo, della mobilit\u00e0 e dell\u2019energia sostenibili. GECO \u00e8 un\u2019occasione unica per mostrare la sensibilit\u00e0 del tuo brand alle tematiche del vivere green nel pieno rispetto del nostro pianeta.<\/p>\n<p style=\"text-align: left;\">Le possibilit\u00e0 di sponsorship all\u2019interno della fiera virtuale GECO,\u00a0sono molteplici\u00a0e del tutto\u00a0<strong>personalizzabili a seconda dei propri obiettivi di business<\/strong>.\u00a0\u00a0 Troveremo insieme\u00a0la\u00a0soluzione\u00a0che meglio risponde\u00a0alle tue aspettative, rispettando il tone of voice della tua azienda.<\/p>\n<p>&nbsp;<\/p>\n<h3 style=\"text-align: center;\"><strong><em>Chi ha deciso di\u00a0<\/em><i>supportarci<\/i><\/strong><\/h3>\n","protected":false},"excerpt":{"rendered":"<p>Diventa Sponsor? Il tuo brand alla fiera virtuale GECO: green tourism, mobility &amp; energy expo &nbsp; Amplia le tue\u00a0occasioni di\u00a0networking e\u00a0lead generation diventando sponsor e portavoce della prima fiera sulla\u00a0 sostenibilit\u00e0 legata alla mobilit\u00e0, al turismo e all&#8217;energia in Italia e che si svolger\u00e0 in modo totalmente virtuale GECO. Fai conoscere la tua realt\u00e0 ad [&hellip;]<\/p>\n","protected":false},"author":4,"featured_media":0,"parent":0,"menu_order":0,"comment_status":"closed","ping_status":"closed","template":"tpl-sponsor.php","meta":[],"yoast_head":"<!-- This site is optimized with the Yoast SEO plugin v16.3 - https:\/\/yoast.com\/wordpress\/plugins\/seo\/ -->\n<meta name=\"description\" content=\"Diventa sponsor e portavoce della prima fiera sulla sostenibilit\u00e0, turismo, mobilit\u00e0 e energia in Italia totalmente virtuale GECO. Contattaci oggi!\" \/>\n<meta name=\"robots\" content=\"index, follow, max-snippet:-1, max-image-preview:large, max-video-preview:-1\" \/>\n<link rel=\"canonical\" href=\"https:\/\/www.gecoexpo.com\/2021\/sponsor\/\" \/>\n<meta property=\"og:locale\" content=\"it_IT\" \/>\n<meta property=\"og:type\" content=\"article\" \/>\n<meta property=\"og:title\" content=\"Diventa sponsor - Geco, I edizione la fiera virtuale sulla sostenibilit&agrave;\" \/>\n<meta property=\"og:description\" content=\"Diventa sponsor e portavoce della prima fiera sulla sostenibilit\u00e0, turismo, mobilit\u00e0 e energia in Italia totalmente virtuale GECO. Contattaci oggi!\" \/>\n<meta property=\"og:url\" content=\"https:\/\/www.gecoexpo.com\/2021\/sponsor\/\" \/>\n<meta property=\"og:site_name\" content=\"Geco, I edizione la fiera virtuale sulla sostenibilit&agrave;\" \/>\n<meta property=\"article:modified_time\" content=\"2021-10-26T14:54:34+00:00\" \/>\n<meta property=\"og:image\" content=\"https:\/\/www.gecoexpo.com\/2021\/wp-content\/uploads\/2020\/07\/Logo-Geco-web_Tavola-disegno-1.png\" \/>\n\t<meta property=\"og:image:width\" content=\"960\" \/>\n\t<meta property=\"og:image:height\" content=\"560\" \/>\n<meta name=\"twitter:card\" content=\"summary_large_image\" \/>\n<meta name=\"twitter:label1\" content=\"Tempo di lettura stimato\">\n\t<meta name=\"twitter:data1\" content=\"1 minuto\">\n<script type=\"application\/ld+json\" class=\"yoast-schema-graph\">{\"@context\":\"https:\/\/schema.org\",\"@graph\":[{\"@type\":\"WebSite\",\"@id\":\"https:\/\/www.gecoexpo.com\/2021\/#website\",\"url\":\"https:\/\/www.gecoexpo.com\/2021\/\",\"name\":\"Geco, I edizione la fiera virtuale sulla sostenibilit&agrave;\",\"description\":\"Green tourism, mobility &amp; energy expo\",\"potentialAction\":[{\"@type\":\"SearchAction\",\"target\":\"https:\/\/www.gecoexpo.com\/2021\/?s={search_term_string}\",\"query-input\":\"required name=search_term_string\"}],\"inLanguage\":\"it-IT\"},{\"@type\":\"ImageObject\",\"@id\":\"https:\/\/www.gecoexpo.com\/2021\/sponsor\/#primaryimage\",\"inLanguage\":\"it-IT\",\"url\":\"https:\/\/www.gecoexpo.com\/2021\/wp-content\/uploads\/2020\/07\/Logo-Geco-web_Tavola-disegno-1.png\",\"contentUrl\":\"https:\/\/www.gecoexpo.com\/2021\/wp-content\/uploads\/2020\/07\/Logo-Geco-web_Tavola-disegno-1.png\",\"width\":960,\"height\":560},{\"@type\":\"WebPage\",\"@id\":\"https:\/\/www.gecoexpo.com\/2021\/sponsor\/#webpage\",\"url\":\"https:\/\/www.gecoexpo.com\/2021\/sponsor\/\",\"name\":\"Diventa sponsor - Geco, I edizione la fiera virtuale sulla sostenibilit&agrave;\",\"isPartOf\":{\"@id\":\"https:\/\/www.gecoexpo.com\/2021\/#website\"},\"datePublished\":\"2020-09-09T12:28:25+00:00\",\"dateModified\":\"2021-10-26T14:54:34+00:00\",\"description\":\"Diventa sponsor e portavoce della prima fiera sulla sostenibilit\\u00e0, turismo, mobilit\\u00e0 e energia in Italia totalmente virtuale GECO. Contattaci oggi!\",\"breadcrumb\":{\"@id\":\"https:\/\/www.gecoexpo.com\/2021\/sponsor\/#breadcrumb\"},\"inLanguage\":\"it-IT\",\"potentialAction\":[{\"@type\":\"ReadAction\",\"target\":[\"https:\/\/www.gecoexpo.com\/2021\/sponsor\/\"]}]},{\"@type\":\"BreadcrumbList\",\"@id\":\"https:\/\/www.gecoexpo.com\/2021\/sponsor\/#breadcrumb\",\"itemListElement\":[{\"@type\":\"ListItem\",\"position\":1,\"item\":{\"@type\":\"WebPage\",\"@id\":\"https:\/\/www.gecoexpo.com\/2021\/\",\"url\":\"https:\/\/www.gecoexpo.com\/2021\/\",\"name\":\"Home\"}},{\"@type\":\"ListItem\",\"position\":2,\"item\":{\"@id\":\"https:\/\/www.gecoexpo.com\/2021\/sponsor\/#webpage\"}}]}]}<\/script>\n<!-- \/ Yoast SEO plugin. -->","_links":{"self":[{"href":"https:\/\/www.gecoexpo.com\/2021\/wp-json\/wp\/v2\/pages\/1158"}],"collection":[{"href":"https:\/\/www.gecoexpo.com\/2021\/wp-json\/wp\/v2\/pages"}],"about":[{"href":"https:\/\/www.gecoexpo.com\/2021\/wp-json\/wp\/v2\/types\/page"}],"author":[{"embeddable":true,"href":"https:\/\/www.gecoexpo.com\/2021\/wp-json\/wp\/v2\/users\/4"}],"replies":[{"embeddable":true,"href":"https:\/\/www.gecoexpo.com\/2021\/wp-json\/wp\/v2\/comments?post=1158"}],"version-history":[{"count":138,"href":"https:\/\/www.gecoexpo.com\/2021\/wp-json\/wp\/v2\/pages\/1158\/revisions"}],"predecessor-version":[{"id":10800,"href":"https:\/\/www.gecoexpo.com\/2021\/wp-json\/wp\/v2\/pages\/1158\/revisions\/10800"}],"wp:attachment":[{"href":"https:\/\/www.gecoexpo.com\/2021\/wp-json\/wp\/v2\/media?parent=1158"}],"curies":[{"name":"wp","href":"https:\/\/api.w.org\/{rel}","templated":true}]}}