{"id":3,"date":"2020-06-04T09:25:51","date_gmt":"2020-06-04T07:25:51","guid":{"rendered":"http:\/\/www.gecoexpo.com\/2021\/?page_id=3"},"modified":"2020-10-13T01:20:33","modified_gmt":"2020-10-12T23:20:33","slug":"privacy-policy","status":"publish","type":"page","link":"https:\/\/www.gecoexpo.com\/2021\/privacy-policy\/","title":{"rendered":"Privacy Policy"},"content":{"rendered":"<p style=\"text-align: center;\"><strong><u>Informativa ai sensi dell\u2019 art. 12 e ss Reg. UE 679\/2016<\/u><\/strong><\/p>\n<p style=\"text-align: center;\"><strong><u>da parte di SMART EVENTI S.R.L.<\/u><\/strong><\/p>\n<p>La\u00a0<strong>SMART EVENTI S.R.L.<\/strong>, C.F. e P.I. 06997310963, con sede legale in 20131 Milano (MI), viale Abruzzi n. 37, in persona del legale rappresentante\u00a0<em>pro tempore<\/em>, La informa che il trattamento dei dati personali (comuni, quali ad es. nome, cognome, indirizzo mail, \u2026) da Lei forniti in sede di richiesta di informazioni (fase precontrattuale) ovvero di conclusione del contratto di fornitura di servizi con SMART EVENTI S.R.L. (di seguito, il Contratto), raccolti in sede di esecuzione dello stesso, sar\u00e0 improntato ai principi di correttezza, liceit\u00e0 e trasparenza, tutelando la sua riservatezza e i suoi diritti. Le forniamo le seguenti informazioni.<\/p>\n<p><strong>1.<\/strong>\u00a0<u><strong>FINALITA&#8217; DEL TRATTAMENTO.<\/strong><\/u><\/p>\n<p>Il trattamento dei dati personali avverr\u00e0 per le seguenti finalit\u00e0:<\/p>\n<p><strong>1 &#8211;<\/strong>\u00a0<strong>(finalit\u00e0 precontrattuale e contrattuale):<\/strong>\u00a0per consentire la fornitura delle informazioni richieste (fase precontrattuale) e\/o l\u2019adempimento degli obblighi derivanti dal Contratto. Il contratto costituisce la base giuridica del trattamento. Dopo la cessazione del contratto, la base giuridica \u00e8 l\u2019adempimento degli obblighi previste dalla legge.<\/p>\n<p><strong>2 &#8211; (finalit\u00e0 di legge):<\/strong>\u00a0per adempiere agli obblighi legali conseguenti.<\/p>\n<p>2<strong>.\u00a0<\/strong><u><strong>MODALITA&#8217; DEL TRATTAMENTO.<\/strong><\/u><\/p>\n<p>Il trattamento dei citati dati avverr\u00e0 da parte di incaricati e di responsabili individuati formalmente che utilizzeranno strumenti e supporti \u2013 cartacei, magnetici, informatici o telematici \u2013 idonei a garantirne la sicurezza e la riservatezza. Il trattamento potr\u00e0 essere effettuato anche attraverso strumenti automatizzati atti a memorizzare, gestire e trasmettere per via telematica i dati stessi.<\/p>\n<p>3.\u00a0<u><strong>NATURA DEL TRATTAMENTO<\/strong><\/u>\u00a0&#8211;<\/p>\n<p>La natura del conferimento \u00e8 obbligatoria per quanto riguarda la finalit\u00e0 precontrattuale e contrattuale sub 1); pertanto l&#8217;eventuale rifiuto a fornirli, in tutto o in parte, ovvero la mancata autorizzazione al loro trattamento e\/o alla loro comunicazione a terzi coinvolti nell\u2019esecuzione del Contratto da parte di SMART EVENTI S.R.L. pu\u00f2 avere come conseguenza l\u2019impossibilit\u00e0 da parte di SMART EVENTI S.R.L. di fornire le informazioni e di eseguire il Contratto.<\/p>\n<p>4.\u00a0<u><strong>DIRITTI DELL&#8217;INTERESSATO.<\/strong><\/u><\/p>\n<p>4.1 Relativamente ai dati personali (comuni e relativi alla salute), Lei, in qualit\u00e0 di interessato, potr\u00e0, mediante invio di comunicazione scritta a mezzo mail al seguente indirizzo:\u00a0<a href=\"mailto:privacy@smarteventi.it\">privacy@smarteventi.it<\/a>\u00a0a SMART EVENTI S.R.L., con sede legale in 20131 Milano (MI), viale Abruzzi n. 37, in persona del legale rappresentante<em>\u00a0pro tempore<\/em>:<\/p>\n<p>&#8211; chiedere alla SMART EVENTI S.R.L., quale titolare del trattamento, l&#8217;accesso ai suoi dati personali, la rettifica o la cancellazione degli stessi, o la limitazione del trattamento o di opporsi al trattamento (ex artt. 15, 16, 17, 18, 19, 21 \u00a0Reg. Ue 679\/2016). In particolare:<\/p>\n<p>* per quanto attiene alla rettifica dei dati personali, tenuto conto delle finalit\u00e0 del trattamento, Lei ha il diritto di ottenere l&#8217;integrazione dei dati personali incompleti, anche fornendo una dichiarazione integrativa;<\/p>\n<p>* per quanto attiene alla limitazione del trattamento, Lei ha il diritto di ottenerla quando ricorre una delle seguenti ipotesi: a) Lei contesta l&#8217;esattezza dei dati personali, per il periodo necessario a SMART EVENTI S.R.L. per verificare l&#8217;esattezza di tali dati personali; b) il trattamento \u00e8 illecito e Lei si oppone alla cancellazione dei dati personali e chiede invece che ne sia limitato l&#8217;utilizzo; c) bench\u00e9 la SMART EVENTI S.R.L. non ne abbia pi\u00f9 bisogno ai fini del trattamento, i dati personali sono a Lei necessari per l&#8217;accertamento, l&#8217;esercizio o la difesa di un diritto in sede giudiziaria;<\/p>\n<p>* per quanto attiene alla cancellazione dei dati personali senza ingiustificato ritardo, Lei ha il diritto di ottenerla quando ricorre uno dei seguenti motivi: a) i dati personali non sono pi\u00f9 necessari rispetto alle finalit\u00e0 per le quali sono stati raccolti o altrimenti trattati; b) Lei, in qualit\u00e0 di interessato, revoca il consenso su cui si basa il trattamento e se non sussiste altro fondamento giuridico per il trattamento; c) i dati personali sono stati trattati illecitamente; d)\u00a0\u00a0\u00a0\u00a0\u00a0\u00a0\u00a0\u00a0 i dati personali devono essere cancellati per adempiere un obbligo legale previsto dal diritto dell&#8217;Unione o dello Stato membro cui \u00e8 soggetta la SMART EVENTI S.R.L.;<\/p>\n<p>&#8211; ricevere in un formato strutturato, di uso comune e leggibile da dispositivo automatico i dati personali che La riguardano forniti a un titolare del trattamento e avr\u00e0 il diritto di trasmettere tali dati a un altro titolare del trattamento senza impedimenti da parte della SMART EVENTI S.R.L. (c.d. \u201cdiritto alla portabilit\u00e0 dei dati\u201d ex art. 20 Reg. Ue 679\/2016);<\/p>\n<p>&#8211; revocare il consenso in qualsiasi momento senza pregiudicare la liceit\u00e0 del trattamento basata sul consenso prestato prima della revoca (ex art. 8, par. 3, Reg. UE 679\/2016).<\/p>\n<p>4.2 I\u00a0Suoi dati personali non verranno diffusi e non vengono trasferiti a Paesi terzi od organizzazioni internazionali.<\/p>\n<p>5.\u00a0<strong><u>TITOLARE &#8211; RESPONSABILI ESTERNI DEL TRATTAMENTO DEI DATI PERSONALI.<\/u><\/strong><\/p>\n<p>Titolare del trattamento dei dati personali \u00e8 la\u00a0<strong>SMART EVENTI S.R.L.<\/strong>, C.F. e P.I. 06997310963, con sede legale in 20131 Milano (MI), viale Abruzzi n. 37, in persona del legale rappresentante pro tempore, che pu\u00f2 essere contattata al seguente indirizzo:\u00a0<a href=\"mailto:privacy@smarteventi.it\">privacy@smarteventi.it<\/a>.<\/p>\n<p>Responsabili esterni del trattamento sono:<\/p>\n<p>&#8211; partner di cui si avvale SMART EVENTI per l\u2019erogazione di servizi ai Clienti (per es. sviluppo \/ manutenzione siti, applicazioni, gestionale, software contabilit\u00e0 e\u00a0 di invio newsletter<u>).<\/u><\/p>\n<p>6.\u00a0<strong><u>COMUNICAZIONE DEL TRATTAMENTO.<\/u><\/strong><\/p>\n<p>Ferme restando le comunicazioni effettuate in esecuzione di obblighi di legge, i suoi dati personali potranno essere comunicati a:<\/p>\n<p>&#8211; Dipendenti \/ collaboratori di SMART EVENTI;<br \/>\n&#8211; partner di cui si avvale SMART EVENTI per l\u2019erogazione di servizi ai Clienti (per es. sviluppo \/ manutenzione siti, applicazioni, gestionale, software contabilit\u00e0 e\u00a0 di invio).<\/p>\n<p>7.\u00a0<strong><u>PERIODO DI CONSERVAZIONE DEI DATI.<\/u><\/strong><\/p>\n<p>I dati personali (comuni) da Lei forniti saranno conservati in una forma che consenta la Sua identificazione, in qualit\u00e0 di interessato:<\/p>\n<p>&#8211; per un arco di tempo non superiore al conseguimento della finalit\u00e0\u00a0<strong>precontrattuale e contrattuale<\/strong>\u00a0sub 1 per la quale gli stessi sono trattati, salvo l\u2019adempimento di obblighi legali;<\/p>\n<p>Non esiste un sistema di automatizzato per la cancellazione dei dati personali al termine del periodo di conservazione, posto che la cancellazione degli stessi avviene manualmente, una volta adempiute le obbligazioni di legge conseguenti la cessazione del contratto.<\/p>\n<p>8.\u00a0<strong><u>RECLAMO<\/u><\/strong><\/p>\n<p>Ove ritenga che il trattamento violi il Reg. UE 679\/2016, Lei ha il diritto di proporre reclamo a un&#8217;autorit\u00e0 di controllo, segnatamente nello Stato membro in cui risiede abitualmente, lavora oppure del luogo ove si \u00e8 verificata la presunta violazione.<\/p>\n","protected":false},"excerpt":{"rendered":"<p>Informativa ai sensi dell\u2019 art. 12 e ss Reg. UE 679\/2016 da parte di SMART EVENTI S.R.L. La\u00a0SMART EVENTI S.R.L., C.F. e P.I. 06997310963, con sede legale in 20131 Milano (MI), viale Abruzzi n. 37, in persona del legale rappresentante\u00a0pro tempore, La informa che il trattamento dei dati personali (comuni, quali ad es. nome, cognome, [&hellip;]<\/p>\n","protected":false},"author":5,"featured_media":0,"parent":0,"menu_order":0,"comment_status":"closed","ping_status":"closed","template":"","meta":[],"yoast_head":"<!-- This site is optimized with the Yoast SEO plugin v16.3 - https:\/\/yoast.com\/wordpress\/plugins\/seo\/ -->\n<meta name=\"robots\" content=\"index, follow, max-snippet:-1, max-image-preview:large, max-video-preview:-1\" \/>\n<link rel=\"canonical\" href=\"http:\/\/www.gecoexpo.com\/2021\/privacy-policy\/\" \/>\n<meta property=\"og:locale\" content=\"it_IT\" \/>\n<meta property=\"og:type\" content=\"article\" \/>\n<meta property=\"og:title\" content=\"Privacy Policy - Geco, I edizione la fiera virtuale sulla sostenibilit&agrave;\" \/>\n<meta property=\"og:description\" content=\"Informativa ai sensi dell\u2019 art. 12 e ss Reg. UE 679\/2016 da parte di SMART EVENTI S.R.L. La\u00a0SMART EVENTI S.R.L., C.F. e P.I. 06997310963, con sede legale in 20131 Milano (MI), viale Abruzzi n. 37, in persona del legale rappresentante\u00a0pro tempore, La informa che il trattamento dei dati personali (comuni, quali ad es. nome, cognome, [&hellip;]\" \/>\n<meta property=\"og:url\" content=\"http:\/\/www.gecoexpo.com\/2021\/privacy-policy\/\" \/>\n<meta property=\"og:site_name\" content=\"Geco, I edizione la fiera virtuale sulla sostenibilit&agrave;\" \/>\n<meta property=\"article:modified_time\" content=\"2020-10-12T23:20:33+00:00\" \/>\n<meta property=\"og:image\" content=\"https:\/\/www.gecoexpo.com\/2021\/wp-content\/uploads\/2020\/07\/Logo-Geco-web_Tavola-disegno-1.png\" \/>\n\t<meta property=\"og:image:width\" content=\"960\" \/>\n\t<meta property=\"og:image:height\" content=\"560\" \/>\n<meta name=\"twitter:card\" content=\"summary_large_image\" \/>\n<meta name=\"twitter:label1\" content=\"Tempo di lettura stimato\">\n\t<meta name=\"twitter:data1\" content=\"5 minuti\">\n<script type=\"application\/ld+json\" class=\"yoast-schema-graph\">{\"@context\":\"https:\/\/schema.org\",\"@graph\":[{\"@type\":\"WebSite\",\"@id\":\"https:\/\/www.gecoexpo.com\/2021\/#website\",\"url\":\"https:\/\/www.gecoexpo.com\/2021\/\",\"name\":\"Geco, I edizione la fiera virtuale sulla sostenibilit&agrave;\",\"description\":\"Green tourism, mobility &amp; energy expo\",\"potentialAction\":[{\"@type\":\"SearchAction\",\"target\":\"https:\/\/www.gecoexpo.com\/2021\/?s={search_term_string}\",\"query-input\":\"required name=search_term_string\"}],\"inLanguage\":\"it-IT\"},{\"@type\":\"WebPage\",\"@id\":\"http:\/\/www.gecoexpo.com\/2021\/privacy-policy\/#webpage\",\"url\":\"http:\/\/www.gecoexpo.com\/2021\/privacy-policy\/\",\"name\":\"Privacy Policy - Geco, I edizione la fiera virtuale sulla sostenibilit&agrave;\",\"isPartOf\":{\"@id\":\"https:\/\/www.gecoexpo.com\/2021\/#website\"},\"datePublished\":\"2020-06-04T07:25:51+00:00\",\"dateModified\":\"2020-10-12T23:20:33+00:00\",\"breadcrumb\":{\"@id\":\"http:\/\/www.gecoexpo.com\/2021\/privacy-policy\/#breadcrumb\"},\"inLanguage\":\"it-IT\",\"potentialAction\":[{\"@type\":\"ReadAction\",\"target\":[\"http:\/\/www.gecoexpo.com\/2021\/privacy-policy\/\"]}]},{\"@type\":\"BreadcrumbList\",\"@id\":\"http:\/\/www.gecoexpo.com\/2021\/privacy-policy\/#breadcrumb\",\"itemListElement\":[{\"@type\":\"ListItem\",\"position\":1,\"item\":{\"@type\":\"WebPage\",\"@id\":\"https:\/\/www.gecoexpo.com\/2021\/\",\"url\":\"https:\/\/www.gecoexpo.com\/2021\/\",\"name\":\"Home\"}},{\"@type\":\"ListItem\",\"position\":2,\"item\":{\"@id\":\"http:\/\/www.gecoexpo.com\/2021\/privacy-policy\/#webpage\"}}]}]}<\/script>\n<!-- \/ Yoast SEO plugin. -->","_links":{"self":[{"href":"https:\/\/www.gecoexpo.com\/2021\/wp-json\/wp\/v2\/pages\/3"}],"collection":[{"href":"https:\/\/www.gecoexpo.com\/2021\/wp-json\/wp\/v2\/pages"}],"about":[{"href":"https:\/\/www.gecoexpo.com\/2021\/wp-json\/wp\/v2\/types\/page"}],"author":[{"embeddable":true,"href":"https:\/\/www.gecoexpo.com\/2021\/wp-json\/wp\/v2\/users\/5"}],"replies":[{"embeddable":true,"href":"https:\/\/www.gecoexpo.com\/2021\/wp-json\/wp\/v2\/comments?post=3"}],"version-history":[{"count":6,"href":"https:\/\/www.gecoexpo.com\/2021\/wp-json\/wp\/v2\/pages\/3\/revisions"}],"predecessor-version":[{"id":10314,"href":"https:\/\/www.gecoexpo.com\/2021\/wp-json\/wp\/v2\/pages\/3\/revisions\/10314"}],"wp:attachment":[{"href":"https:\/\/www.gecoexpo.com\/2021\/wp-json\/wp\/v2\/media?parent=3"}],"curies":[{"name":"wp","href":"https:\/\/api.w.org\/{rel}","templated":true}]}}