{"id":4961,"date":"2021-01-05T13:43:29","date_gmt":"2021-01-05T12:43:29","guid":{"rendered":"http:\/\/www.gecoexpo.com\/2021\/?page_id=4961"},"modified":"2021-10-29T18:13:58","modified_gmt":"2021-10-29T16:13:58","slug":"giuria-e-premi-smart-talk","status":"publish","type":"page","link":"https:\/\/www.gecoexpo.com\/2021\/giuria-e-premi-smart-talk\/","title":{"rendered":"Giuria e Premi Smart Talk"},"content":{"rendered":"<p>Gli <a href=\"http:\/\/www.gecoexpo.com\/2021\/smart-talk-video-contest\/\">Smart Talk<\/a> sono brevi video di 3 minuti, atti a promuovere \u00a0idee e progetti legati alla buona e costante pratica della SOSTENIBILIT\u00c0 e della BIODIVERSIT\u00c0, e\u00a0 saranno premiati\u00a0 da una giuria di esperti nella giornata conclusiva della <strong>fiera GECO, il 30 gennaio 2021.<\/strong><\/p>\n<h3><span style=\"color: #28285b;\"><strong>Premi GECO EXPO<\/strong><\/span><\/h3>\n<ul>\n<li><strong>Smart Talk Award \u2013 1 edizione:<\/strong> il premio verr\u00e0 recapitato presso la sede del vincitore. Un prestigioso e significativo riconoscimento: premio leader della sostenibilit\u00e0.<\/li>\n<li><strong>Pacchetto visibilit\u00e0:<\/strong> pubblicazione di 1 video (Smart talk) e di 1 redazionale sul portale internazionale\u00a0 \u00a0<strong><a href=\"https:\/\/www.renewablematter.eu\/\" target=\"_blank\" rel=\"noopener noreferrer\">Renewable Matter<\/a><\/strong> rivista specializzata in economia circolare e bioeconomia.<\/li>\n<li><strong>Coaching: <a href=\"https:\/\/www.accademiafelicita.it\/\">Accademia della Felicit\u00e0<\/a><\/strong> mette a disposizione 2 ore di coaching sulla costruzione del Personal Business Model. Durante queste due ore andremo a introdurre il modello di business personale come strumento per creare valore e trasferire valore ai propri clienti e al proprio team e di come le persone chiave dell\u2019azienda creano e trasferiscono a un pubblico specifico la loro promessa di valore. Andremo quindi a lavorare su leve di business e di leadership. Le coach con le quali le aziende potranno lavorare sono <a href=\"https:\/\/www.accademiafelicita.it\/chi-siamo\/\">Micaela Terzi<\/a> (Business Coach) e <a href=\"https:\/\/www.accademiafelicita.it\/chi-siamo\/\">Ilenia La Leggia<\/a> (Career and personal Coach). Il servizio sar\u00e0 riservato a una persona per azienda.<\/li>\n<li><strong>Workshop biodiversit\u00e0: <\/strong>partecipazione come speaker al workshop nazionale dedicato alle &#8220;Giornate Mondiali della Diversit\u00e0 Culturale e della Biodiversit\u00e0\u201d nato nel 2018 e giunto alla sua quarta edizione ed in programma il 21 e 22 maggio 2021<\/li>\n<li><strong>Stand Platinum: <\/strong>stand gratuito durante la seconda edizione di GECO 2022. L\u2019obiettivo \u00e8 favorire la continuit\u00e0 e l\u2019evoluzione del progetto.<\/li>\n<li><strong>Tavola rotonda GECO 2022:<\/strong> intervento come speaker ad una tavola rotonda presente nel palinsesto della seconda edizione di GECO 2022.<\/li>\n<\/ul>\n<h3><span style=\"color: #28285b;\"><strong>Premi speciali offerti dai partner degli Smart Talk*<\/strong><\/span><\/h3>\n<p>*Per questa categoria l\u2019assegnazione sar\u00e0 effettuata dal partner che offrir\u00e0 il premio<\/p>\n<ul>\n<li><strong>UniCredit Start Lab Pack<\/strong>: offerto per realt\u00e0 gi\u00e0 costituite con un prodotto\/servizio gi\u00e0 in fase di commercializzazione o che lo sar\u00e0 entro 6 mesi. Il premio dar\u00e0 accesso alla piattaforma di business di <strong><a href=\"https:\/\/www.unicreditstartlab.eu\/it.html\" target=\"_blank\" rel=\"noopener noreferrer\">UniCredit Start Lab<\/a><\/strong> e includer\u00e0:<br \/>\n\u2713 assegnazione di un mentor scelto tra professionisti, consulenti, imprenditori, partner di UniCredit sull\u2019innovazione per confronti periodici con le startup su aspetti strategici e di crescita;<br \/>\n\u2713 partecipazione alla Startup Academy organizzata da UniCredit Start Lab;<br \/>\n\u2713 programma di coaching da parte del team di UniCredit Start Lab;<br \/>\n\u2713 assegnazione di un Relationship Manager di UniCredit per seguire le esigenze bancarie;<br \/>\n\u2713 per le startup che ne abbiano i presupposti, organizzazione di Business Meetings con clienti Corporate di UniCredit e con possibili investitori.<\/li>\n<li><strong>Bizplace Pack<\/strong>: \u00a0supporto nella redazione di un pitch di presentazione del progetto volto ad operazioni di fundraising per il finanziamento e avviamento del progetto. Qualora la startup abbia un progetto attinente un settore in linea con le tipologie di investitori del network di <strong><a href=\"https:\/\/www.bizplace.it\/\" target=\"_blank\" rel=\"noopener noreferrer\">Bizplace<\/a> <\/strong>e si trovi in una fase avanzata di avviamento, Bizplace potr\u00e0 supportare il vincitore, presentando il pitch a degli investitori della loro rete.<\/li>\n<li><strong>Guru Marketing pack<\/strong>: offerto a realt\u00e0 gi\u00e0 costituite con un prodotto\/servizio gi\u00e0 in fase di commercializzazione o che lo sar\u00e0 entro 6 mesi.<br \/>\nIl premio sar\u00e0 un percorso tra Design e Brand Identity. Un brand manual by <strong><a href=\"https:\/\/guru.marketing\/\" target=\"_blank\" rel=\"noopener noreferrer\">Guru Marketing<\/a><\/strong> con le relative applicazioni grafiche (logo, visual graphics, templates). Un <strong>restyling visivo e di contenuto<\/strong>, rivolto al target di riferimento.<\/li>\n<\/ul>\n<p>&nbsp;<\/p>\n<p>La <strong>Premiazione avverr\u00e0 il 30 Gennaio 2021, alle ore 17.00<\/strong>,<strong> nell\u2019auditorium virtuale della Fiera<\/strong>. Saranno presenti i giudici e i relatori degli Smart Talk premiati dalla giuria e dal pubblico della fiera.<\/p>\n<p style=\"text-align: center;\">\n","protected":false},"excerpt":{"rendered":"<p>Gli Smart Talk sono brevi video di 3 minuti, atti a promuovere \u00a0idee e progetti legati alla buona e costante pratica della SOSTENIBILIT\u00c0 e della BIODIVERSIT\u00c0, e\u00a0 saranno premiati\u00a0 da una giuria di esperti nella giornata conclusiva della fiera GECO, il 30 gennaio 2021. Premi GECO EXPO Smart Talk Award \u2013 1 edizione: il premio [&hellip;]<\/p>\n","protected":false},"author":4,"featured_media":0,"parent":0,"menu_order":0,"comment_status":"closed","ping_status":"closed","template":"tpl-giuria.php","meta":[],"yoast_head":"<!-- This site is optimized with the Yoast SEO plugin v16.3 - https:\/\/yoast.com\/wordpress\/plugins\/seo\/ -->\n<meta name=\"description\" content=\"Partecipa al video contest di GECO &quot;Smart Talks per un progresso sostenibile&quot;. Scopri i premi e la giuria.\" \/>\n<meta name=\"robots\" content=\"index, follow, max-snippet:-1, max-image-preview:large, max-video-preview:-1\" \/>\n<link rel=\"canonical\" href=\"https:\/\/www.gecoexpo.com\/2021\/giuria-e-premi-smart-talk\/\" \/>\n<meta property=\"og:locale\" content=\"it_IT\" \/>\n<meta property=\"og:type\" content=\"article\" \/>\n<meta property=\"og:title\" content=\"Giuria e Premi Smart Talk - GECO\" \/>\n<meta property=\"og:description\" content=\"Partecipa al video contest di GECO &quot;Smart Talks per un progresso sostenibile&quot;. Scopri i premi e la giuria.\" \/>\n<meta property=\"og:url\" content=\"https:\/\/www.gecoexpo.com\/2021\/giuria-e-premi-smart-talk\/\" \/>\n<meta property=\"og:site_name\" content=\"Geco, I edizione la fiera virtuale sulla sostenibilit&agrave;\" \/>\n<meta property=\"article:modified_time\" content=\"2021-10-29T16:13:58+00:00\" \/>\n<meta property=\"og:image\" content=\"https:\/\/www.gecoexpo.com\/2021\/wp-content\/uploads\/2020\/07\/Logo-Geco-web_Tavola-disegno-1.png\" \/>\n\t<meta property=\"og:image:width\" content=\"960\" \/>\n\t<meta property=\"og:image:height\" content=\"560\" \/>\n<meta name=\"twitter:card\" content=\"summary_large_image\" \/>\n<meta name=\"twitter:label1\" content=\"Tempo di lettura stimato\">\n\t<meta name=\"twitter:data1\" content=\"3 minuti\">\n<script type=\"application\/ld+json\" class=\"yoast-schema-graph\">{\"@context\":\"https:\/\/schema.org\",\"@graph\":[{\"@type\":\"WebSite\",\"@id\":\"https:\/\/www.gecoexpo.com\/2021\/#website\",\"url\":\"https:\/\/www.gecoexpo.com\/2021\/\",\"name\":\"Geco, I edizione la fiera virtuale sulla sostenibilit&agrave;\",\"description\":\"Green tourism, mobility &amp; energy expo\",\"potentialAction\":[{\"@type\":\"SearchAction\",\"target\":\"https:\/\/www.gecoexpo.com\/2021\/?s={search_term_string}\",\"query-input\":\"required name=search_term_string\"}],\"inLanguage\":\"it-IT\"},{\"@type\":\"WebPage\",\"@id\":\"https:\/\/www.gecoexpo.com\/2021\/giuria-e-premi-smart-talk\/#webpage\",\"url\":\"https:\/\/www.gecoexpo.com\/2021\/giuria-e-premi-smart-talk\/\",\"name\":\"Giuria e Premi Smart Talk - GECO\",\"isPartOf\":{\"@id\":\"https:\/\/www.gecoexpo.com\/2021\/#website\"},\"datePublished\":\"2021-01-05T12:43:29+00:00\",\"dateModified\":\"2021-10-29T16:13:58+00:00\",\"description\":\"Partecipa al video contest di GECO \\\"Smart Talks per un progresso sostenibile\\\". Scopri i premi e la giuria.\",\"breadcrumb\":{\"@id\":\"https:\/\/www.gecoexpo.com\/2021\/giuria-e-premi-smart-talk\/#breadcrumb\"},\"inLanguage\":\"it-IT\",\"potentialAction\":[{\"@type\":\"ReadAction\",\"target\":[\"https:\/\/www.gecoexpo.com\/2021\/giuria-e-premi-smart-talk\/\"]}]},{\"@type\":\"BreadcrumbList\",\"@id\":\"https:\/\/www.gecoexpo.com\/2021\/giuria-e-premi-smart-talk\/#breadcrumb\",\"itemListElement\":[{\"@type\":\"ListItem\",\"position\":1,\"item\":{\"@type\":\"WebPage\",\"@id\":\"https:\/\/www.gecoexpo.com\/2021\/\",\"url\":\"https:\/\/www.gecoexpo.com\/2021\/\",\"name\":\"Home\"}},{\"@type\":\"ListItem\",\"position\":2,\"item\":{\"@id\":\"https:\/\/www.gecoexpo.com\/2021\/giuria-e-premi-smart-talk\/#webpage\"}}]}]}<\/script>\n<!-- \/ Yoast SEO plugin. -->","_links":{"self":[{"href":"https:\/\/www.gecoexpo.com\/2021\/wp-json\/wp\/v2\/pages\/4961"}],"collection":[{"href":"https:\/\/www.gecoexpo.com\/2021\/wp-json\/wp\/v2\/pages"}],"about":[{"href":"https:\/\/www.gecoexpo.com\/2021\/wp-json\/wp\/v2\/types\/page"}],"author":[{"embeddable":true,"href":"https:\/\/www.gecoexpo.com\/2021\/wp-json\/wp\/v2\/users\/4"}],"replies":[{"embeddable":true,"href":"https:\/\/www.gecoexpo.com\/2021\/wp-json\/wp\/v2\/comments?post=4961"}],"version-history":[{"count":32,"href":"https:\/\/www.gecoexpo.com\/2021\/wp-json\/wp\/v2\/pages\/4961\/revisions"}],"predecessor-version":[{"id":10810,"href":"https:\/\/www.gecoexpo.com\/2021\/wp-json\/wp\/v2\/pages\/4961\/revisions\/10810"}],"wp:attachment":[{"href":"https:\/\/www.gecoexpo.com\/2021\/wp-json\/wp\/v2\/media?parent=4961"}],"curies":[{"name":"wp","href":"https:\/\/api.w.org\/{rel}","templated":true}]}}