{"id":7672,"date":"2021-08-03T18:44:09","date_gmt":"2021-08-03T16:44:09","guid":{"rendered":"https:\/\/www.gecoexpo.com\/2021\/?page_id=7672"},"modified":"2021-08-03T18:44:09","modified_gmt":"2021-08-03T16:44:09","slug":"como-participar","status":"publish","type":"page","link":"https:\/\/www.gecoexpo.com\/2021\/es\/como-participar\/","title":{"rendered":"C\u00d3MO PARTICIPAR"},"content":{"rendered":"<h3>Lo que puedes hacer como COMPRADOR<\/h3>\n<p>\u2705 Vive la experiencia inmersiva de GECO con tu avatar<\/p>\n<p>\u2705 Navega por los stands interactivos de la feria<\/p>\n<p>\u2705 Comunicaci\u00f3n dedicada a los profesionales del sector<\/p>\n<p>\u2705 Participar en mesas redondas<\/p>\n<p>\u2705 Asistir a los concursos de v\u00eddeo de Smart Talk<\/p>\n<p>? Concertar citas con los expositores<\/p>\n<div class=\"row\">\n<div class=\"col-lg-6\">\n<p style=\"text-align: left;\">\n<p style=\"text-align: left;\"><p class=\"text-left custom-button\"><a class=\"btn btn-primary my-3\"  href=\"http:\/\/www.gecoexpo.com\/2021\/registrazione-buyer\/\" align=\"left\"><span><strong>PARTICIPA COMO COMPRADOR<\/strong><\/span><\/a><\/p><\/p>\n<\/div>\n<div class=\"col-lg-6\">\n<h3>Lo que puedes hacer como VISITANTE<\/h3>\n<p>\u2705 Vive la experiencia inmersiva de GECO con tu avatar<\/p>\n<p>\u2705 Navega por los stands interactivos de la feria<\/p>\n<p>\u2705 Comunicaciones dedicadas a los visitantes<\/p>\n<p>\u2705 Participar en mesas redondas<\/p>\n<p>\u2705 Asistir a los concursos de v\u00eddeo de Smart Talk<\/p>\n<p>\u26d4 Para concertar citas con los expositores, participa como COMPRADOR<\/p>\n<\/div>\n<div class=\"col-lg-6\">\n<p style=\"text-align: left;\">\n<p style=\"text-align: center;\"><p class=\"text-left custom-button\"><a class=\"btn btn-primary my-3\"  href=\"http:\/\/www.gecoexpo.com\/2021\/registrazione-visitatore\/\" align=\"left\"><span><strong>PARTICIPA COMO VISITANTE<\/strong><\/span><\/a><\/p><\/p>\n<p>&nbsp;<\/p>\n<\/div>\n<p>\u00bfQuieres visitar la feria con total libertad y descubrir todas las oportunidades de GECO? <strong>Combina la emoci\u00f3n de un evento real con el potencial de un evento virtual<\/strong> y comun\u00edcate de forma interactiva con los expositores y otros visitantes tan apasionados como t\u00fa.<\/p>\n<p><strong>Participar es gratuito<\/strong>, s\u00f3lo tienes que registrar tu perfil en nuestro portal.<\/p>\n<p>Adem\u00e1s, <strong>como comprador de la feria<\/strong> tendr\u00e1s la oportunidad de concertar citas con los expositores para ser el primero en recibir servicios y asesoramiento privados.<\/p>\n<p>Mundo 3D, seminarios web, presentaciones interactivas, v\u00eddeos inmersivos y un networking \u00fanico te esperan en <strong>GECO<\/strong>, \u00a1la feria virtual sostenible del turismo, la movilidad y la energ\u00eda!<\/p>\n<p>La <strong>feria virtual GECO tendr\u00e1 lugar los d\u00edas 28, 29 y 30 de enero de 2021<\/strong>. Podr\u00e1s conectarte tantas veces como quieras y visitar los stands de tu inter\u00e9s con total libertad y a trav\u00e9s de tu propio avatar.<\/p>\n<p style=\"text-align: left;\">\n<p style=\"text-align: center;\">\n<\/div>\n","protected":false},"excerpt":{"rendered":"<p>Lo que puedes hacer como COMPRADOR \u2705 Vive la experiencia inmersiva de GECO con tu avatar \u2705 Navega por los stands interactivos de la feria \u2705 Comunicaci\u00f3n dedicada a los profesionales del sector \u2705 Participar en mesas redondas \u2705 Asistir a los concursos de v\u00eddeo de Smart Talk ? Concertar citas con los expositores Lo [&hellip;]<\/p>\n","protected":false},"author":4105,"featured_media":0,"parent":0,"menu_order":0,"comment_status":"closed","ping_status":"closed","template":"","meta":[],"yoast_head":"<!-- This site is optimized with the Yoast SEO plugin v16.3 - https:\/\/yoast.com\/wordpress\/plugins\/seo\/ -->\n<meta name=\"robots\" content=\"index, follow, max-snippet:-1, max-image-preview:large, max-video-preview:-1\" \/>\n<link rel=\"canonical\" href=\"https:\/\/www.gecoexpo.com\/2021\/como-participar\/\" \/>\n<meta property=\"og:locale\" content=\"it_IT\" \/>\n<meta property=\"og:type\" content=\"article\" \/>\n<meta property=\"og:title\" content=\"C\u00d3MO PARTICIPAR - Geco, I edizione la fiera virtuale sulla sostenibilit&agrave;\" \/>\n<meta property=\"og:description\" content=\"Lo que puedes hacer como COMPRADOR \u2705 Vive la experiencia inmersiva de GECO con tu avatar \u2705 Navega por los stands interactivos de la feria \u2705 Comunicaci\u00f3n dedicada a los profesionales del sector \u2705 Participar en mesas redondas \u2705 Asistir a los concursos de v\u00eddeo de Smart Talk ? Concertar citas con los expositores Lo [&hellip;]\" \/>\n<meta property=\"og:url\" content=\"https:\/\/www.gecoexpo.com\/2021\/es\/como-participar\/\" \/>\n<meta property=\"og:site_name\" content=\"Geco, I edizione la fiera virtuale sulla sostenibilit&agrave;\" \/>\n<meta property=\"og:image\" content=\"https:\/\/www.gecoexpo.com\/2021\/wp-content\/uploads\/2020\/07\/Logo-Geco-web_Tavola-disegno-1.png\" \/>\n\t<meta property=\"og:image:width\" content=\"960\" \/>\n\t<meta property=\"og:image:height\" content=\"560\" \/>\n<meta name=\"twitter:card\" content=\"summary_large_image\" \/>\n<meta name=\"twitter:label1\" content=\"Tempo di lettura stimato\">\n\t<meta name=\"twitter:data1\" content=\"2 minuti\">\n<script type=\"application\/ld+json\" class=\"yoast-schema-graph\">{\"@context\":\"https:\/\/schema.org\",\"@graph\":[{\"@type\":\"WebSite\",\"@id\":\"https:\/\/www.gecoexpo.com\/2021\/#website\",\"url\":\"https:\/\/www.gecoexpo.com\/2021\/\",\"name\":\"Geco, I edizione la fiera virtuale sulla sostenibilit&agrave;\",\"description\":\"Green tourism, mobility &amp; energy expo\",\"potentialAction\":[{\"@type\":\"SearchAction\",\"target\":\"https:\/\/www.gecoexpo.com\/2021\/?s={search_term_string}\",\"query-input\":\"required name=search_term_string\"}],\"inLanguage\":\"it-IT\"},{\"@type\":\"WebPage\",\"@id\":\"https:\/\/www.gecoexpo.com\/2021\/es\/como-participar\/#webpage\",\"url\":\"https:\/\/www.gecoexpo.com\/2021\/es\/como-participar\/\",\"name\":\"C\\u00d3MO PARTICIPAR - Geco, I edizione la fiera virtuale sulla sostenibilit&agrave;\",\"isPartOf\":{\"@id\":\"https:\/\/www.gecoexpo.com\/2021\/#website\"},\"datePublished\":\"2021-08-03T16:44:09+00:00\",\"dateModified\":\"2021-08-03T16:44:09+00:00\",\"breadcrumb\":{\"@id\":\"https:\/\/www.gecoexpo.com\/2021\/es\/como-participar\/#breadcrumb\"},\"inLanguage\":\"it-IT\",\"potentialAction\":[{\"@type\":\"ReadAction\",\"target\":[\"https:\/\/www.gecoexpo.com\/2021\/es\/como-participar\/\"]}]},{\"@type\":\"BreadcrumbList\",\"@id\":\"https:\/\/www.gecoexpo.com\/2021\/es\/como-participar\/#breadcrumb\",\"itemListElement\":[{\"@type\":\"ListItem\",\"position\":1,\"item\":{\"@type\":\"WebPage\",\"@id\":\"https:\/\/www.gecoexpo.com\/2021\/\",\"url\":\"https:\/\/www.gecoexpo.com\/2021\/\",\"name\":\"Home\"}},{\"@type\":\"ListItem\",\"position\":2,\"item\":{\"@id\":\"https:\/\/www.gecoexpo.com\/2021\/es\/como-participar\/#webpage\"}}]}]}<\/script>\n<!-- \/ Yoast SEO plugin. -->","_links":{"self":[{"href":"https:\/\/www.gecoexpo.com\/2021\/wp-json\/wp\/v2\/pages\/7672"}],"collection":[{"href":"https:\/\/www.gecoexpo.com\/2021\/wp-json\/wp\/v2\/pages"}],"about":[{"href":"https:\/\/www.gecoexpo.com\/2021\/wp-json\/wp\/v2\/types\/page"}],"author":[{"embeddable":true,"href":"https:\/\/www.gecoexpo.com\/2021\/wp-json\/wp\/v2\/users\/4105"}],"replies":[{"embeddable":true,"href":"https:\/\/www.gecoexpo.com\/2021\/wp-json\/wp\/v2\/comments?post=7672"}],"version-history":[{"count":1,"href":"https:\/\/www.gecoexpo.com\/2021\/wp-json\/wp\/v2\/pages\/7672\/revisions"}],"predecessor-version":[{"id":7677,"href":"https:\/\/www.gecoexpo.com\/2021\/wp-json\/wp\/v2\/pages\/7672\/revisions\/7677"}],"wp:attachment":[{"href":"https:\/\/www.gecoexpo.com\/2021\/wp-json\/wp\/v2\/media?parent=7672"}],"curies":[{"name":"wp","href":"https:\/\/api.w.org\/{rel}","templated":true}]}}