{"id":7710,"date":"2021-08-03T18:44:10","date_gmt":"2021-08-03T16:44:10","guid":{"rendered":"https:\/\/www.gecoexpo.com\/2021\/?page_id=7710"},"modified":"2021-08-03T18:44:10","modified_gmt":"2021-08-03T16:44:10","slug":"politica-de-cookies","status":"publish","type":"page","link":"https:\/\/www.gecoexpo.com\/2021\/es\/politica-de-cookies\/","title":{"rendered":"Pol\u00edtica de Cookies"},"content":{"rendered":"<p><strong>Pol\u00edtica de cookies<\/strong><\/p>\n<p><strong>Informaci\u00f3n conforme al art. 12 y siguientes del Reg. 679\/2016 de la UE por parte de SMART EVENTI S.R.L. para el acceso y la navegaci\u00f3n en este sitio web<\/strong><\/p>\n<p>&nbsp;<\/p>\n<p><strong>SMART EVENTI S.R.L<\/strong>., C.F. y P.I. 06997310963, con domicilio social en 20131 Mil\u00e1n (MI), viale Abruzzi n. 37, en la persona de su representante legal pro tempore,<\/p>\n<p><strong>INFORMA AL USUARIO<\/strong><\/p>\n<p>que al acceder y navegar por este sitio web (en adelante, en aras de la brevedad, el &#8220;Sitio&#8221;), se pueden recoger y procesar cookies, es decir, peque\u00f1as cadenas de texto enviadas \u00fanica y exclusivamente por el Sitio a su terminal (normalmente a su navegador), donde se almacenar\u00e1n y luego se transmitir\u00e1n al Sitio en su pr\u00f3xima visita.<\/p>\n<p>De conformidad con el art. 12 y siguientes del Reg. 679\/2016 de la UE y el art. 122, co. 1, del C\u00f3digo de Privacidad, en nombre y por cuenta de SMART EVENTI S.R.L., le proporcionamos la siguiente informaci\u00f3n.<\/p>\n<p>Los tipos de cookies utilizados son los siguientes<\/p>\n<ul>\n<li><strong>Cookies t\u00e9cnicas<\/strong>: utilizadas con el \u00fanico fin de &#8220;llevar a cabo la transmisi\u00f3n de una comunicaci\u00f3n en una red de comunicaciones electr\u00f3nicas, o en la medida estrictamente necesaria para que el proveedor de un servicio de la sociedad de la informaci\u00f3n expl\u00edcitamente solicitado por el abonado o usuario pueda prestar dicho servicio&#8221; (v\u00e9ase el art\u00edculo 122, p\u00e1rrafo 1 del C\u00f3digo de Privacidad).<\/li>\n<li><strong>Cookies de perfil<\/strong>: tienen como objetivo crear perfiles sobre el usuario y se utilizan para enviar mensajes publicitarios de acuerdo con las preferencias expresadas por el usuario mientras navega por la web (v\u00e9ase el art. 122 del C\u00f3digo de Privacidad).<\/li>\n<\/ul>\n<p><strong>A. Fines del tratamiento<\/strong> &#8211; Las cookies ser\u00e1n tratadas para los siguientes fines:<\/p>\n<p><strong>1. [finalidad t\u00e9cnica]<\/strong> en lo que respecta a las cookies t\u00e9cnicas \u00fanicamente:<\/p>\n<p>&#8211; para garantizar la navegaci\u00f3n normal por la web y el uso del Sitio (las llamadas cookies de navegaci\u00f3n o de sesi\u00f3n);<\/p>\n<p>&#8211; recoger informaci\u00f3n, de forma agregada, sobre el n\u00famero de usuarios y sobre c\u00f3mo visitan el propio Sitio (las llamadas cookies de an\u00e1lisis);<\/p>\n<p>&#8211; Permitir al Usuario navegar en el Sitio seg\u00fan una serie de criterios seleccionados (por ejemplo, el idioma) con el fin de mejorar el servicio prestado al mismo (las llamadas cookies de funcionalidad).<\/p>\n<p><strong>2.\u00a0[para los denominados fines de elaboraci\u00f3n de perfiles] en relaci\u00f3n \u00fanicamente con las cookies de elaboraci\u00f3n de perfiles<\/strong>, para crear perfiles para el Usuario y enviar mensajes publicitarios (boletines informativos) de acuerdo con las preferencias expresadas por el Usuario al navegar por el Sitio Web, ex art. 122, p\u00e1rrafo 1, C\u00f3digo de Privacidad.<br \/>\n<strong>3.\u00a03. [fines legales]<\/strong> para cumplir con las obligaciones legales consiguientes.<\/p>\n<p>&nbsp;<\/p>\n<p><strong>B.\u00a0MODO DE TRATAMIENTO<\/strong> &#8211; El tratamiento de las cookies es efectuado por responsables y encargados del tratamiento formalmente designados que utilizar\u00e1n instrumentos y soportes &#8211; de papel, magn\u00e9ticos, inform\u00e1ticos o telem\u00e1ticos &#8211; adecuados para garantizar la seguridad y la confidencialidad. El tratamiento tambi\u00e9n podr\u00e1 realizarse con instrumentos automatizados que puedan registrar, gestionar y transmitir dichos datos en l\u00ednea. Las bases de datos se conservan en entornos protegidos cuyo acceso est\u00e1 sometido a un control constante, y de conformidad con lo dispuesto en el C\u00f3digo de Privacidad.<\/p>\n<p>&nbsp;<\/p>\n<p><strong>C.\u00a0NATURALEZA DEL TRATAMIENTO<\/strong> &#8211; La naturaleza del suministro de datos es la siguiente, respectivamente :<br \/>\n&#8211; <strong>OBLIGATORIO<\/strong>, en lo que se refiere a la finalidad t\u00e9cnica indicada en el punto 1). Por lo tanto, la negativa a proporcionar dichos datos, en su totalidad o en parte, o la falta de autorizaci\u00f3n para su tratamiento y\/o su comunicaci\u00f3n a terceros, puede dar lugar a la imposibilidad por parte de <strong>SMART EVENTI S.R.L<\/strong>. de permitir al Usuario el acceso al Sitio Web.<\/p>\n<p>&#8211; <strong>FACULTATIVO<\/strong> en lo que se refiere a las finalidades de elaboraci\u00f3n de perfiles indicadas en el punto 2). Por lo tanto, la negativa a proporcionar dichos datos, en su totalidad o en parte, o la falta de autorizaci\u00f3n para su tratamiento y\/o su comunicaci\u00f3n a terceros dar\u00e1 lugar a la imposibilidad por parte de <strong>SMART EVENTI S.R.L<\/strong>. de llevar a cabo la elaboraci\u00f3n de perfiles.<\/p>\n<p>&nbsp;<\/p>\n<p><strong>D.\u00a0DERECHOS DEL INTERESADO<\/strong>.<\/p>\n<p>En relaci\u00f3n con las cookies, el interesado\/Usuario tambi\u00e9n podr\u00e1:<\/p>\n<ul>\n<li>negar su consentimiento en cualquier momento a la instalaci\u00f3n de cookies de perfilado;<\/li>\n<li>expresar sus opciones en relaci\u00f3n con el uso de cookies por parte del sitio web cambiando la configuraci\u00f3n del navegador de acuerdo con el art. 122, p\u00e1rrafo 2 del C\u00f3digo de Privacidad.<\/li>\n<\/ul>\n<p>En particular, si las tecnolog\u00edas utilizadas por el Sitio Web son compatibles con la versi\u00f3n del navegador utilizado por el Usuario, consulte el enlace de la secci\u00f3n del navegador dedicada a la configuraci\u00f3n anterior<\/p>\n<p>Internet Explorer &#8211; Google Chrome &#8211; Mozilla Firefox &#8211; Safari 6.<\/p>\n<p>&nbsp;<\/p>\n<p><strong>E.\u00a0COMUNICACI\u00d3N DEL TRATAMIENTO<\/strong> &#8211; Salvo siempre las comunicaciones realizadas en cumplimiento de las obligaciones legales, los datos podr\u00e1n ser comunicados dentro de Italia a:<\/p>\n<p>Proveedores de servicios y contenidos (proveedores de servicios y comunicaciones electr\u00f3nicas).<\/p>\n<p>&nbsp;<\/p>\n<p><strong>F.\u00a0RESPONSABLE DEL TRATAMIENTO DE DATOS Y PROCESADOR DE DATOS<\/strong> &#8211; El responsable del tratamiento de los datos de las cookies es <strong>SMART EVENTI S.R.L<\/strong>.<\/p>\n<p>La lista completa y actualizada de los procesadores de datos designados est\u00e1 disponible, previa solicitud, en el domicilio social de <strong>SMART EVENTI S.R.L<\/strong>., c\u00f3digo fiscal y n\u00famero de IVA IT06997310963, con sede en 20131 Mil\u00e1n (MI), viale Abruzzi n. 37.<\/p>\n<p>&nbsp;<\/p>\n<p><strong>PERFIL DE LAS COOKIES UTILIZADAS POR EL SITIO WEB<\/strong>:<\/p>\n<p><strong>Perfiles de cookies de terceros<\/strong>:<\/p>\n<p>\u2043 <strong>Facebook (bot\u00f3n &#8220;Me gusta&#8221; y widgets sociales para Facebook (Facebook, Inc.)<\/strong>: El bot\u00f3n &#8220;Me gusta&#8221; y los widgets sociales para Facebook son servicios de interacci\u00f3n con la red social Facebook , proporcionados por Facebook, Inc. Lugar de tratamiento: Estados Unidos &#8211; <a href=\"https:\/\/www.facebook.com\/privacy\/explanation\/\" target=\"_blank\" rel=\"noopener\">Pol\u00edtica de privacidad<\/a> .<\/p>\n<p>\u2043 <strong>Youtube (Bot\u00f3n y widgets sociales para YouTube (Google Inc.)<\/strong>: El bot\u00f3n y los widgets sociales para YouTube son servicios de interacci\u00f3n con la red social YouTube proporcionados por Google Inc. Lugar de tratamiento: Estados Unidos &#8211; <a href=\"https:\/\/policies.google.com\/privacy?hl=it\" target=\"_blank\" rel=\"noopener\">Pol\u00edtica de privacidad<\/a>.<\/p>\n<p>&#8211; <strong>Instagram (Bot\u00f3n y widgets sociales para Instagram (Facebook, Inc.)<\/strong>: El bot\u00f3n y los widgets sociales para Instagram son servicios de interacci\u00f3n con la red social Instagram, prestados por Facebook, Inc. Lugar de tratamiento: EE.UU. &#8211; <a href=\"https:\/\/help.instagram.com\/519522125107875\" target=\"_blank\" rel=\"noopener\">https:\/\/help.instagram.com\/519522125107875<\/a><\/p>\n<p>&#8211; <strong>Twitter (Bot\u00f3n y widgets sociales para Twitter (Twitter, Inc.)<\/strong>: El bot\u00f3n y los widgets sociales para Twitter son servicios de interacci\u00f3n con la red social Twitter, Inc. Lugar de tratamiento: EEUU &#8211; <a href=\"https:\/\/twitter.com\/es\/privacy\">https:\/\/twitter.com\/es\/privacy<\/a><\/p>\n<p>&#8211; <strong>LinkedIn (Bot\u00f3n y widgets sociales para LinkedIn (Microsoft Corporation)<\/strong>: El bot\u00f3n y los widgets sociales para LinkedIn son servicios de interacci\u00f3n con la red social LinkedIn. Lugar de procesamiento: EE.UU. &#8211; <a href=\"https:\/\/www.linkedin.com\/legal\/privacy-policy?trk=uno-reg-guest-home-privacy-policy\" target=\"_blank\" rel=\"noopener\">https:\/\/www.linkedin.com\/legal\/privacy-policy?trk=uno-reg-guest-home-privacy-policy<\/a><\/p>\n<p>\u2043 <strong>Google reCAPTCHA (Google Inc.)<\/strong>: Google reCAPTCHA es un servicio de protecci\u00f3n contra el SPAM prestado por Google Inc. El uso del sistema reCAPTCHA est\u00e1 sujeto a la <a href=\"https:\/\/policies.google.com\/privacy?hl=it\" target=\"_blank\" rel=\"noopener\">Pol\u00edtica de Privacidad<\/a> y a las condiciones de uso de Google. Lugar de tratamiento: EE.UU. &#8211; <a href=\"https:\/\/policies.google.com\/privacy?hl=it\" target=\"_blank\" rel=\"noopener\">Pol\u00edtica de privacidad<\/a>.<\/p>\n<p>\u2043 <strong>Google Analytics (Google Inc.)<\/strong>: Google Analytics es un servicio de an\u00e1lisis web prestado por Google Inc. (&#8220;Google&#8221;). Google utiliza los Datos Personales recogidos con el objetivo de rastrear y examinar el uso de esta Aplicaci\u00f3n, recopilando informes y comparti\u00e9ndolos con otros servicios desarrollados por Google.\u2028Google puede utilizar los Datos Personales para contextualizar y personalizar los anuncios de su red publicitaria. Lugar de tratamiento: EE.UU. &#8211; <a href=\"https:\/\/policies.google.com\/privacy?hl=it\" target=\"_blank\" rel=\"noopener\">Pol\u00edtica de privacidad<\/a> &#8211; <a href=\"https:\/\/tools.google.com\/dlpage\/gaoptout?hl=it\/\" target=\"_blank\" rel=\"noopener\">Opt Out<\/a>.<\/p>\n<p>\u2043 <strong>Widget Instagram (Instagram, Inc.)<\/strong>: Instagram es un servicio de visualizaci\u00f3n de im\u00e1genes gestionado por Instagram, Inc. que permite a esta Aplicaci\u00f3n integrar dichos contenidos dentro de sus p\u00e1ginas. Lugar de tratamiento: Estados Unidos &#8211; <a href=\"https:\/\/help.instagram.com\/519522125107875\" target=\"_blank\" rel=\"noopener\">Pol\u00edtica de privacidad<\/a>.<\/p>\n<p>&#8211; <strong>Widget de v\u00eddeo de YouTube (Google Inc.)<\/strong>: YouTube es un servicio de visualizaci\u00f3n de im\u00e1genes de v\u00eddeo gestionado por Google Inc. que permite a esta Aplicaci\u00f3n integrar dichos contenidos dentro de su p\u00e1gina. Lugar de tratamiento: EE.UU. &#8211; <a href=\"https:\/\/policies.google.com\/privacy?hl=it&amp;gl=it\" target=\"_blank\" rel=\"noopener\">Pol\u00edtica de privacidad<\/a>.<\/p>\n<p>Esta p\u00e1gina es visible, por medio de enlaces colocados al pie de todas las p\u00e1ginas del Sitio Web de acuerdo con el art. 122, p\u00e1rrafo 2, del decreto legislativo 196\/2003 y, posteriormente, por el formulario simplificado de pol\u00edtica y para la obtenci\u00f3n del consentimiento para el uso de cookies publicado en el Bolet\u00edn Oficial n.126 de fecha 3 de junio de 2014 y el correspondiente registro de \u00f3rdenes n. 229 de fecha 8 de mayo de 2014.<\/p>\n","protected":false},"excerpt":{"rendered":"<p>Pol\u00edtica de cookies Informaci\u00f3n conforme al art. 12 y siguientes del Reg. 679\/2016 de la UE por parte de SMART EVENTI S.R.L. para el acceso y la navegaci\u00f3n en este sitio web &nbsp; SMART EVENTI S.R.L., C.F. y P.I. 06997310963, con domicilio social en 20131 Mil\u00e1n (MI), viale Abruzzi n. 37, en la persona de [&hellip;]<\/p>\n","protected":false},"author":4105,"featured_media":0,"parent":0,"menu_order":0,"comment_status":"closed","ping_status":"closed","template":"","meta":[],"yoast_head":"<!-- This site is optimized with the Yoast SEO plugin v16.3 - https:\/\/yoast.com\/wordpress\/plugins\/seo\/ -->\n<meta name=\"robots\" content=\"index, follow, max-snippet:-1, max-image-preview:large, max-video-preview:-1\" \/>\n<link rel=\"canonical\" href=\"https:\/\/www.gecoexpo.com\/2021\/politica-de-cookies\/\" \/>\n<meta property=\"og:locale\" content=\"it_IT\" \/>\n<meta property=\"og:type\" content=\"article\" \/>\n<meta property=\"og:title\" content=\"Pol\u00edtica de Cookies - Geco, I edizione la fiera virtuale sulla sostenibilit&agrave;\" \/>\n<meta property=\"og:description\" content=\"Pol\u00edtica de cookies Informaci\u00f3n conforme al art. 12 y siguientes del Reg. 679\/2016 de la UE por parte de SMART EVENTI S.R.L. para el acceso y la navegaci\u00f3n en este sitio web &nbsp; SMART EVENTI S.R.L., C.F. y P.I. 06997310963, con domicilio social en 20131 Mil\u00e1n (MI), viale Abruzzi n. 37, en la persona de [&hellip;]\" \/>\n<meta property=\"og:url\" content=\"https:\/\/www.gecoexpo.com\/2021\/es\/politica-de-cookies\/\" \/>\n<meta property=\"og:site_name\" content=\"Geco, I edizione la fiera virtuale sulla sostenibilit&agrave;\" \/>\n<meta property=\"og:image\" content=\"https:\/\/www.gecoexpo.com\/2021\/wp-content\/uploads\/2020\/07\/Logo-Geco-web_Tavola-disegno-1.png\" \/>\n\t<meta property=\"og:image:width\" content=\"960\" \/>\n\t<meta property=\"og:image:height\" content=\"560\" \/>\n<meta name=\"twitter:card\" content=\"summary_large_image\" \/>\n<meta name=\"twitter:label1\" content=\"Tempo di lettura stimato\">\n\t<meta name=\"twitter:data1\" content=\"6 minuti\">\n<script type=\"application\/ld+json\" class=\"yoast-schema-graph\">{\"@context\":\"https:\/\/schema.org\",\"@graph\":[{\"@type\":\"WebSite\",\"@id\":\"https:\/\/www.gecoexpo.com\/2021\/#website\",\"url\":\"https:\/\/www.gecoexpo.com\/2021\/\",\"name\":\"Geco, I edizione la fiera virtuale sulla sostenibilit&agrave;\",\"description\":\"Green tourism, mobility &amp; energy expo\",\"potentialAction\":[{\"@type\":\"SearchAction\",\"target\":\"https:\/\/www.gecoexpo.com\/2021\/?s={search_term_string}\",\"query-input\":\"required name=search_term_string\"}],\"inLanguage\":\"it-IT\"},{\"@type\":\"WebPage\",\"@id\":\"https:\/\/www.gecoexpo.com\/2021\/es\/politica-de-cookies\/#webpage\",\"url\":\"https:\/\/www.gecoexpo.com\/2021\/es\/politica-de-cookies\/\",\"name\":\"Pol\\u00edtica de Cookies - Geco, I edizione la fiera virtuale sulla sostenibilit&agrave;\",\"isPartOf\":{\"@id\":\"https:\/\/www.gecoexpo.com\/2021\/#website\"},\"datePublished\":\"2021-08-03T16:44:10+00:00\",\"dateModified\":\"2021-08-03T16:44:10+00:00\",\"breadcrumb\":{\"@id\":\"https:\/\/www.gecoexpo.com\/2021\/es\/politica-de-cookies\/#breadcrumb\"},\"inLanguage\":\"it-IT\",\"potentialAction\":[{\"@type\":\"ReadAction\",\"target\":[\"https:\/\/www.gecoexpo.com\/2021\/es\/politica-de-cookies\/\"]}]},{\"@type\":\"BreadcrumbList\",\"@id\":\"https:\/\/www.gecoexpo.com\/2021\/es\/politica-de-cookies\/#breadcrumb\",\"itemListElement\":[{\"@type\":\"ListItem\",\"position\":1,\"item\":{\"@type\":\"WebPage\",\"@id\":\"https:\/\/www.gecoexpo.com\/2021\/\",\"url\":\"https:\/\/www.gecoexpo.com\/2021\/\",\"name\":\"Home\"}},{\"@type\":\"ListItem\",\"position\":2,\"item\":{\"@id\":\"https:\/\/www.gecoexpo.com\/2021\/es\/politica-de-cookies\/#webpage\"}}]}]}<\/script>\n<!-- \/ Yoast SEO plugin. -->","_links":{"self":[{"href":"https:\/\/www.gecoexpo.com\/2021\/wp-json\/wp\/v2\/pages\/7710"}],"collection":[{"href":"https:\/\/www.gecoexpo.com\/2021\/wp-json\/wp\/v2\/pages"}],"about":[{"href":"https:\/\/www.gecoexpo.com\/2021\/wp-json\/wp\/v2\/types\/page"}],"author":[{"embeddable":true,"href":"https:\/\/www.gecoexpo.com\/2021\/wp-json\/wp\/v2\/users\/4105"}],"replies":[{"embeddable":true,"href":"https:\/\/www.gecoexpo.com\/2021\/wp-json\/wp\/v2\/comments?post=7710"}],"version-history":[{"count":3,"href":"https:\/\/www.gecoexpo.com\/2021\/wp-json\/wp\/v2\/pages\/7710\/revisions"}],"predecessor-version":[{"id":8704,"href":"https:\/\/www.gecoexpo.com\/2021\/wp-json\/wp\/v2\/pages\/7710\/revisions\/8704"}],"wp:attachment":[{"href":"https:\/\/www.gecoexpo.com\/2021\/wp-json\/wp\/v2\/media?parent=7710"}],"curies":[{"name":"wp","href":"https:\/\/api.w.org\/{rel}","templated":true}]}}