{"id":7774,"date":"2021-08-03T18:44:10","date_gmt":"2021-08-03T16:44:10","guid":{"rendered":"https:\/\/www.gecoexpo.com\/2021\/?page_id=7774"},"modified":"2021-08-03T18:44:10","modified_gmt":"2021-08-03T16:44:10","slug":"politica-de-privacidad-visitante-y-comprador","status":"publish","type":"page","link":"https:\/\/www.gecoexpo.com\/2021\/es\/politica-de-privacidad-visitante-y-comprador\/","title":{"rendered":"Pol\u00edtica de Privacidad Visitante y Comprador"},"content":{"rendered":"<p style=\"text-align: center;\"><strong>Informaci\u00f3n de conformidad con los art\u00edculos 13 y 14 y siguientes del Reg. 679\/2016 de la UE (denominado &#8220;GDPR&#8221;)<\/strong><\/p>\n<p style=\"text-align: center;\"><strong>por SMART EVENTI S.R.L.<\/strong><\/p>\n<p>En virtud de los art\u00edculos 13 y 14 del Reglamento de Privacidad de la UE 679\/2016 (denominado &#8220;GDPR&#8221;) le informamos de que los datos personales que usted proporciona como visitante (entendi\u00e9ndose como persona f\u00edsica) o comprador (entendi\u00e9ndose como operador profesional) a nuestra empresa <strong>SMART EVENTI S.R.L<\/strong>, C.F. y P.I. 06997310963, con domicilio social en 20131 Mil\u00e1n (MI), Viale Abruzzi n. 37, en la persona del representante legal pro tempore, con motivo y a los efectos de la participaci\u00f3n en la feria virtual denominada GECO y eventos relacionados como Round Tables y Smart Talk, recogidos durante el registro en el sitio de referencia, ser\u00e1n tratados en cumplimiento de los principios de licitud, equidad, correcci\u00f3n, proporcionalidad, necesidad, exactitud, integridad y seguridad y dem\u00e1s obligaciones legales vigentes.<\/p>\n<p><strong>1.FINALIDAD DEL TRATAMIENTO.<\/strong><\/p>\n<p>Los datos personales se tratar\u00e1n para los siguientes fines y sobre las siguientes bases legales:<\/p>\n<p>i) <strong>Cumplimiento de las obligaciones contractuales<\/strong>: se hace referencia a los datos adquiridos durante el registro en el sitio, que pueden ser objeto de tratamiento por parte del Responsable del Tratamiento con el fin de permitir al visitante y\/o al comprador el acceso al propio sitio, tambi\u00e9n en las \u00e1reas reservadas para ellos, para actividades estrictamente relacionadas con la ejecuci\u00f3n de los servicios y actividades de la Feria GECO y el cumplimiento de las obligaciones derivadas de la participaci\u00f3n virtual en la Feria GECO y en eventos como las Mesas Redondas y las Smart Talks relacionadas con la misma. El contrato constituye la base jur\u00eddica del tratamiento. Tras la rescisi\u00f3n del contrato, la base jur\u00eddica es el cumplimiento de las obligaciones que impone la ley. El tratamiento para estos fines tiene su base legal en nuestra necesidad de cumplir con las obligaciones contra\u00eddas a trav\u00e9s del registro y el contrato celebrado en el momento del registro y\/o las obligaciones legales relacionadas con el mismo. Dicho tratamiento no requiere su consentimiento previo y usted es libre de no proporcionar sus datos, sin embargo, si lo hace, no podremos aceptar su registro y celebrar el contrato y\/o cumplir nuestras obligaciones legales.<\/p>\n<p>ii) <strong>Fines promocionales<\/strong>: para la realizaci\u00f3n de actividades promocionales, mediante el env\u00edo de boletines, comunicaciones comerciales, publicidad y ofertas de venta de productos\/servicios de SMART EVENTI S.R.L. La base legal del tratamiento es el consentimiento, por lo que cualquier negativa a prestarlos, total o parcialmente, o la falta de autorizaci\u00f3n a su tratamiento y\/o su comunicaci\u00f3n a terceros implicados en la realizaci\u00f3n de actividades promocionales por parte de SMART EVENTI S.R.L. puede suponer la imposibilidad de que SMART EVENTI S.R.L. realice actividades promocionales y de participaci\u00f3n en la feria.<\/p>\n<p>iii) <strong>Fines promocionales de otras exposiciones<\/strong>: comunicaciones comerciales por correo, tel\u00e9fono, sistemas de llamada automatizada, fax, correo electr\u00f3nico, sms, mms, sobre otras exposiciones comunicaci\u00f3n de datos a otras empresas, como organizadores, expositores, constructores de stands, operadores cualificados que participan en exposiciones o que operan en otros sectores, patrocinadores y proveedores de Smart Eventi S.r.l. para su tratamiento independiente, como responsables del tratamiento. La base legal para el tratamiento es el consentimiento, por lo que cualquier negativa a prestarlo, total o parcialmente, o la falta de autorizaci\u00f3n a su tratamiento y\/o su comunicaci\u00f3n a terceros implicados en la realizaci\u00f3n de actividades promocionales por parte de SMART EVENTI S.R.L. puede suponer la imposibilidad de que SMART EVENTI S.R.L. lleve a cabo la actividad promocional y la participaci\u00f3n en la feria.<\/p>\n<p>iv) <strong>Fines legales<\/strong>: para cumplir con las obligaciones legales consiguientes.<\/p>\n<p><strong>2. M\u00c9TODOS DE PROCESAMIENTO.<\/strong><\/p>\n<p>El tratamiento de los citados datos ser\u00e1 realizado por responsables y encargados formalmente identificados que utilizar\u00e1n instrumentos y soportes -papel, magn\u00e9ticos, inform\u00e1ticos o telem\u00e1ticos- adecuados para garantizar la seguridad y la confidencialidad. Los datos tambi\u00e9n pueden tratarse mediante herramientas automatizadas de almacenamiento, gesti\u00f3n y transmisi\u00f3n de los datos por v\u00eda electr\u00f3nica.<\/p>\n<p><strong>3. DERECHOS DEL INTERESADO<\/strong>.<\/p>\n<p>3.1 Con respecto a sus datos personales, usted, como interesado, podr\u00e1, mediante el env\u00edo de una comunicaci\u00f3n escrita por correo electr\u00f3nico a la siguiente direcci\u00f3n: <a href=\"mailto:privacy@smarteventi.it\">privacy@smarteventi.it<\/a> a SMART EVENTI S.R.L., con domicilio social en 20131 Mil\u00e1n (MI), viale Abruzzi n. 37, en la persona del representante legal pro tempore:<\/p>\n<p>&#8211; solicitar a SMART EVENTI S.R.L., como responsable del tratamiento, el acceso a sus datos personales, su rectificaci\u00f3n o supresi\u00f3n, as\u00ed como la limitaci\u00f3n de su tratamiento o la oposici\u00f3n al mismo (ex art\u00edculos 15, 16, 17, 18, 19, 21 Reg. UE 679\/2016). En particular:<\/p>\n<p>* con respecto a la rectificaci\u00f3n de los datos personales, teniendo en cuenta los fines del tratamiento, usted tiene derecho a obtener la integraci\u00f3n de los datos personales incompletos, incluso mediante una declaraci\u00f3n complementaria;<\/p>\n<p>* Con respecto a la limitaci\u00f3n del tratamiento, usted tiene derecho a obtenerla cuando se d\u00e9 uno de los siguientes casos: a) usted impugna la exactitud de los datos personales, durante el per\u00edodo necesario para que SMART EVENTI S.R.L. para verificar la exactitud de dichos datos personales; b) el tratamiento es ilegal y usted se opone a la supresi\u00f3n de sus datos personales y solicita en su lugar que se limite su uso; c) aunque SMART EVENTI S.R.L. ya no los necesite para el tratamiento, los datos personales son necesarios para el establecimiento, el ejercicio o la defensa de reclamaciones legales;<\/p>\n<p>* con respecto a la supresi\u00f3n de los datos personales sin demora indebida, usted tiene derecho a que se supriman cuando se aplique uno de los siguientes motivos: (a) los datos personales ya no son necesarios en relaci\u00f3n con los fines para los que fueron recogidos o tratados de otro modo; (b) usted, como interesado, revoca el consentimiento en el que se basa el tratamiento y si no existe ninguna otra base jur\u00eddica para el tratamiento; (c) los datos personales han sido tratados ilegalmente; (d) los datos personales deben ser suprimidos para cumplir con una obligaci\u00f3n legal establecida por la legislaci\u00f3n de la Uni\u00f3n o de los Estados miembros a la que el SMART EVENTI S. R.L.;<\/p>\n<p>&#8211; recibir en un formato estructurado, de uso com\u00fan y legible por m\u00e1quina los datos personales que le conciernen proporcionados a un responsable del tratamiento y tendr\u00e1 derecho a transmitir dichos datos a otro responsable del tratamiento sin impedimentos por parte de SMART EVENTI S.R.L. (el llamado &#8220;derecho a la portabilidad de los datos&#8221; ex art. 20 Reg. UE 679\/2016);<\/p>\n<p>&#8211; retirar el consentimiento en cualquier momento sin que ello afecte a la licitud del tratamiento basado en el consentimiento otorgado antes de la revocaci\u00f3n (ex art. 8, ap. 3, Reg. UE 679\/2016).<\/p>\n<p>3.2 Sus datos personales no ser\u00e1n difundidos ni transferidos a terceros pa\u00edses u organizaciones internacionales.<\/p>\n<p><strong>4.- PROPIETARIO &#8211; CONTROLADORES DE DATOS EXTERNOS.<\/strong><\/p>\n<p>El responsable del tratamiento de los datos personales es SMART EVENTI S.R.L., C.F. y P.I. 06997310963, con domicilio social en 20131 Mil\u00e1n (MI), viale Abruzzi n. 37, en la persona del representante legal pro tempore, que puede ser contactado en la siguiente direcci\u00f3n: <a href=\"mailto:privacy@smarteventi.it\">privacy@smarteventi.it<\/a>.<\/p>\n<p>Los procesadores de datos externos son:<\/p>\n<p>&#8211; socios utilizados por SMART EVENTI para la prestaci\u00f3n de servicios a los clientes (por ejemplo, desarrollo\/mantenimiento de sitios web, aplicaciones, gesti\u00f3n, software de contabilidad y para el env\u00edo de boletines informativos).<u><\/u><\/p>\n<p><strong>5. COMUNICACI\u00d3N DEL PROCESAMIENTO DE DATOS.<\/strong><\/p>\n<p>Sin perjuicio de las comunicaciones realizadas en cumplimiento de obligaciones legales, sus datos personales podr\u00e1n ser comunicados a<\/p>\n<p>&#8211; Empleados \/ colaboradores de SMART EVENTI;<br \/>\n&#8211; socios utilizados por SMART EVENTI para la prestaci\u00f3n de servicios a los clientes (por ejemplo, desarrollo\/mantenimiento de sitios web, aplicaciones, software de gesti\u00f3n, contabilidad y env\u00edo) y a los expositores del Sal\u00f3n;<\/p>\n<p><strong>6.PER\u00cdODO DE CONSERVACI\u00d3N DE LOS DATOS.<\/strong><\/p>\n<p>Los datos personales (comunes) facilitados por usted se almacenar\u00e1n de forma que permitan su identificaci\u00f3n, como interesado:<\/p>\n<p>&#8211; durante un per\u00edodo de tiempo que no exceda el cumplimiento de la finalidad <strong>contractual<\/strong> sub. art\u00edculo 1 letra i) para la que se tratan los mismos, excepto para el cumplimiento de obligaciones legales;<\/p>\n<p>&#8211; hasta la revocaci\u00f3n del consentimiento para la finalidad promocional sub. art\u00edculo 1 letras (ii) y (iii), para la que se procesan los mismos, excepto para el cumplimiento de cualquier obligaci\u00f3n legal.<\/p>\n<p>No existe un sistema automatizado para la supresi\u00f3n de los datos personales al finalizar el periodo de almacenamiento, ya que la supresi\u00f3n de los mismos se realiza de forma manual, una vez cumplidas las obligaciones legales derivadas de la finalizaci\u00f3n del contrato.<\/p>\n<p><strong>7.DENUNCIA.<\/strong><\/p>\n<p>Si cree que el tratamiento infringe el Reg. 679\/2016 de la UE, tiene derecho a presentar una reclamaci\u00f3n ante una autoridad de control, concretamente en el Estado miembro en el que reside habitualmente, trabaja o en el lugar donde se ha producido la supuesta infracci\u00f3n.<\/p>\n<p>&nbsp;<\/p>\n","protected":false},"excerpt":{"rendered":"<p>Informaci\u00f3n de conformidad con los art\u00edculos 13 y 14 y siguientes del Reg. 679\/2016 de la UE (denominado &#8220;GDPR&#8221;) por SMART EVENTI S.R.L. En virtud de los art\u00edculos 13 y 14 del Reglamento de Privacidad de la UE 679\/2016 (denominado &#8220;GDPR&#8221;) le informamos de que los datos personales que usted proporciona como visitante (entendi\u00e9ndose como [&hellip;]<\/p>\n","protected":false},"author":4105,"featured_media":0,"parent":0,"menu_order":0,"comment_status":"closed","ping_status":"closed","template":"","meta":[],"yoast_head":"<!-- This site is optimized with the Yoast SEO plugin v16.3 - https:\/\/yoast.com\/wordpress\/plugins\/seo\/ -->\n<meta name=\"robots\" content=\"index, follow, max-snippet:-1, max-image-preview:large, max-video-preview:-1\" \/>\n<link rel=\"canonical\" href=\"https:\/\/www.gecoexpo.com\/2021\/politica-de-privacidad-visitante-y-comprador\/\" \/>\n<meta property=\"og:locale\" content=\"it_IT\" \/>\n<meta property=\"og:type\" content=\"article\" \/>\n<meta property=\"og:title\" content=\"Pol\u00edtica de Privacidad Visitante y Comprador - Geco, I edizione la fiera virtuale sulla sostenibilit&agrave;\" \/>\n<meta property=\"og:description\" content=\"Informaci\u00f3n de conformidad con los art\u00edculos 13 y 14 y siguientes del Reg. 679\/2016 de la UE (denominado &#8220;GDPR&#8221;) por SMART EVENTI S.R.L. En virtud de los art\u00edculos 13 y 14 del Reglamento de Privacidad de la UE 679\/2016 (denominado &#8220;GDPR&#8221;) le informamos de que los datos personales que usted proporciona como visitante (entendi\u00e9ndose como [&hellip;]\" \/>\n<meta property=\"og:url\" content=\"https:\/\/www.gecoexpo.com\/2021\/es\/politica-de-privacidad-visitante-y-comprador\/\" \/>\n<meta property=\"og:site_name\" content=\"Geco, I edizione la fiera virtuale sulla sostenibilit&agrave;\" \/>\n<meta property=\"og:image\" content=\"https:\/\/www.gecoexpo.com\/2021\/wp-content\/uploads\/2020\/07\/Logo-Geco-web_Tavola-disegno-1.png\" \/>\n\t<meta property=\"og:image:width\" content=\"960\" \/>\n\t<meta property=\"og:image:height\" content=\"560\" \/>\n<meta name=\"twitter:card\" content=\"summary_large_image\" \/>\n<meta name=\"twitter:label1\" content=\"Tempo di lettura stimato\">\n\t<meta name=\"twitter:data1\" content=\"7 minuti\">\n<script type=\"application\/ld+json\" class=\"yoast-schema-graph\">{\"@context\":\"https:\/\/schema.org\",\"@graph\":[{\"@type\":\"WebSite\",\"@id\":\"https:\/\/www.gecoexpo.com\/2021\/#website\",\"url\":\"https:\/\/www.gecoexpo.com\/2021\/\",\"name\":\"Geco, I edizione la fiera virtuale sulla sostenibilit&agrave;\",\"description\":\"Green tourism, mobility &amp; energy expo\",\"potentialAction\":[{\"@type\":\"SearchAction\",\"target\":\"https:\/\/www.gecoexpo.com\/2021\/?s={search_term_string}\",\"query-input\":\"required name=search_term_string\"}],\"inLanguage\":\"it-IT\"},{\"@type\":\"WebPage\",\"@id\":\"https:\/\/www.gecoexpo.com\/2021\/es\/politica-de-privacidad-visitante-y-comprador\/#webpage\",\"url\":\"https:\/\/www.gecoexpo.com\/2021\/es\/politica-de-privacidad-visitante-y-comprador\/\",\"name\":\"Pol\\u00edtica de Privacidad Visitante y Comprador - Geco, I edizione la fiera virtuale sulla sostenibilit&agrave;\",\"isPartOf\":{\"@id\":\"https:\/\/www.gecoexpo.com\/2021\/#website\"},\"datePublished\":\"2021-08-03T16:44:10+00:00\",\"dateModified\":\"2021-08-03T16:44:10+00:00\",\"breadcrumb\":{\"@id\":\"https:\/\/www.gecoexpo.com\/2021\/es\/politica-de-privacidad-visitante-y-comprador\/#breadcrumb\"},\"inLanguage\":\"it-IT\",\"potentialAction\":[{\"@type\":\"ReadAction\",\"target\":[\"https:\/\/www.gecoexpo.com\/2021\/es\/politica-de-privacidad-visitante-y-comprador\/\"]}]},{\"@type\":\"BreadcrumbList\",\"@id\":\"https:\/\/www.gecoexpo.com\/2021\/es\/politica-de-privacidad-visitante-y-comprador\/#breadcrumb\",\"itemListElement\":[{\"@type\":\"ListItem\",\"position\":1,\"item\":{\"@type\":\"WebPage\",\"@id\":\"https:\/\/www.gecoexpo.com\/2021\/\",\"url\":\"https:\/\/www.gecoexpo.com\/2021\/\",\"name\":\"Home\"}},{\"@type\":\"ListItem\",\"position\":2,\"item\":{\"@id\":\"https:\/\/www.gecoexpo.com\/2021\/es\/politica-de-privacidad-visitante-y-comprador\/#webpage\"}}]}]}<\/script>\n<!-- \/ Yoast SEO plugin. -->","_links":{"self":[{"href":"https:\/\/www.gecoexpo.com\/2021\/wp-json\/wp\/v2\/pages\/7774"}],"collection":[{"href":"https:\/\/www.gecoexpo.com\/2021\/wp-json\/wp\/v2\/pages"}],"about":[{"href":"https:\/\/www.gecoexpo.com\/2021\/wp-json\/wp\/v2\/types\/page"}],"author":[{"embeddable":true,"href":"https:\/\/www.gecoexpo.com\/2021\/wp-json\/wp\/v2\/users\/4105"}],"replies":[{"embeddable":true,"href":"https:\/\/www.gecoexpo.com\/2021\/wp-json\/wp\/v2\/comments?post=7774"}],"version-history":[{"count":1,"href":"https:\/\/www.gecoexpo.com\/2021\/wp-json\/wp\/v2\/pages\/7774\/revisions"}],"predecessor-version":[{"id":7775,"href":"https:\/\/www.gecoexpo.com\/2021\/wp-json\/wp\/v2\/pages\/7774\/revisions\/7775"}],"wp:attachment":[{"href":"https:\/\/www.gecoexpo.com\/2021\/wp-json\/wp\/v2\/media?parent=7774"}],"curies":[{"name":"wp","href":"https:\/\/api.w.org\/{rel}","templated":true}]}}