{"id":7793,"date":"2021-08-03T18:44:10","date_gmt":"2021-08-03T16:44:10","guid":{"rendered":"https:\/\/www.gecoexpo.com\/2021\/?page_id=7793"},"modified":"2021-08-03T18:44:10","modified_gmt":"2021-08-03T16:44:10","slug":"reglamento-smart-talk","status":"publish","type":"page","link":"https:\/\/www.gecoexpo.com\/2021\/es\/reglamento-smart-talk\/","title":{"rendered":"Reglamento Smart Talk"},"content":{"rendered":"<h3 style=\"text-align: center;\"><strong>CONDICIONES GENERALES DE SMART TALK<\/strong><\/h3>\n<p><strong>1. Duraci\u00f3n y calendario<\/strong><\/p>\n<p>En el marco de la feria virtual denominada GECO EXPO 2021 organizada por Smart Eventi, se llevar\u00e1n a cabo las Smart Talks, que consisten en la presentaci\u00f3n de v\u00eddeos de hasta 3 minutos de duraci\u00f3n con el objetivo de promover ideas y proyectos relacionados con la pr\u00e1ctica de la sostenibilidad y la biodiversidad a nivel individual y\/o grupal en la vida cotidiana. Las Smart Talks que comuniquen o representen los mejores proyectos y\/o ideas sostenibles o biodiversas ser\u00e1n premiadas por un jurado de expertos el \u00faltimo d\u00eda de la feria, el 30 de enero de 2021 a las 17 horas en el auditorio virtual de la feria.<\/p>\n<p>La solicitud de Smart Talk debe presentarse entre el 25\/11\/2020 y el 15\/01\/2021. Cada v\u00eddeo presentado dentro del plazo especificado ser\u00e1 juzgado por un panel de expertos designado antes del evento, que decidir\u00e1 los ganadores de Smart Talk.<\/p>\n<p><strong>2. Promotor<\/strong><\/p>\n<p>El promotor de la iniciativa es la empresa Smart Eventi S.r.l., con domicilio social y sede: Viale Abruzzi, 37 &#8211; 20131 Mil\u00e1n, CIF 06997310963 &#8211; capital social 10.000 eurosTel: 02\/97381544 &#8211; Email: info@smarteventi.it.<\/p>\n<p><strong>3. Objetivo de la iniciativa Smart Talk<\/strong><\/p>\n<p>La iniciativa Smart Talk nace con el objetivo de promover ideas y proyectos relacionados con la buena y constante pr\u00e1ctica de la SOSTENIBILIDAD y la BIODIVERSIDAD a nivel individual y\/o de grupo-equipo en la vida cotidiana, en la ciudad, de vacaciones, de viaje, en el lugar de trabajo, en el sector p\u00fablico y en el sector privado.<br \/>\nSmart Talk se dirige a startups, empresas p\u00fablicas y privadas, despachos profesionales, agencias, destinos, organismos de agregaci\u00f3n territorial nacionales e internacionales, universidades y estudiantes italianos y extranjeros.<\/p>\n<p><strong>4. Condiciones de participaci\u00f3n<\/strong><\/p>\n<p>Para proponer una Smart Talk, es necesario rellenar el formulario correspondiente especificando la siguiente informaci\u00f3n:<\/p>\n<ul>\n<li>Nombre del proyecto;<\/li>\n<li>Breve descripci\u00f3n;<\/li>\n<li>Producci\u00f3n de un v\u00eddeo de 3 minutos.<\/li>\n<\/ul>\n<p><strong>5. C\u00f3mo celebrar las Smart Talks<\/strong><\/p>\n<p>Todas las Smart Talks recibidas dentro del plazo del art\u00edculo 1) ser\u00e1n visionadas y valoradas por el jurado de GECO EXPO, que seleccionar\u00e1 las aportaciones en v\u00eddeo que se publicar\u00e1n durante los d\u00edas de la feria virtual en el \u00e1rea dedicada a las Smart Talks.<br \/>\nLas contribuciones en v\u00eddeo deber\u00e1n estar en consonancia con la pr\u00e1ctica de la SOSTENIBILIDAD y la BIODIVERSIDAD en la vida cotidiana, en las vacaciones, en los viajes, en el lugar de trabajo, en la vida privada, y deber\u00e1n comunicar un mensaje de cambio sostenible, de biodiversidad individual y colectiva para el presente y el futuro que repercuta en nuestro planeta, en nuestras ciudades, en la sociedad, en la econom\u00eda en general, en la industria del turismo y de los eventos.<\/p>\n<p>6. <strong>Premios<\/strong><\/p>\n<p>Las Smart Talks ser\u00e1n evaluadas por un jurado t\u00e9cnico de expertos que otorgar\u00e1 los premios de los socios de las Smart Talk.<\/p>\n<p>Los criterios de evaluaci\u00f3n para determinar los ganadores son:<\/p>\n<ul>\n<li>Viabilidad<\/li>\n<li>Innovaci\u00f3n, originalidad de la idea\/proyecto<\/li>\n<li>Impacto sostenible y biodiverso<\/li>\n<li>Replicabilidad del proyecto y de la idea<\/li>\n<li>Capacidad para involucrar activamente a las personas<\/li>\n<\/ul>\n<p>El premio representa un reconocimiento al m\u00e9rito personal o al est\u00edmulo en inter\u00e9s de la comunidad. Los ganadores recibir\u00e1n un premio que se desembolsar\u00e1 en productos\/servicios de marketing digital y de consultor\u00eda para el cumplimiento de proyectos. El premio no es convertible en efectivo en ning\u00fan caso. El valor de los premios se paga en servicios prestados por los socios de la iniciativa. No se puede atribuir ninguna responsabilidad al promotor en relaci\u00f3n con la entrega de premios por parte de los socios.<\/p>\n<p><strong>7. Contactos<\/strong><\/p>\n<p>El Promotor se reserva el derecho de ponerse en contacto con los ganadores y con cualquier tercero que figure en la lista utilizando las direcciones que posee.<\/p>\n<p><strong>8. Exclusi\u00f3n de la aplicaci\u00f3n de la disciplina del DPR 430\/01<\/strong><\/p>\n<p>De conformidad con el art\u00edculo 6 del Decreto Presidencial 430\/01 &#8220;Reglamento relativo a la revisi\u00f3n org\u00e1nica del reglamento de los concursos y operaciones premiadas, as\u00ed como de los eventos de loter\u00eda local en virtud del art\u00edculo 19, p\u00e1rrafo 4, de la Ley n\u00ba 449 de 27 de diciembre de 1997&#8221;, esta iniciativa no se considera un concurso y\/o una operaci\u00f3n premiada, ya que se organiza para la presentaci\u00f3n de proyectos o estudios en el \u00e1mbito comercial o industrial, en los que la concesi\u00f3n de un premio al autor representa un reconocimiento del m\u00e9rito personal o, en cualquier caso, un est\u00edmulo en inter\u00e9s de la comunidad.<\/p>\n<p><strong>9. Responsabilidad<\/strong><\/p>\n<p>El promotor no ser\u00e1 responsable de ninguna manera en relaci\u00f3n con el desarrollo de la iniciativa y\/o la adjudicaci\u00f3n de los premios. En cualquier caso, el participante se compromete a eximir al promotor de toda responsabilidad y a indemnizarlo por todas las consecuencias perjudiciales, costes, da\u00f1os y perjuicios -incluidas las sanciones impuestas por las autoridades competentes- que puedan surgir o que puedan reclamarse contra \u00e9l como resultado de sus acciones o de la violaci\u00f3n de las Normas. Si, por cualquier motivo, la iniciativa no puede llevarse a cabo seg\u00fan lo previsto, el promotor se reserva el derecho, a su entera discreci\u00f3n, de modificar o cancelar la iniciativa, sin ninguna responsabilidad para el promotor, sin previo aviso. Para participar en la iniciativa no es necesario realizar ninguna compra y\/o venta de productos comercializados por el promotor y\/o relacionados con la exposici\u00f3n GECO EXPO. La participaci\u00f3n en la iniciativa es gratuita.<\/p>\n<p><strong>10. Normativa aplicable<\/strong><\/p>\n<p>La iniciativa y este reglamento se rigen por la legislaci\u00f3n italiana.<\/p>\n","protected":false},"excerpt":{"rendered":"<p>CONDICIONES GENERALES DE SMART TALK 1. Duraci\u00f3n y calendario En el marco de la feria virtual denominada GECO EXPO 2021 organizada por Smart Eventi, se llevar\u00e1n a cabo las Smart Talks, que consisten en la presentaci\u00f3n de v\u00eddeos de hasta 3 minutos de duraci\u00f3n con el objetivo de promover ideas y proyectos relacionados con la [&hellip;]<\/p>\n","protected":false},"author":4105,"featured_media":0,"parent":0,"menu_order":0,"comment_status":"closed","ping_status":"closed","template":"","meta":[],"yoast_head":"<!-- This site is optimized with the Yoast SEO plugin v16.3 - https:\/\/yoast.com\/wordpress\/plugins\/seo\/ -->\n<meta name=\"robots\" content=\"noindex, follow\" \/>\n<meta property=\"og:locale\" content=\"it_IT\" \/>\n<meta property=\"og:type\" content=\"article\" \/>\n<meta property=\"og:title\" content=\"Reglamento Smart Talk - Geco, I edizione la fiera virtuale sulla sostenibilit&agrave;\" \/>\n<meta property=\"og:description\" content=\"CONDICIONES GENERALES DE SMART TALK 1. Duraci\u00f3n y calendario En el marco de la feria virtual denominada GECO EXPO 2021 organizada por Smart Eventi, se llevar\u00e1n a cabo las Smart Talks, que consisten en la presentaci\u00f3n de v\u00eddeos de hasta 3 minutos de duraci\u00f3n con el objetivo de promover ideas y proyectos relacionados con la [&hellip;]\" \/>\n<meta property=\"og:url\" content=\"https:\/\/www.gecoexpo.com\/2021\/es\/reglamento-smart-talk\/\" \/>\n<meta property=\"og:site_name\" content=\"Geco, I edizione la fiera virtuale sulla sostenibilit&agrave;\" \/>\n<meta property=\"og:image\" content=\"https:\/\/www.gecoexpo.com\/2021\/wp-content\/uploads\/2020\/07\/Logo-Geco-web_Tavola-disegno-1.png\" \/>\n\t<meta property=\"og:image:width\" content=\"960\" \/>\n\t<meta property=\"og:image:height\" content=\"560\" \/>\n<meta name=\"twitter:card\" content=\"summary_large_image\" \/>\n<meta name=\"twitter:label1\" content=\"Tempo di lettura stimato\">\n\t<meta name=\"twitter:data1\" content=\"4 minuti\">\n<script type=\"application\/ld+json\" class=\"yoast-schema-graph\">{\"@context\":\"https:\/\/schema.org\",\"@graph\":[{\"@type\":\"WebSite\",\"@id\":\"https:\/\/www.gecoexpo.com\/2021\/#website\",\"url\":\"https:\/\/www.gecoexpo.com\/2021\/\",\"name\":\"Geco, I edizione la fiera virtuale sulla sostenibilit&agrave;\",\"description\":\"Green tourism, mobility &amp; energy expo\",\"potentialAction\":[{\"@type\":\"SearchAction\",\"target\":\"https:\/\/www.gecoexpo.com\/2021\/?s={search_term_string}\",\"query-input\":\"required name=search_term_string\"}],\"inLanguage\":\"it-IT\"},{\"@type\":\"WebPage\",\"@id\":\"https:\/\/www.gecoexpo.com\/2021\/es\/reglamento-smart-talk\/#webpage\",\"url\":\"https:\/\/www.gecoexpo.com\/2021\/es\/reglamento-smart-talk\/\",\"name\":\"Reglamento Smart Talk - Geco, I edizione la fiera virtuale sulla sostenibilit&agrave;\",\"isPartOf\":{\"@id\":\"https:\/\/www.gecoexpo.com\/2021\/#website\"},\"datePublished\":\"2021-08-03T16:44:10+00:00\",\"dateModified\":\"2021-08-03T16:44:10+00:00\",\"breadcrumb\":{\"@id\":\"https:\/\/www.gecoexpo.com\/2021\/es\/reglamento-smart-talk\/#breadcrumb\"},\"inLanguage\":\"it-IT\",\"potentialAction\":[{\"@type\":\"ReadAction\",\"target\":[\"https:\/\/www.gecoexpo.com\/2021\/es\/reglamento-smart-talk\/\"]}]},{\"@type\":\"BreadcrumbList\",\"@id\":\"https:\/\/www.gecoexpo.com\/2021\/es\/reglamento-smart-talk\/#breadcrumb\",\"itemListElement\":[{\"@type\":\"ListItem\",\"position\":1,\"item\":{\"@type\":\"WebPage\",\"@id\":\"https:\/\/www.gecoexpo.com\/2021\/\",\"url\":\"https:\/\/www.gecoexpo.com\/2021\/\",\"name\":\"Home\"}},{\"@type\":\"ListItem\",\"position\":2,\"item\":{\"@id\":\"https:\/\/www.gecoexpo.com\/2021\/es\/reglamento-smart-talk\/#webpage\"}}]}]}<\/script>\n<!-- \/ Yoast SEO plugin. -->","_links":{"self":[{"href":"https:\/\/www.gecoexpo.com\/2021\/wp-json\/wp\/v2\/pages\/7793"}],"collection":[{"href":"https:\/\/www.gecoexpo.com\/2021\/wp-json\/wp\/v2\/pages"}],"about":[{"href":"https:\/\/www.gecoexpo.com\/2021\/wp-json\/wp\/v2\/types\/page"}],"author":[{"embeddable":true,"href":"https:\/\/www.gecoexpo.com\/2021\/wp-json\/wp\/v2\/users\/4105"}],"replies":[{"embeddable":true,"href":"https:\/\/www.gecoexpo.com\/2021\/wp-json\/wp\/v2\/comments?post=7793"}],"version-history":[{"count":1,"href":"https:\/\/www.gecoexpo.com\/2021\/wp-json\/wp\/v2\/pages\/7793\/revisions"}],"predecessor-version":[{"id":7794,"href":"https:\/\/www.gecoexpo.com\/2021\/wp-json\/wp\/v2\/pages\/7793\/revisions\/7794"}],"wp:attachment":[{"href":"https:\/\/www.gecoexpo.com\/2021\/wp-json\/wp\/v2\/media?parent=7793"}],"curies":[{"name":"wp","href":"https:\/\/api.w.org\/{rel}","templated":true}]}}