{"id":7807,"date":"2021-08-03T18:44:11","date_gmt":"2021-08-03T16:44:11","guid":{"rendered":"https:\/\/www.gecoexpo.com\/2021\/?page_id=7807"},"modified":"2021-11-02T13:00:49","modified_gmt":"2021-11-02T12:00:49","slug":"smart-talk-video-contest","status":"publish","type":"page","link":"https:\/\/www.gecoexpo.com\/2021\/es\/smart-talk-video-contest\/","title":{"rendered":"Smart Talk Video Contest"},"content":{"rendered":"<h3>QU\u00c9 SON LAS SMART TALK<\/h3>\n<p><strong>V\u00eddeos cortos de 3 minutos<\/strong>, nacidos del deseo de <strong>promover ideas y proyectos vinculados a la buena y constante pr\u00e1ctica de la SOSTENIBILIDAD y la BIODIVERSIDAD a nivel individual y\/o de grupo-equipo<\/strong> en la vida cotidiana, en la ciudad, de vacaciones, de viaje, en el lugar de trabajo, en el sector p\u00fablico, en el sector privado.<\/p>\n<p>Las <strong>Smart Talk<\/strong>\u00a0que mejor representen y comuniquen una idea o proyecto sostenible y\/o biodiverso <strong>ser\u00e1n premiadas por un jurado de expertos el \u00faltimo d\u00eda de la feria GECO, el 30 de enero de 2021<\/strong>. El objetivo es un cambio individual y colectivo sostenible y biodiverso para el presente y el futuro de nuestro planeta, nuestras ciudades, la sociedad, la econom\u00eda en general y la industria. <strong>La participaci\u00f3n es gratuita<\/strong>.<\/p>\n<p>&nbsp;<\/p>\n<p><img loading=\"lazy\" class=\"aligncenter wp-image-3404 size-full\" src=\"https:\/\/www.gecoexpo.com\/wp-content\/uploads\/2020\/11\/smart-talk-video-contest.gif\" alt=\"\" width=\"1440\" height=\"810\" \/><\/p>\n<p>&nbsp;<\/p>\n<h3>QU\u00c9 ENTENDEMOS POR SOSTENIBILIDAD<\/h3>\n<p>La sostenibilidad es el <strong>proceso de cambio y desarrollo ambiental<\/strong>, econ\u00f3mico y social dirigido a satisfacer las necesidades de las generaciones presentes sin comprometer la vida y la disponibilidad de recursos de las generaciones futuras, cumpliendo y contribuyendo individual y colectivamente a la consecuci\u00f3n de los <strong>objetivos sostenibles de la Agenda 2030<\/strong> a corto, medio y largo plazo.<\/p>\n<p>La sostenibilidad es un reto humano, social y cultural que implica al derecho internacional y nacional, a los sistemas pol\u00edticos, econ\u00f3micos, energ\u00e9ticos, tecnol\u00f3gicos, arquitect\u00f3nicos, urbanos y agr\u00edcolas, a la producci\u00f3n industrial, a la artesan\u00eda, a los transportes, a los modos de vida locales, colectivos e individuales y al consumo cr\u00edtico, con el fin de garantizar una econom\u00eda circular de reparto, de colaboraci\u00f3n, de valorizaci\u00f3n y de respeto de nuestros recursos, de nuestras ciudades, de nuestros lugares y entornos de vida, de nuestra vida cotidiana.<\/p>\n<h3>QU\u00c9 ENTENDEMOS POR BIODIVERSIDAD<\/h3>\n<p>La <strong>biodiversidad es la expresi\u00f3n y la protecci\u00f3n de la variedad de organismos vivos a todos los niveles<\/strong> y de los sistemas ecol\u00f3gicos de los que forman parte; esto incluye el respeto y la valoraci\u00f3n de la diversidad dentro de las especies animales, vegetales y humanas y entre las especies, as\u00ed como el respeto y la valoraci\u00f3n de la variedad de ecosistemas, comunidades y organismos vivos presentes en un h\u00e1bitat concreto.<br \/>\nLa biodiversidad en las organizaciones cotidianas -la escuela, el hogar, la familia, la parroquia, el hospital, la empresa, el pabell\u00f3n, la oficina, la pr\u00e1ctica profesional, la c\u00e1rcel, el barrio, etc.- es el resultado de un proceso evolutivo constante, en el que las personas se adaptan al entorno modific\u00e1ndolo mediante la interacci\u00f3n activa en presencia y a distancia, manteniendo su especificidad e identidad en <strong>la multidimensionalidad, la multiculturalidad, la multidisciplinariedad<\/strong>. Cada persona, con sus acciones o no acciones cotidianas, puede garantizar o poner en peligro el equilibrio del h\u00e1bitat, del contexto, del medio ambiente, de la ciudad, de la organizaci\u00f3n privada, p\u00fablica, profesional y personal en la que vive y se mueve. Tener una actitud biodiversa significa preocuparse por proteger la diversidad y la identidad en la integraci\u00f3n y la innovaci\u00f3n.<\/p>\n<h3>QUI\u00c9N PUEDE PROPONER UNA CHARLA INTELIGENTE<\/h3>\n<p>1) <strong>Startups<\/strong> de nueva creaci\u00f3n que han lanzado o est\u00e1n a punto de lanzar nuevos proyectos, <strong>empresas p\u00fablicas y privadas, despachos profesionales, agencias, destinos, organismos de agregaci\u00f3n territorial nacionales e internacionales<\/strong>, que ya han realizado historias de \u00e9xito, o que est\u00e1n desarrollando nuevos proyectos y desean darlos a conocer a un amplio p\u00fablico interesado.<br \/>\n2) <strong>Universidades, institutos, colegios, escuelas, estudiantes, j\u00f3venes italianos y extranjeros<\/strong> que han ideado o est\u00e1n ideando iniciativas y soluciones sobre los temas de &#8220;sostenibilidad&#8221; y &#8220;biodiversidad&#8221;.<\/p>\n<h3>D\u00d3NDE VER LAS CHARLAS DE SMART TALK<\/h3>\n<p>Se crear\u00e1 un\u00a0<strong>Smart Room<\/strong> espec\u00edfico dentro de la feria virtual, donde los v\u00eddeos de Smart Talk, previamente visualizados y seleccionados por el comit\u00e9 de <strong>GECO<\/strong>, ser\u00e1n visibles para todos los visitantes y expositores durante los tres d\u00edas de la feria, en cualquier momento (H24).<\/p>\n<h3>C\u00d3MO PARTICIPAR EN LAS SMART TALK<\/h3>\n<p>Los candidatos italianos y extranjeros, mayores de edad, deber\u00e1n enviar un v\u00eddeo de una <strong>duraci\u00f3n m\u00e1xima de 3 minutos<\/strong>, en el que se resuma el proyecto, la idea, la soluci\u00f3n, la actividad, la propuesta, la mejor pr\u00e1ctica en italiano y\/o en ingl\u00e9s.<\/p>\n<p><strong>Las contribuciones en v\u00eddeo deben estar en consonancia con la pr\u00e1ctica de la SOSTENIBILIDAD y la BIODIVERSIDAD<\/strong> en la vida cotidiana, en las vacaciones, en los viajes, en el lugar de trabajo, en la vida privada, y deben comunicar un mensaje de cambio sostenible, de biodiversidad individual y colectiva para el presente y el futuro que repercuta en nuestro planeta, en nuestras ciudades, en la sociedad, en la econom\u00eda en general, en la industria del turismo y de los eventos.<\/p>\n<h3>CRITERIOS DE PUNTUACI\u00d3N PARA DETERMINAR LOS GANADORES<\/h3>\n<p>Las Smart Talk candidatas se seleccionan en funci\u00f3n de los siguientes criterios:<\/p>\n<ul>\n<li>Viabilidad<\/li>\n<li>Innovaci\u00f3n, originalidad de la idea, proyecto<\/li>\n<li>Impacto sostenible y biodiverso<\/li>\n<li>Replicabilidad del proyecto y de la idea<\/li>\n<li>Capacidad para involucrar activamente a las personas<\/li>\n<\/ul>\n<p><strong><p class=\"text-center custom-button\"><a class=\"btn btn-primary my-3\"  href=\"https:\/\/www.gecoexpo.com\/giuria-e-premi-smart-talk\/\" align=\"center\"><span>Descubre el Jurado y los Premios de las Smart Talk<\/span><\/a><\/p><\/strong><\/p>\n<h3>PLAZOS DE PRESENTACI\u00d3N<\/h3>\n<p><strong>La solicitud de Smart Talk debe presentarse entre el 25\/11\/2020 y el 15\/01\/2021<\/strong>. Cada v\u00eddeo, enviado a m\u00e1s tardar en el plazo indicado, se presentar\u00e1 al comit\u00e9 antes del evento, para que el jurado decida los ganadores.<\/p>\n<p>La <strong>ceremonia de entrega de premios tendr\u00e1 lugar el 30 de enero de 2021, a las 17 horas, en el auditorio virtual de la Feria<\/strong>. Estar\u00e1n presentes los jueces y ponentes de las Smart Talk premiadas por el jurado y el p\u00fablico de la feria.<br \/>\n<strong><a href=\"https:\/\/www.gecoexpo.com\/2021\/es\/reglamento-smart-talk\/\">LEER EL REGLAMENTO<\/a><\/strong><\/p>\n<h3><\/h3>\n","protected":false},"excerpt":{"rendered":"<p>QU\u00c9 SON LAS SMART TALK V\u00eddeos cortos de 3 minutos, nacidos del deseo de promover ideas y proyectos vinculados a la buena y constante pr\u00e1ctica de la SOSTENIBILIDAD y la BIODIVERSIDAD a nivel individual y\/o de grupo-equipo en la vida cotidiana, en la ciudad, de vacaciones, de viaje, en el lugar de trabajo, en el [&hellip;]<\/p>\n","protected":false},"author":4,"featured_media":0,"parent":0,"menu_order":0,"comment_status":"closed","ping_status":"closed","template":"tpl-sponsor.php","meta":[],"yoast_head":"<!-- This site is optimized with the Yoast SEO plugin v16.3 - https:\/\/yoast.com\/wordpress\/plugins\/seo\/ -->\n<meta name=\"description\" content=\"Participa en el concurso de v\u00eddeos de GECO &quot;Smart Talks for sustainable progress&quot;. Lee el reglamento y presenta tu proyecto ecol\u00f3gico.\" \/>\n<meta name=\"robots\" content=\"index, follow, max-snippet:-1, max-image-preview:large, max-video-preview:-1\" \/>\n<link rel=\"canonical\" href=\"https:\/\/www.gecoexpo.com\/2021\/smart-talk-video-contest\/\" \/>\n<meta property=\"og:locale\" content=\"it_IT\" \/>\n<meta property=\"og:type\" content=\"article\" \/>\n<meta property=\"og:title\" content=\"Smart Talk Video Contest - GECO\" \/>\n<meta property=\"og:description\" content=\"Participa en el concurso de v\u00eddeos de GECO &quot;Smart Talks for sustainable progress&quot;. Lee el reglamento y presenta tu proyecto ecol\u00f3gico.\" \/>\n<meta property=\"og:url\" content=\"https:\/\/www.gecoexpo.com\/2021\/es\/smart-talk-video-contest\/\" \/>\n<meta property=\"og:site_name\" content=\"Geco, I edizione la fiera virtuale sulla sostenibilit&agrave;\" \/>\n<meta property=\"article:modified_time\" content=\"2021-11-02T12:00:49+00:00\" \/>\n<meta property=\"og:image\" content=\"https:\/\/www.gecoexpo.com\/wp-content\/uploads\/2020\/11\/smart-talk-video-contest.gif\" \/>\n<meta name=\"twitter:card\" content=\"summary_large_image\" \/>\n<meta name=\"twitter:label1\" content=\"Tempo di lettura stimato\">\n\t<meta name=\"twitter:data1\" content=\"5 minuti\">\n<script type=\"application\/ld+json\" class=\"yoast-schema-graph\">{\"@context\":\"https:\/\/schema.org\",\"@graph\":[{\"@type\":\"WebSite\",\"@id\":\"https:\/\/www.gecoexpo.com\/2021\/#website\",\"url\":\"https:\/\/www.gecoexpo.com\/2021\/\",\"name\":\"Geco, I edizione la fiera virtuale sulla sostenibilit&agrave;\",\"description\":\"Green tourism, mobility &amp; energy expo\",\"potentialAction\":[{\"@type\":\"SearchAction\",\"target\":\"https:\/\/www.gecoexpo.com\/2021\/?s={search_term_string}\",\"query-input\":\"required name=search_term_string\"}],\"inLanguage\":\"it-IT\"},{\"@type\":\"ImageObject\",\"@id\":\"https:\/\/www.gecoexpo.com\/2021\/es\/smart-talk-video-contest\/#primaryimage\",\"inLanguage\":\"it-IT\",\"url\":\"https:\/\/www.gecoexpo.com\/wp-content\/uploads\/2020\/11\/smart-talk-video-contest.gif\",\"contentUrl\":\"https:\/\/www.gecoexpo.com\/wp-content\/uploads\/2020\/11\/smart-talk-video-contest.gif\"},{\"@type\":\"WebPage\",\"@id\":\"https:\/\/www.gecoexpo.com\/2021\/es\/smart-talk-video-contest\/#webpage\",\"url\":\"https:\/\/www.gecoexpo.com\/2021\/es\/smart-talk-video-contest\/\",\"name\":\"Smart Talk Video Contest - GECO\",\"isPartOf\":{\"@id\":\"https:\/\/www.gecoexpo.com\/2021\/#website\"},\"primaryImageOfPage\":{\"@id\":\"https:\/\/www.gecoexpo.com\/2021\/es\/smart-talk-video-contest\/#primaryimage\"},\"datePublished\":\"2021-08-03T16:44:11+00:00\",\"dateModified\":\"2021-11-02T12:00:49+00:00\",\"description\":\"Participa en el concurso de v\\u00eddeos de GECO \\\"Smart Talks for sustainable progress\\\". Lee el reglamento y presenta tu proyecto ecol\\u00f3gico.\",\"breadcrumb\":{\"@id\":\"https:\/\/www.gecoexpo.com\/2021\/es\/smart-talk-video-contest\/#breadcrumb\"},\"inLanguage\":\"it-IT\",\"potentialAction\":[{\"@type\":\"ReadAction\",\"target\":[\"https:\/\/www.gecoexpo.com\/2021\/es\/smart-talk-video-contest\/\"]}]},{\"@type\":\"BreadcrumbList\",\"@id\":\"https:\/\/www.gecoexpo.com\/2021\/es\/smart-talk-video-contest\/#breadcrumb\",\"itemListElement\":[{\"@type\":\"ListItem\",\"position\":1,\"item\":{\"@type\":\"WebPage\",\"@id\":\"https:\/\/www.gecoexpo.com\/2021\/\",\"url\":\"https:\/\/www.gecoexpo.com\/2021\/\",\"name\":\"Home\"}},{\"@type\":\"ListItem\",\"position\":2,\"item\":{\"@id\":\"https:\/\/www.gecoexpo.com\/2021\/es\/smart-talk-video-contest\/#webpage\"}}]}]}<\/script>\n<!-- \/ Yoast SEO plugin. -->","_links":{"self":[{"href":"https:\/\/www.gecoexpo.com\/2021\/wp-json\/wp\/v2\/pages\/7807"}],"collection":[{"href":"https:\/\/www.gecoexpo.com\/2021\/wp-json\/wp\/v2\/pages"}],"about":[{"href":"https:\/\/www.gecoexpo.com\/2021\/wp-json\/wp\/v2\/types\/page"}],"author":[{"embeddable":true,"href":"https:\/\/www.gecoexpo.com\/2021\/wp-json\/wp\/v2\/users\/4"}],"replies":[{"embeddable":true,"href":"https:\/\/www.gecoexpo.com\/2021\/wp-json\/wp\/v2\/comments?post=7807"}],"version-history":[{"count":4,"href":"https:\/\/www.gecoexpo.com\/2021\/wp-json\/wp\/v2\/pages\/7807\/revisions"}],"predecessor-version":[{"id":10834,"href":"https:\/\/www.gecoexpo.com\/2021\/wp-json\/wp\/v2\/pages\/7807\/revisions\/10834"}],"wp:attachment":[{"href":"https:\/\/www.gecoexpo.com\/2021\/wp-json\/wp\/v2\/media?parent=7807"}],"curies":[{"name":"wp","href":"https:\/\/api.w.org\/{rel}","templated":true}]}}