{"id":7838,"date":"2021-08-03T18:44:11","date_gmt":"2021-08-03T16:44:11","guid":{"rendered":"https:\/\/www.gecoexpo.com\/2021\/?page_id=7838"},"modified":"2021-10-26T17:00:19","modified_gmt":"2021-10-26T15:00:19","slug":"sponsor","status":"publish","type":"page","link":"https:\/\/www.gecoexpo.com\/2021\/es\/sponsor\/","title":{"rendered":"SPONSOR"},"content":{"rendered":"<h3 style=\"text-align: center;\">\u00bfHacerte patrocinador?<\/h3>\n<p style=\"text-align: center;\">Tu marca en la feria virtual GECO: exposici\u00f3n de turismo, movilidad y energ\u00eda verdes<\/p>\n<p>&nbsp;<\/p>\n<p class=\"text-center custom-button\"><a class=\"btn btn-primary my-3\"  href=\"#form-footer\" align=\"center\"><span>Obtener propuesta<\/span><\/a><\/p>\n<p>Ampl\u00eda tus oportunidades de <strong>creaci\u00f3n de redes y de generaci\u00f3n de contactos<\/strong> convirti\u00e9ndote en patrocinador y portavoz de la primera feria italiana de sostenibilidad sobre movilidad, turismo y energ\u00eda, que tendr\u00e1 lugar en un GECO totalmente virtual.<\/p>\n<p>Da a conocer tu empresa a un p\u00fablico objetivo del sector del turismo, la movilidad y la energ\u00eda sostenible. GECO es una oportunidad \u00fanica para mostrar la sensibilidad de tu marca hacia los temas de la vida verde en pleno respeto de nuestro planeta.<\/p>\n<p>Las posibilidades de patrocinio en la feria virtual de GECO son muchas y pueden <strong>adaptarse a los objetivos de tu empresa<\/strong>.\u00a0\u00a0 Juntos encontraremos la soluci\u00f3n que mejor responda a sus expectativas, respetando el tono de voz de su empresa.<\/p>\n<p>&nbsp;<\/p>\n<h3 style=\"text-align: center;\"><em>Quienes han decidido apoyarnos<\/em><\/h3>\n","protected":false},"excerpt":{"rendered":"<p>\u00bfHacerte patrocinador? Tu marca en la feria virtual GECO: exposici\u00f3n de turismo, movilidad y energ\u00eda verdes &nbsp; Ampl\u00eda tus oportunidades de creaci\u00f3n de redes y de generaci\u00f3n de contactos convirti\u00e9ndote en patrocinador y portavoz de la primera feria italiana de sostenibilidad sobre movilidad, turismo y energ\u00eda, que tendr\u00e1 lugar en un GECO totalmente virtual. Da [&hellip;]<\/p>\n","protected":false},"author":4,"featured_media":0,"parent":0,"menu_order":0,"comment_status":"closed","ping_status":"closed","template":"tpl-sponsor.php","meta":[],"yoast_head":"<!-- This site is optimized with the Yoast SEO plugin v16.3 - https:\/\/yoast.com\/wordpress\/plugins\/seo\/ -->\n<meta name=\"description\" content=\"Hazte patrocinador y portavoz de GECO, la primera feria totalmente virtual de sostenibilidad, turismo, movilidad y energ\u00eda en Italia. Contacta con nosotros hoy mismo.\" \/>\n<meta name=\"robots\" content=\"index, follow, max-snippet:-1, max-image-preview:large, max-video-preview:-1\" \/>\n<link rel=\"canonical\" href=\"https:\/\/www.gecoexpo.com\/2021\/sponsor\/\" \/>\n<meta property=\"og:locale\" content=\"it_IT\" \/>\n<meta property=\"og:type\" content=\"article\" \/>\n<meta property=\"og:title\" content=\"Diventa sponsor - Geco, I edizione la fiera virtuale sulla sostenibilit&agrave;\" \/>\n<meta property=\"og:description\" content=\"Hazte patrocinador y portavoz de GECO, la primera feria totalmente virtual de sostenibilidad, turismo, movilidad y energ\u00eda en Italia. Contacta con nosotros hoy mismo.\" \/>\n<meta property=\"og:url\" content=\"https:\/\/www.gecoexpo.com\/2021\/es\/sponsor\/\" \/>\n<meta property=\"og:site_name\" content=\"Geco, I edizione la fiera virtuale sulla sostenibilit&agrave;\" \/>\n<meta property=\"article:modified_time\" content=\"2021-10-26T15:00:19+00:00\" \/>\n<meta property=\"og:image\" content=\"https:\/\/www.gecoexpo.com\/2021\/wp-content\/uploads\/2020\/07\/Logo-Geco-web_Tavola-disegno-1.png\" \/>\n\t<meta property=\"og:image:width\" content=\"960\" \/>\n\t<meta property=\"og:image:height\" content=\"560\" \/>\n<meta name=\"twitter:card\" content=\"summary_large_image\" \/>\n<meta name=\"twitter:label1\" content=\"Tempo di lettura stimato\">\n\t<meta name=\"twitter:data1\" content=\"1 minuto\">\n<script type=\"application\/ld+json\" class=\"yoast-schema-graph\">{\"@context\":\"https:\/\/schema.org\",\"@graph\":[{\"@type\":\"WebSite\",\"@id\":\"https:\/\/www.gecoexpo.com\/2021\/#website\",\"url\":\"https:\/\/www.gecoexpo.com\/2021\/\",\"name\":\"Geco, I edizione la fiera virtuale sulla sostenibilit&agrave;\",\"description\":\"Green tourism, mobility &amp; energy expo\",\"potentialAction\":[{\"@type\":\"SearchAction\",\"target\":\"https:\/\/www.gecoexpo.com\/2021\/?s={search_term_string}\",\"query-input\":\"required name=search_term_string\"}],\"inLanguage\":\"it-IT\"},{\"@type\":\"ImageObject\",\"@id\":\"https:\/\/www.gecoexpo.com\/2021\/es\/sponsor\/#primaryimage\",\"inLanguage\":\"it-IT\",\"url\":\"https:\/\/www.gecoexpo.com\/2021\/wp-content\/uploads\/2020\/07\/Logo-Geco-web_Tavola-disegno-1.png\",\"contentUrl\":\"https:\/\/www.gecoexpo.com\/2021\/wp-content\/uploads\/2020\/07\/Logo-Geco-web_Tavola-disegno-1.png\",\"width\":960,\"height\":560},{\"@type\":\"WebPage\",\"@id\":\"https:\/\/www.gecoexpo.com\/2021\/es\/sponsor\/#webpage\",\"url\":\"https:\/\/www.gecoexpo.com\/2021\/es\/sponsor\/\",\"name\":\"Diventa sponsor - Geco, I edizione la fiera virtuale sulla sostenibilit&agrave;\",\"isPartOf\":{\"@id\":\"https:\/\/www.gecoexpo.com\/2021\/#website\"},\"datePublished\":\"2021-08-03T16:44:11+00:00\",\"dateModified\":\"2021-10-26T15:00:19+00:00\",\"description\":\"Hazte patrocinador y portavoz de GECO, la primera feria totalmente virtual de sostenibilidad, turismo, movilidad y energ\\u00eda en Italia. Contacta con nosotros hoy mismo.\",\"breadcrumb\":{\"@id\":\"https:\/\/www.gecoexpo.com\/2021\/es\/sponsor\/#breadcrumb\"},\"inLanguage\":\"it-IT\",\"potentialAction\":[{\"@type\":\"ReadAction\",\"target\":[\"https:\/\/www.gecoexpo.com\/2021\/es\/sponsor\/\"]}]},{\"@type\":\"BreadcrumbList\",\"@id\":\"https:\/\/www.gecoexpo.com\/2021\/es\/sponsor\/#breadcrumb\",\"itemListElement\":[{\"@type\":\"ListItem\",\"position\":1,\"item\":{\"@type\":\"WebPage\",\"@id\":\"https:\/\/www.gecoexpo.com\/2021\/\",\"url\":\"https:\/\/www.gecoexpo.com\/2021\/\",\"name\":\"Home\"}},{\"@type\":\"ListItem\",\"position\":2,\"item\":{\"@id\":\"https:\/\/www.gecoexpo.com\/2021\/es\/sponsor\/#webpage\"}}]}]}<\/script>\n<!-- \/ Yoast SEO plugin. -->","_links":{"self":[{"href":"https:\/\/www.gecoexpo.com\/2021\/wp-json\/wp\/v2\/pages\/7838"}],"collection":[{"href":"https:\/\/www.gecoexpo.com\/2021\/wp-json\/wp\/v2\/pages"}],"about":[{"href":"https:\/\/www.gecoexpo.com\/2021\/wp-json\/wp\/v2\/types\/page"}],"author":[{"embeddable":true,"href":"https:\/\/www.gecoexpo.com\/2021\/wp-json\/wp\/v2\/users\/4"}],"replies":[{"embeddable":true,"href":"https:\/\/www.gecoexpo.com\/2021\/wp-json\/wp\/v2\/comments?post=7838"}],"version-history":[{"count":7,"href":"https:\/\/www.gecoexpo.com\/2021\/wp-json\/wp\/v2\/pages\/7838\/revisions"}],"predecessor-version":[{"id":10802,"href":"https:\/\/www.gecoexpo.com\/2021\/wp-json\/wp\/v2\/pages\/7838\/revisions\/10802"}],"wp:attachment":[{"href":"https:\/\/www.gecoexpo.com\/2021\/wp-json\/wp\/v2\/media?parent=7838"}],"curies":[{"name":"wp","href":"https:\/\/api.w.org\/{rel}","templated":true}]}}