{"id":9140,"date":"2021-08-03T18:44:11","date_gmt":"2021-08-03T16:44:11","guid":{"rendered":"https:\/\/www.gecoexpo.com\/2021\/?page_id=9140"},"modified":"2021-10-26T17:02:19","modified_gmt":"2021-10-26T15:02:19","slug":"sponsor","status":"publish","type":"page","link":"https:\/\/www.gecoexpo.com\/2021\/de\/sponsor\/","title":{"rendered":"SPONSOR"},"content":{"rendered":"<h3 style=\"text-align: center;\">Sponsor werden?<\/h3>\n<p style=\"text-align: center;\">Ihre Marke auf der virtuellen Fachmesse GECO: Ausstellung f\u00fcr gr\u00fcnen Tourismus, Mobilit\u00e4t und Energie<\/p>\n<p>&nbsp;<\/p>\n<p class=\"text-center custom-button\"><a class=\"btn btn-primary my-3\"  href=\"#form-footer\" align=\"center\"><span>Angebot anfordern<\/span><\/a><\/p>\n<p>Erweitern Sie Ihre <strong>Networking- und Lead-Generierungsm\u00f6glichkeiten<\/strong>, indem Sie Sponsor und Sprecher der ersten italienischen Nachhaltigkeitsmesse f\u00fcr Mobilit\u00e4t, Tourismus und Energie werden, die in einer vollst\u00e4ndig virtuellen GECO stattfinden wird.<\/p>\n<p>Machen Sie Ihr Unternehmen bei einem Zielpublikum in den Bereichen Tourismus, Mobilit\u00e4t und nachhaltige Energie bekannt. GECO ist eine einzigartige Gelegenheit, die Sensibilit\u00e4t Ihrer Marke f\u00fcr Fragen des umweltfreundlichen Lebens in vollem Respekt f\u00fcr unseren Planeten zu zeigen.<\/p>\n<p>Die M\u00f6glichkeiten f\u00fcr ein Sponsoring auf der virtuellen GECO-Messe <strong>sind vielf\u00e4ltig und k\u00f6nnen an die Ziele Ihres Unternehmens angepasst werden<\/strong>.\u00a0\u00a0 Gemeinsam finden wir die L\u00f6sung, die Ihre Erwartungen am besten erf\u00fcllt und gleichzeitig den Tonfall Ihres Unternehmens respektiert.<\/p>\n<p>&nbsp;<\/p>\n<p style=\"text-align: center;\"><strong><em>Wer sich entschlossen hat, uns zu unterst\u00fctzen<\/em><\/strong><\/p>\n","protected":false},"excerpt":{"rendered":"<p>Sponsor werden? Ihre Marke auf der virtuellen Fachmesse GECO: Ausstellung f\u00fcr gr\u00fcnen Tourismus, Mobilit\u00e4t und Energie &nbsp; Erweitern Sie Ihre Networking- und Lead-Generierungsm\u00f6glichkeiten, indem Sie Sponsor und Sprecher der ersten italienischen Nachhaltigkeitsmesse f\u00fcr Mobilit\u00e4t, Tourismus und Energie werden, die in einer vollst\u00e4ndig virtuellen GECO stattfinden wird. Machen Sie Ihr Unternehmen bei einem Zielpublikum in den [&hellip;]<\/p>\n","protected":false},"author":4,"featured_media":0,"parent":0,"menu_order":0,"comment_status":"closed","ping_status":"closed","template":"tpl-sponsor.php","meta":[],"yoast_head":"<!-- This site is optimized with the Yoast SEO plugin v16.3 - https:\/\/yoast.com\/wordpress\/plugins\/seo\/ -->\n<meta name=\"description\" content=\"Werden Sie Sponsor und Sprecher der GECO, der ersten vollst\u00e4ndig virtuellen Fachmesse f\u00fcr Nachhaltigkeit, Tourismus, Mobilit\u00e4t und Energie in Italien. Kontaktieren Sie uns noch heute.\" \/>\n<meta name=\"robots\" content=\"index, follow, max-snippet:-1, max-image-preview:large, max-video-preview:-1\" \/>\n<link rel=\"canonical\" href=\"https:\/\/www.gecoexpo.com\/2021\/sponsor\/\" \/>\n<meta property=\"og:locale\" content=\"it_IT\" \/>\n<meta property=\"og:type\" content=\"article\" \/>\n<meta property=\"og:title\" content=\"Diventa sponsor - Geco, I edizione la fiera virtuale sulla sostenibilit&agrave;\" \/>\n<meta property=\"og:description\" content=\"Werden Sie Sponsor und Sprecher der GECO, der ersten vollst\u00e4ndig virtuellen Fachmesse f\u00fcr Nachhaltigkeit, Tourismus, Mobilit\u00e4t und Energie in Italien. Kontaktieren Sie uns noch heute.\" \/>\n<meta property=\"og:url\" content=\"https:\/\/www.gecoexpo.com\/2021\/de\/sponsor\/\" \/>\n<meta property=\"og:site_name\" content=\"Geco, I edizione la fiera virtuale sulla sostenibilit&agrave;\" \/>\n<meta property=\"article:modified_time\" content=\"2021-10-26T15:02:19+00:00\" \/>\n<meta property=\"og:image\" content=\"https:\/\/www.gecoexpo.com\/2021\/wp-content\/uploads\/2020\/07\/Logo-Geco-web_Tavola-disegno-1.png\" \/>\n\t<meta property=\"og:image:width\" content=\"960\" \/>\n\t<meta property=\"og:image:height\" content=\"560\" \/>\n<meta name=\"twitter:card\" content=\"summary_large_image\" \/>\n<meta name=\"twitter:label1\" content=\"Tempo di lettura stimato\">\n\t<meta name=\"twitter:data1\" content=\"1 minuto\">\n<script type=\"application\/ld+json\" class=\"yoast-schema-graph\">{\"@context\":\"https:\/\/schema.org\",\"@graph\":[{\"@type\":\"WebSite\",\"@id\":\"https:\/\/www.gecoexpo.com\/2021\/#website\",\"url\":\"https:\/\/www.gecoexpo.com\/2021\/\",\"name\":\"Geco, I edizione la fiera virtuale sulla sostenibilit&agrave;\",\"description\":\"Green tourism, mobility &amp; energy expo\",\"potentialAction\":[{\"@type\":\"SearchAction\",\"target\":\"https:\/\/www.gecoexpo.com\/2021\/?s={search_term_string}\",\"query-input\":\"required name=search_term_string\"}],\"inLanguage\":\"it-IT\"},{\"@type\":\"ImageObject\",\"@id\":\"https:\/\/www.gecoexpo.com\/2021\/de\/sponsor\/#primaryimage\",\"inLanguage\":\"it-IT\",\"url\":\"https:\/\/www.gecoexpo.com\/2021\/wp-content\/uploads\/2020\/07\/Logo-Geco-web_Tavola-disegno-1.png\",\"contentUrl\":\"https:\/\/www.gecoexpo.com\/2021\/wp-content\/uploads\/2020\/07\/Logo-Geco-web_Tavola-disegno-1.png\",\"width\":960,\"height\":560},{\"@type\":\"WebPage\",\"@id\":\"https:\/\/www.gecoexpo.com\/2021\/de\/sponsor\/#webpage\",\"url\":\"https:\/\/www.gecoexpo.com\/2021\/de\/sponsor\/\",\"name\":\"Diventa sponsor - Geco, I edizione la fiera virtuale sulla sostenibilit&agrave;\",\"isPartOf\":{\"@id\":\"https:\/\/www.gecoexpo.com\/2021\/#website\"},\"datePublished\":\"2021-08-03T16:44:11+00:00\",\"dateModified\":\"2021-10-26T15:02:19+00:00\",\"description\":\"Werden Sie Sponsor und Sprecher der GECO, der ersten vollst\\u00e4ndig virtuellen Fachmesse f\\u00fcr Nachhaltigkeit, Tourismus, Mobilit\\u00e4t und Energie in Italien. Kontaktieren Sie uns noch heute.\",\"breadcrumb\":{\"@id\":\"https:\/\/www.gecoexpo.com\/2021\/de\/sponsor\/#breadcrumb\"},\"inLanguage\":\"it-IT\",\"potentialAction\":[{\"@type\":\"ReadAction\",\"target\":[\"https:\/\/www.gecoexpo.com\/2021\/de\/sponsor\/\"]}]},{\"@type\":\"BreadcrumbList\",\"@id\":\"https:\/\/www.gecoexpo.com\/2021\/de\/sponsor\/#breadcrumb\",\"itemListElement\":[{\"@type\":\"ListItem\",\"position\":1,\"item\":{\"@type\":\"WebPage\",\"@id\":\"https:\/\/www.gecoexpo.com\/2021\/\",\"url\":\"https:\/\/www.gecoexpo.com\/2021\/\",\"name\":\"Home\"}},{\"@type\":\"ListItem\",\"position\":2,\"item\":{\"@id\":\"https:\/\/www.gecoexpo.com\/2021\/de\/sponsor\/#webpage\"}}]}]}<\/script>\n<!-- \/ Yoast SEO plugin. -->","_links":{"self":[{"href":"https:\/\/www.gecoexpo.com\/2021\/wp-json\/wp\/v2\/pages\/9140"}],"collection":[{"href":"https:\/\/www.gecoexpo.com\/2021\/wp-json\/wp\/v2\/pages"}],"about":[{"href":"https:\/\/www.gecoexpo.com\/2021\/wp-json\/wp\/v2\/types\/page"}],"author":[{"embeddable":true,"href":"https:\/\/www.gecoexpo.com\/2021\/wp-json\/wp\/v2\/users\/4"}],"replies":[{"embeddable":true,"href":"https:\/\/www.gecoexpo.com\/2021\/wp-json\/wp\/v2\/comments?post=9140"}],"version-history":[{"count":9,"href":"https:\/\/www.gecoexpo.com\/2021\/wp-json\/wp\/v2\/pages\/9140\/revisions"}],"predecessor-version":[{"id":10803,"href":"https:\/\/www.gecoexpo.com\/2021\/wp-json\/wp\/v2\/pages\/9140\/revisions\/10803"}],"wp:attachment":[{"href":"https:\/\/www.gecoexpo.com\/2021\/wp-json\/wp\/v2\/media?parent=9140"}],"curies":[{"name":"wp","href":"https:\/\/api.w.org\/{rel}","templated":true}]}}