{"id":9248,"date":"2020-11-25T15:47:36","date_gmt":"2020-11-25T14:47:36","guid":{"rendered":"https:\/\/www.gecoexpo.com\/2021\/smart-talk-video-contest\/"},"modified":"2021-11-02T13:00:32","modified_gmt":"2021-11-02T12:00:32","slug":"smart-talk-video-wettbewerb","status":"publish","type":"page","link":"https:\/\/www.gecoexpo.com\/2021\/de\/smart-talk-video-wettbewerb\/","title":{"rendered":"Smart Talk Video Wettbewerb"},"content":{"rendered":"<h3>WAS SIND DIE SMART TALKS<\/h3>\n<div class=\"page\" title=\"Page 20\">\n<div class=\"section\">\n<div class=\"layoutArea\">\n<div class=\"column\">\n<p><strong>Kurze Videos von 3 Minuten<\/strong>, die aus dem Wunsch heraus entstehen, <strong>Ideen und Projekte zu fo\u0308rdern, die mit der guten und konstanten Praxis von NACHHALTIGKEIT und BIODIVERSITA\u0308T auf individueller Ebene und \/ oder im Gruppenteam<\/strong> im Alltag, in der Stadt, im Urlaub, auf Reisen, am Arbeitsplatz, im o\u0308ffentlichen und privaten Bereich zu tun haben.<\/p>\n<p>Die Smart Talks, die eine nachhaltige und\/oder biodiverse Idee oder ein Projekt am besten repra\u0308sentieren und kommunizieren, <strong>werden am Schlusstag der GECO-Messe, dem 30. Januar 2021, von einer Fachjury pra\u0308miert<\/strong>. Das Ziel ist ein nachhaltiger, biodiverser individueller und kollektiver Wandel fu\u0308r die Gegenwart und Zukunft unseres Planeten, unserer Sta\u0308dte, der Gesellschaft, der Wirtschaft im Allgemeinen und der Industrie. <strong>Die Teilnahme ist kostenlos<\/strong>.<\/p>\n<\/div>\n<\/div>\n<\/div>\n<\/div>\n<p><img loading=\"lazy\" class=\"aligncenter wp-image-3404 size-full\" src=\"http:\/\/www.gecoexpo.com\/2021\/wp-content\/uploads\/2020\/11\/smart-talk-video-contest.gif\" alt=\"\" width=\"1440\" height=\"810\" \/><\/p>\n<p>&nbsp;<\/p>\n<h3>WAS WIR UNTER NACHHALTIGKEIT VERSTEHEN<\/h3>\n<p>Es bedeutet den <strong>Prozess des Wandels und der \u00f6kologischen, wirtschaftlichen und sozialen Entwicklung<\/strong>, der darauf abzielt, die Bed\u00fcrfnisse heutiger Generationen zu erf\u00fcllen, ohne das Leben und die Verf\u00fcgbarkeit von Ressourcen zuk\u00fcnftiger Generationen zu gef\u00e4hrden, und der <strong>die nachhaltigen Ziele der Agenda 2030<\/strong> kurz-, mittel- und langfristig einh\u00e4lt und individuell und kollektiv dazu beitr\u00e4gt, sie zu erreichen.<\/p>\n<p>Nachhaltigkeit ist eine menschliche, soziale und kulturelle Herausforderung, die internationales und nationales Recht, die politischen, wirtschaftlichen, energetischen, technologischen, architektonischen, st\u00e4dtischen und landwirtschaftlichen Systeme, die industrielle Produktion, das Handwerk, den Transport, den lokalen, kollektiven und individuellen Lebensstil und den kritischen Konsum einbezieht, um eine Kreislaufwirtschaft des Teilens, der Zusammenarbeit, der Aufwertung und des Respekts f\u00fcr unsere Ressourcen, unsere St\u00e4dte, unsere Orte und Lebensumgebungen, unser t\u00e4gliches Leben zu gew\u00e4hrleisten.<\/p>\n<h3>WAS WIR UNTER BIODIVERSIT\u00c4T VERSTEHEN<\/h3>\n<div class=\"page\" title=\"Page 21\">\n<div class=\"section\">\n<div class=\"layoutArea\">\n<div class=\"column\">\n<p><strong>Biodiversita\u0308t ist Ausdruck und Schutz der Vielfalt lebender Organismen auf allen Ebenen und der o\u0308kologischen Systeme<\/strong>, deren Teil sie sind; dies beinhaltet die Achtung und Wertscha\u0308tzung der Vielfalt innerhalb von Tier-, Pflanzen- und Menschenarten sowie zwischen den Arten und die Achtung und Wertscha\u0308tzung der Vielfalt von O\u0308kosystemen, Gemeinschaften und lebenden Organismen in einem bestimmten Lebensraum.<\/p>\n<p>Die biologische Vielfalt in den allta\u0308glichen Organisationen &#8211; Schule, Haus, Familie, Pfarrei, Krankenhaus, Firma, Abteilung, Bu\u0308ro, Berufsstudio, Gefa\u0308ngnis, Nachbarschaft usw. &#8211; ist das Ergebnis eines sta\u0308ndigen evolutiona\u0308ren Prozesses, in dem sich die Menschen an die Umwelt anpassen und sie dank aktiver Interaktion in der Gegenwart und auf Distanz vera\u0308ndern, wobei sie ihre Spezifita\u0308t und Identita\u0308t in der <strong>Multidimensionalita\u0308t, Multikulturalita\u0308t, Multidisziplinarita\u0308t<\/strong> bewahren. Jeder Mensch ist in der Lage, mit seinen ta\u0308glichen Handlungen oder Nicht-Handlungen das Gleichgewicht des Lebensraumes, des Kontextes, der Umwelt, der Stadt, der privaten, o\u0308ffentlichen, beruflichen, perso\u0308nlichen Organisation, in der er lebt und sich bewegt, zu gewa\u0308hrleisten oder zu gefa\u0308hrden. Eine biodiverse Einstellung zu haben bedeutet, sich um den Schutz von Vielfalt und Identita\u0308t bei Integration und Innovation zu ku\u0308mmern.<\/p>\n<\/div>\n<\/div>\n<\/div>\n<\/div>\n<p>&nbsp;<\/p>\n<h3>WER KANN EIN SMART TALK VORSCHLAGEN<\/h3>\n<p>1) <strong>Startups<\/strong>, die neue Projekte ins Leben gerufen haben und im Begriff sind, diese zu starten, <strong>\u00f6ffentliche und private Unternehmen, Fachfirmen, Agenturen, Destinationen, nationale und internationale territoriale Aggregationsorgane<\/strong>, die bereits Erfolgsgeschichten realisiert haben oder die neuen Projekte entwickeln und diese einem breiten interessierten Publikum bekannt machen m\u00f6chten.<br \/>\n2) <strong>Universit\u00e4ten, Institute, Gymnasien, Schulen, Studenten, junge Italiener und Ausl\u00e4nder<\/strong>, die Initiativen und L\u00f6sungen zu den Themen &#8220;Nachhaltigkeit&#8221; und &#8220;Biodiversit\u00e4t&#8221; entwickelt haben oder entwickeln.<\/p>\n<p>&nbsp;<\/p>\n<h3>WO MAN SMART TALKS SEHEN KANN<\/h3>\n<p>Innerhalb der virtuellen Messe wird ein spezieller <strong>Smart Room<\/strong> eingerichtet, in dem die Smart Talk-Videos, die zuvor vom <strong>GECO-Komitee<\/strong> gesichtet und ausgew\u00e4hlt wurden, w\u00e4hrend der drei Messetage f\u00fcr alle Besucher und Aussteller jederzeit sichtbar sind (H24).<\/p>\n<p>&nbsp;<\/p>\n<h3>WIE MAN AM SMART TALK TEILNIMMT<\/h3>\n<p>Italienische und ausl\u00e4ndische Kandidaten, die vollj\u00e4hrig sein m\u00fcssen, m\u00fcssen ein <strong>Video von maximal 3 Minuten Dauer<\/strong> einsenden, dass das Projekt, die Idee, die L\u00f6sung, die Aktivit\u00e4t, den Vorschlag, die beste Praxis in Italienisch und\/oder Englisch zusammenfasst.<\/p>\n<p><strong>Die Videobeitr\u00e4ge m\u00fcssen der Praxis von NACHHALTIGKEIT und BIODIVERSIT\u00c4T<\/strong> als Wahlm\u00f6glichkeit im Alltag, im Urlaub, auf Reisen, am Arbeitsplatz, im privaten Bereich entsprechen und eine Botschaft des nachhaltigen, biodiversen individuellen und kollektiven Wandels f\u00fcr die Gegenwart und Zukunft vermitteln, die sich auf unseren Planeten, unsere St\u00e4dte, die Gesellschaft, die Wirtschaft im Allgemeinen, die Tourismus- und Veranstaltungsbranche auswirkt.<\/p>\n<h3>BEWERTUNGSKRITERIEN ZUR ERMITTLUNG DER GEWINNER<\/h3>\n<p>Die Kandidaten f\u00fcr Smart Talks werden anhand der folgenden Kriterien ausgew\u00e4hlt:<\/p>\n<ul>\n<li>Durchf\u00fchrbarkeit<\/li>\n<li>Innovation, Originalit\u00e4t der Idee, des Projekts<\/li>\n<li>Nachhaltige und biodiverse Wirkung<\/li>\n<li>Replizierbarkeit des Projekts und der Idee<\/li>\n<li>Die F\u00e4higkeit, Menschen aktiv einzubeziehen<\/li>\n<\/ul>\n<p><strong><p class=\"text-center custom-button\"><a class=\"btn btn-primary my-3\"  href=\"http:\/\/www.gecoexpo.com\/2021\/giuria-e-premi-smart-talk\/\" align=\"center\"><span>Entdecken Sie die Smart Talk Jury und die Auszeichnungen<\/span><\/a><\/p><\/strong><\/p>\n<p>&nbsp;<\/p>\n<h3>EINREICHUNGSFRISTEN<\/h3>\n<p><strong>Der Smart Talk-Antrag muss unbedingt zwischen dem 25.11.2020 und dem 15.01.2021 eingereicht werden<\/strong>. Jedes Video, das innerhalb und nicht au\u00dferhalb der Frist eingesendet wird, wird dem Komitee vor der Veranstaltung vorgelegt, um die Gewinner durch die Jury zu bestimmen.<\/p>\n<p><strong>Die Preisverleihung findet am 30. Januar 2021 um 17.00 Uhr im virtuellen Auditorium der Messe statt<\/strong>. Die Juroren und Referenten der von der Jury vergebenen Smart Talks sowie das Messepublikum werden anwesend sein.<\/p>\n<p><strong><a href=\"http:\/\/www.gecoexpo.com\/2021\/regolamento-smart-talk\/\">LESEN SIE HIER DIE TEILNAHMEBEDINGUNGEN<\/a><\/strong><\/p>\n<h3><\/h3>\n","protected":false},"excerpt":{"rendered":"<p>WAS SIND DIE SMART TALKS Kurze Videos von 3 Minuten, die aus dem Wunsch heraus entstehen, Ideen und Projekte zu fo\u0308rdern, die mit der guten und konstanten Praxis von NACHHALTIGKEIT und BIODIVERSITA\u0308T auf individueller Ebene und \/ oder im Gruppenteam im Alltag, in der Stadt, im Urlaub, auf Reisen, am Arbeitsplatz, im o\u0308ffentlichen und privaten [&hellip;]<\/p>\n","protected":false},"author":4,"featured_media":0,"parent":0,"menu_order":0,"comment_status":"closed","ping_status":"closed","template":"tpl-sponsor.php","meta":[],"yoast_head":"<!-- This site is optimized with the Yoast SEO plugin v16.3 - https:\/\/yoast.com\/wordpress\/plugins\/seo\/ -->\n<meta name=\"description\" content=\"Nehmen Sie am GECO-Videowettbewerb &quot;Smart Talks f\u00fcr nachhaltigen Fortschritt&quot; teil. Lesen Sie die Regeln und reichen Sie Ihr gr\u00fcnes Projekt ein.\" \/>\n<meta name=\"robots\" content=\"index, follow, max-snippet:-1, max-image-preview:large, max-video-preview:-1\" \/>\n<link rel=\"canonical\" href=\"https:\/\/www.gecoexpo.com\/2021\/smart-talk-video-wettbewerb\/\" \/>\n<meta property=\"og:locale\" content=\"it_IT\" \/>\n<meta property=\"og:type\" content=\"article\" \/>\n<meta property=\"og:title\" content=\"Smart Talk Video Wettbewerb - GECO\" \/>\n<meta property=\"og:description\" content=\"Nehmen Sie am GECO-Videowettbewerb &quot;Smart Talks f\u00fcr nachhaltigen Fortschritt&quot; teil. Lesen Sie die Regeln und reichen Sie Ihr gr\u00fcnes Projekt ein.\" \/>\n<meta property=\"og:url\" content=\"https:\/\/www.gecoexpo.com\/2021\/de\/smart-talk-video-wettbewerb\/\" \/>\n<meta property=\"og:site_name\" content=\"Geco, I edizione la fiera virtuale sulla sostenibilit&agrave;\" \/>\n<meta property=\"article:modified_time\" content=\"2021-11-02T12:00:32+00:00\" \/>\n<meta property=\"og:image\" content=\"http:\/\/www.gecoexpo.com\/2021\/wp-content\/uploads\/2020\/11\/smart-talk-video-contest.gif\" \/>\n<meta name=\"twitter:card\" content=\"summary_large_image\" \/>\n<meta name=\"twitter:label1\" content=\"Tempo di lettura stimato\">\n\t<meta name=\"twitter:data1\" content=\"4 minuti\">\n<script type=\"application\/ld+json\" class=\"yoast-schema-graph\">{\"@context\":\"https:\/\/schema.org\",\"@graph\":[{\"@type\":\"WebSite\",\"@id\":\"https:\/\/www.gecoexpo.com\/2021\/#website\",\"url\":\"https:\/\/www.gecoexpo.com\/2021\/\",\"name\":\"Geco, I edizione la fiera virtuale sulla sostenibilit&agrave;\",\"description\":\"Green tourism, mobility &amp; energy expo\",\"potentialAction\":[{\"@type\":\"SearchAction\",\"target\":\"https:\/\/www.gecoexpo.com\/2021\/?s={search_term_string}\",\"query-input\":\"required name=search_term_string\"}],\"inLanguage\":\"it-IT\"},{\"@type\":\"ImageObject\",\"@id\":\"https:\/\/www.gecoexpo.com\/2021\/de\/smart-talk-video-wettbewerb\/#primaryimage\",\"inLanguage\":\"it-IT\",\"url\":\"http:\/\/www.gecoexpo.com\/2021\/wp-content\/uploads\/2020\/11\/smart-talk-video-contest.gif\",\"contentUrl\":\"http:\/\/www.gecoexpo.com\/2021\/wp-content\/uploads\/2020\/11\/smart-talk-video-contest.gif\"},{\"@type\":\"WebPage\",\"@id\":\"https:\/\/www.gecoexpo.com\/2021\/de\/smart-talk-video-wettbewerb\/#webpage\",\"url\":\"https:\/\/www.gecoexpo.com\/2021\/de\/smart-talk-video-wettbewerb\/\",\"name\":\"Smart Talk Video Wettbewerb - GECO\",\"isPartOf\":{\"@id\":\"https:\/\/www.gecoexpo.com\/2021\/#website\"},\"primaryImageOfPage\":{\"@id\":\"https:\/\/www.gecoexpo.com\/2021\/de\/smart-talk-video-wettbewerb\/#primaryimage\"},\"datePublished\":\"2020-11-25T14:47:36+00:00\",\"dateModified\":\"2021-11-02T12:00:32+00:00\",\"description\":\"Nehmen Sie am GECO-Videowettbewerb \\\"Smart Talks f\\u00fcr nachhaltigen Fortschritt\\\" teil. Lesen Sie die Regeln und reichen Sie Ihr gr\\u00fcnes Projekt ein.\",\"breadcrumb\":{\"@id\":\"https:\/\/www.gecoexpo.com\/2021\/de\/smart-talk-video-wettbewerb\/#breadcrumb\"},\"inLanguage\":\"it-IT\",\"potentialAction\":[{\"@type\":\"ReadAction\",\"target\":[\"https:\/\/www.gecoexpo.com\/2021\/de\/smart-talk-video-wettbewerb\/\"]}]},{\"@type\":\"BreadcrumbList\",\"@id\":\"https:\/\/www.gecoexpo.com\/2021\/de\/smart-talk-video-wettbewerb\/#breadcrumb\",\"itemListElement\":[{\"@type\":\"ListItem\",\"position\":1,\"item\":{\"@type\":\"WebPage\",\"@id\":\"https:\/\/www.gecoexpo.com\/2021\/\",\"url\":\"https:\/\/www.gecoexpo.com\/2021\/\",\"name\":\"Home\"}},{\"@type\":\"ListItem\",\"position\":2,\"item\":{\"@id\":\"https:\/\/www.gecoexpo.com\/2021\/de\/smart-talk-video-wettbewerb\/#webpage\"}}]}]}<\/script>\n<!-- \/ Yoast SEO plugin. -->","_links":{"self":[{"href":"https:\/\/www.gecoexpo.com\/2021\/wp-json\/wp\/v2\/pages\/9248"}],"collection":[{"href":"https:\/\/www.gecoexpo.com\/2021\/wp-json\/wp\/v2\/pages"}],"about":[{"href":"https:\/\/www.gecoexpo.com\/2021\/wp-json\/wp\/v2\/types\/page"}],"author":[{"embeddable":true,"href":"https:\/\/www.gecoexpo.com\/2021\/wp-json\/wp\/v2\/users\/4"}],"replies":[{"embeddable":true,"href":"https:\/\/www.gecoexpo.com\/2021\/wp-json\/wp\/v2\/comments?post=9248"}],"version-history":[{"count":4,"href":"https:\/\/www.gecoexpo.com\/2021\/wp-json\/wp\/v2\/pages\/9248\/revisions"}],"predecessor-version":[{"id":10833,"href":"https:\/\/www.gecoexpo.com\/2021\/wp-json\/wp\/v2\/pages\/9248\/revisions\/10833"}],"wp:attachment":[{"href":"https:\/\/www.gecoexpo.com\/2021\/wp-json\/wp\/v2\/media?parent=9248"}],"curies":[{"name":"wp","href":"https:\/\/api.w.org\/{rel}","templated":true}]}}