{"id":9993,"date":"2020-06-18T10:53:10","date_gmt":"2020-06-18T08:53:10","guid":{"rendered":"https:\/\/www.gecoexpo.com\/2021\/cookie-policy\/"},"modified":"2021-09-10T15:39:18","modified_gmt":"2021-09-10T13:39:18","slug":"cookie-policy","status":"publish","type":"page","link":"https:\/\/www.gecoexpo.com\/2021\/de\/cookie-policy\/","title":{"rendered":"Cookie Richtlinie"},"content":{"rendered":"<p><strong>Cookie-RICHTLINIE<\/strong><\/p>\n<p>Informationen gem\u00e4\u00df Art. 12 ff. der EU-Verordnung Nr. 679\/2016 von SMART EVENTI S.R.L. f\u00fcr den Zugang und das Browsen auf dieser Website<\/p>\n<p>&nbsp;<\/p>\n<p>SMART EVENTI S.R.L., C.F. und P.I. 06997310963, mit Sitz in 20131 Mailand (MI), Viale Abruzzi n. 37, in der Person ihres gesetzlichen Vertreters pro tempore,<\/p>\n<p>INFORMIERT DEN BENUTZER<\/p>\n<p>dass beim Zugriff und beim Surfen auf dieser Website (im Folgenden der K\u00fcrze halber &#8220;Website&#8221; genannt) Cookies gesammelt und verarbeitet werden k\u00f6nnen, d.h. kleine Textstrings, die einzig und allein von der Website an Ihr Endger\u00e4t (in der Regel an Ihren Browser) gesendet werden, wo sie gespeichert und dann bei Ihrem n\u00e4chsten Besuch an die Website \u00fcbermittelt werden.<\/p>\n<p>Gem\u00e4\u00df Art. 12 ff. der Verordnung (EU) Nr. 679\/2016 und Art. 122 Abs. 1 des Datenschutzgesetzes teilen wir Ihnen im Namen von SMART EVENTI S.R.L. die folgenden Informationen mit.<\/p>\n<p>Es werden folgende Arten von Cookies verwendet<\/p>\n<p>technische Cookies: Sie werden ausschlie\u00dflich zu dem Zweck verwendet, &#8220;die \u00dcbertragung einer Nachricht \u00fcber ein elektronisches Kommunikationsnetz durchzuf\u00fchren, oder in dem Umfang, der f\u00fcr den Anbieter eines Dienstes der Informationsgesellschaft, der vom Teilnehmer oder Nutzer ausdr\u00fccklich zur Bereitstellung eines solchen Dienstes angefordert wird, unbedingt erforderlich ist&#8221; (siehe Art. 122, Absatz 1, Datenschutzgesetz).<br \/>\nProfiling-Cookies: dienen der Erstellung von Nutzerprofilen und werden verwendet, um Werbebotschaften entsprechend den vom Nutzer beim Surfen im Internet ge\u00e4u\u00dferten Pr\u00e4ferenzen zu versenden (siehe Art. 122 Datenschutzgesetz).<\/p>\n<p>&nbsp;<\/p>\n<p><strong>A.\u00a0Zwecke der Verarbeitung &#8211; Cookies werden f\u00fcr die folgenden Zwecke verarbeitet:<\/strong><\/p>\n<p>1.\u00a0[technischer Zweck] nur in Bezug auf technische Cookies:<\/p>\n<p>&#8211; zur Gew\u00e4hrleistung einer normalen Webnavigation und Nutzung der Website (so genannte Navigations- oder Sitzungscookies);<\/p>\n<p>&#8211; um in aggregierter Form Informationen \u00fcber die Anzahl der Nutzer und \u00fcber die Art und Weise, wie sie die Website besuchen, zu sammeln (sogenannte Analyse-Cookies);<\/p>\n<p>&#8211; dem Nutzer zu erm\u00f6glichen, auf der Website nach einer Reihe ausgew\u00e4hlter Kriterien (z. B. Sprache) zu navigieren, um den ihm angebotenen Service zu verbessern (so genannte Funktions-Cookies).<\/p>\n<p>2.\u00a0[Profiling-Zwecke] nur in Bezug auf Profiling-Cookies, um Profile des Nutzers zu erstellen und Werbenachrichten (Newsletter) entsprechend den vom Nutzer beim Surfen auf der Website ge\u00e4u\u00dferten Pr\u00e4ferenzen gem\u00e4\u00df Artikel 122, Absatz 1 des Datenschutzgesetzes zu versenden.<br \/>\n3.\u00a0[rechtliche Zwecke] zur Erf\u00fcllung der sich daraus ergebenden rechtlichen Verpflichtungen.<\/p>\n<p>&nbsp;<\/p>\n<p><strong>B.\u00a0VERARBEITUNGSMETHODEN &#8211;<\/strong> Die Cookies werden von f\u00f6rmlich benannten Verantwortlichen verarbeitet, die Instrumente und Hilfsmittel &#8211; auf Papier, magnetisch, computergest\u00fctzt oder telematisch &#8211; verwenden, die geeignet sind, Sicherheit und Vertraulichkeit zu gew\u00e4hrleisten. Die Daten k\u00f6nnen auch mit Hilfe automatisierter Instrumente zur elektronischen Speicherung, Verwaltung und \u00dcbermittlung der Daten verarbeitet werden. Die Datenbanken werden in gesch\u00fctzten Umgebungen aufbewahrt, wo der Zugang unter st\u00e4ndiger Kontrolle und in \u00dcbereinstimmung mit den Bestimmungen des Datenschutzgesetzes erfolgt.<\/p>\n<p>&nbsp;<\/p>\n<p><strong>C.\u00a0ART DER VERARBEITUNG &#8211; Die Art der Verleihung ist entsprechend:<\/strong><\/p>\n<p>&#8211; OBLIGATORISCH, im Hinblick auf den technischen Zweck sub 1). Daher kann die Weigerung, sie ganz oder teilweise zur Verf\u00fcgung zu stellen, oder die Nichtgenehmigung ihrer Verarbeitung und\/oder Weitergabe an Dritte dazu f\u00fchren, dass SMART EVENTI S.R.L. dem Nutzer den Zugang und die Nutzung der Website nicht gestattet.<\/p>\n<p>&#8211; OPTIONAL im Hinblick auf den sogenannten Profiling-Zweck sub 2).\u00a0Die Verweigerung ihrer vollst\u00e4ndigen oder teilweisen \u00dcbermittlung oder die Nichtgenehmigung ihrer Verarbeitung und\/oder Weitergabe an Dritte macht es SMART EVENTI S.R.L. daher unm\u00f6glich, das Profiling durchzuf\u00fchren.<\/p>\n<p>&nbsp;<\/p>\n<p><strong>D.\u00a0DIE RECHTE DER BETROFFENEN PARTEI.<\/strong><\/p>\n<p>In Bezug auf Cookies kann der Interessent\/Nutzer auch<\/p>\n<p>jederzeit seine Zustimmung zur Installation von Profiling-Cookies verweigern;<br \/>\nseine Optionen bez\u00fcglich der Verwendung von Cookies durch die Website \u00fcber die Browsereinstellungen gem\u00e4\u00df den Bestimmungen von Artikel 122, Absatz 2 des Datenschutzgesetzes zum Ausdruck bringen.<\/p>\n<p>Insbesondere, wenn die von der Website verwendeten Technologien mit der vom Nutzer verwendeten Browserversion kompatibel sind, wird ein Link zu dem Abschnitt des Browsers angegeben, der f\u00fcr die oben genannten Einstellungen vorgesehen ist:<\/p>\n<p>Internet Explorer &#8211; Google Chrome &#8211; Mozilla Firefox &#8211; Safari 6.<\/p>\n<p>&nbsp;<\/p>\n<p><strong>E.\u00a0MITTEILUNG DER DATENVERARBEITUNG &#8211;<\/strong> Unbeschadet der Mitteilungen und der Verbreitung, die in Erf\u00fcllung gesetzlicher Verpflichtungen erfolgen, k\u00f6nnen die Daten in Italien an folgende Personen weitergeleitet werden:<\/p>\n<p>Anbieter von Diensten und Inhalten (Anbieter von elektronischen Diensten und Kommunikation).<\/p>\n<p><strong>F.\u00a0INHABER UND VERARBEITER DER PERS\u00d6NLICHEN DATEN &#8211; Der Inhaber der Verarbeitung von Cookies ist SMART EVENTI S.R.L<\/strong>.<\/p>\n<p>Die vollst\u00e4ndige und aktualisierte Liste der als Datenverarbeiter benannten Personen ist auf Anfrage am Sitz von SMART EVENTI S.R.L., C.F. und P.I. 06997310963, mit Sitz in 20131 Mailand (MI), Viale Abruzzi n. 37, erh\u00e4ltlich.<\/p>\n<p>&nbsp;<\/p>\n<p><strong>VON DER WEBSITE VERWENDETE PROFILIERUNGS-COOKIES:<\/strong><\/p>\n<p>Profilierungs-Cookies von Dritten:<\/p>\n<p>\u2043 Facebook (Like-Button und soziale Widgets von Facebook (Facebook, Inc.): Die Facebook-Schaltfl\u00e4che &#8220;Gef\u00e4llt mir&#8221; und die sozialen Widgets sind Dienste f\u00fcr die Interaktion mit dem sozialen Netzwerk Facebook, die von der Facebook, Inc. Ort der Verarbeitung: USA &#8211; Datenschutzbestimmungen .<\/p>\n<p>\u2043 YouTube (Google Inc.) soziale Schaltfl\u00e4che und Widgets: Die YouTube-Schaltfl\u00e4che und die Widgets sind Dienste zur Interaktion mit dem sozialen Netzwerk YouTube, die von Google Inc. bereitgestellt werden. Ort der Verarbeitung: USA &#8211; Datenschutzbestimmungen .<\/p>\n<p>&#8211; Instagram (Facebook, Inc.) soziale Schaltfl\u00e4che und Widgets: Die Instagram-Schaltfl\u00e4che und die Widgets sind Dienste zur Interaktion mit dem sozialen Netzwerk Instagram, das von der Facebook Inc. bereitgestellt wird. Ort der Verarbeitung: USA &#8211; https:\/\/help.instagram.com\/519522125107875<\/p>\n<p>&#8211; Twitter (Twitter, Inc.) soziale Schaltfl\u00e4che und soziale Widgets: Der Twitter Social Button und die Widgets sind Dienste zur Interaktion mit dem sozialen Netzwerk Twitter , Inc. Ort der Verarbeitung: USA &#8211; https:\/\/twitter.com\/it\/privacy<\/p>\n<p>&#8211; LinkedIn (Microsoft Corporation) soziale Schaltfl\u00e4che und Widgets: Der Social Button und die Widgets von LinkedIn sind Dienste zur Interaktion mit dem sozialen Netzwerk von LinkedIn &#8211; Ort der Verarbeitung: USA &#8211; https:\/\/www.linkedin.com\/legal\/privacy-policy?trk=uno-reg-guest-home-privacy-policy<\/p>\n<p>Google reCAPTCHA (Google Inc.): Google reCAPTCHA ist ein Dienst zum Schutz vor SPAM, der von Google Inc. Die Nutzung des reCAPTCHA-Systems unterliegt den Datenschutzbestimmungen und Nutzungsbedingungen von Google. Ort der Verarbeitung: USA &#8211; Datenschutzbestimmungen .<\/p>\n<p>Google Analytics (Google Inc.): Google Analytics ist ein Webanalysedienst, der von Google Inc. (&#8220;Google&#8221;). Google verwendet die gesammelten pers\u00f6nlichen Daten, um die Nutzung dieser Anwendung zu verfolgen und zu untersuchen, Berichte zu erstellen und sie mit anderen von Google entwickelten Diensten zu teilen.\u2028Google kann die personenbezogenen Daten verwenden, um die Anzeigen seines Werbenetzwerks zu kontextualisieren und zu personalisieren. Ort der Verarbeitung: USA &#8211; Datenschutzerkl\u00e4rung &#8211; Opt-out.<\/p>\n<p>Instagram-Widget (Instagram, Inc.): Instagram ist ein von der Instagram, Inc. betriebener Dienst zur Anzeige von Bildern, der es dieser Anwendung erm\u00f6glicht, solche Inhalte in ihre Seiten zu integrieren. Ort der Verarbeitung: USA &#8211; Datenschutzbestimmungen .<\/p>\n<p>YouTube Video Widget (Google Inc.): YouTube ist ein von Google Inc. betriebener Dienst zur Anzeige von Videoinhalten, der es dieser Anwendung erm\u00f6glicht, solche Inhalte in ihre Seiten zu integrieren. Ort der Verarbeitung: USA &#8211; Datenschutzbestimmungen.<\/p>\n<p>Diese Seite ist durch einen Link am unteren Rand aller Seiten der Website gem\u00e4\u00df Art. 122, Abs. 2, Gesetzesdekret 196\/2003 und nach den vereinfachten Verfahren f\u00fcr die Information und den Erwerb der Zustimmung zur Verwendung von Cookies, die im Amtsblatt Nr. 126 vom 3. Juni 2014 und im entsprechenden Register der Bestimmungen Nr. 229 vom 8. Mai 2014 ver\u00f6ffentlicht wurden, sichtbar.<\/p>\n","protected":false},"excerpt":{"rendered":"<p>Cookie-RICHTLINIE Informationen gem\u00e4\u00df Art. 12 ff. der EU-Verordnung Nr. 679\/2016 von SMART EVENTI S.R.L. f\u00fcr den Zugang und das Browsen auf dieser Website &nbsp; SMART EVENTI S.R.L., C.F. und P.I. 06997310963, mit Sitz in 20131 Mailand (MI), Viale Abruzzi n. 37, in der Person ihres gesetzlichen Vertreters pro tempore, INFORMIERT DEN BENUTZER dass beim Zugriff [&hellip;]<\/p>\n","protected":false},"author":2,"featured_media":0,"parent":0,"menu_order":0,"comment_status":"closed","ping_status":"closed","template":"","meta":[],"yoast_head":"<!-- This site is optimized with the Yoast SEO plugin v16.3 - https:\/\/yoast.com\/wordpress\/plugins\/seo\/ -->\n<meta name=\"robots\" content=\"index, follow, max-snippet:-1, max-image-preview:large, max-video-preview:-1\" \/>\n<link rel=\"canonical\" href=\"https:\/\/www.gecoexpo.com\/2021\/cookie-policy\/\" \/>\n<meta property=\"og:locale\" content=\"it_IT\" \/>\n<meta property=\"og:type\" content=\"article\" \/>\n<meta property=\"og:title\" content=\"Cookie Richtlinie - Geco, I edizione la fiera virtuale sulla sostenibilit&agrave;\" \/>\n<meta property=\"og:description\" content=\"Cookie-RICHTLINIE Informationen gem\u00e4\u00df Art. 12 ff. der EU-Verordnung Nr. 679\/2016 von SMART EVENTI S.R.L. f\u00fcr den Zugang und das Browsen auf dieser Website &nbsp; SMART EVENTI S.R.L., C.F. und P.I. 06997310963, mit Sitz in 20131 Mailand (MI), Viale Abruzzi n. 37, in der Person ihres gesetzlichen Vertreters pro tempore, INFORMIERT DEN BENUTZER dass beim Zugriff [&hellip;]\" \/>\n<meta property=\"og:url\" content=\"https:\/\/www.gecoexpo.com\/2021\/de\/cookie-policy\/\" \/>\n<meta property=\"og:site_name\" content=\"Geco, I edizione la fiera virtuale sulla sostenibilit&agrave;\" \/>\n<meta property=\"article:modified_time\" content=\"2021-09-10T13:39:18+00:00\" \/>\n<meta property=\"og:image\" content=\"https:\/\/www.gecoexpo.com\/2021\/wp-content\/uploads\/2020\/07\/Logo-Geco-web_Tavola-disegno-1.png\" \/>\n\t<meta property=\"og:image:width\" content=\"960\" \/>\n\t<meta property=\"og:image:height\" content=\"560\" \/>\n<meta name=\"twitter:card\" content=\"summary_large_image\" \/>\n<meta name=\"twitter:label1\" content=\"Tempo di lettura stimato\">\n\t<meta name=\"twitter:data1\" content=\"5 minuti\">\n<script type=\"application\/ld+json\" class=\"yoast-schema-graph\">{\"@context\":\"https:\/\/schema.org\",\"@graph\":[{\"@type\":\"WebSite\",\"@id\":\"https:\/\/www.gecoexpo.com\/2021\/#website\",\"url\":\"https:\/\/www.gecoexpo.com\/2021\/\",\"name\":\"Geco, I edizione la fiera virtuale sulla sostenibilit&agrave;\",\"description\":\"Green tourism, mobility &amp; energy expo\",\"potentialAction\":[{\"@type\":\"SearchAction\",\"target\":\"https:\/\/www.gecoexpo.com\/2021\/?s={search_term_string}\",\"query-input\":\"required name=search_term_string\"}],\"inLanguage\":\"it-IT\"},{\"@type\":\"WebPage\",\"@id\":\"https:\/\/www.gecoexpo.com\/2021\/de\/cookie-policy\/#webpage\",\"url\":\"https:\/\/www.gecoexpo.com\/2021\/de\/cookie-policy\/\",\"name\":\"Cookie Richtlinie - Geco, I edizione la fiera virtuale sulla sostenibilit&agrave;\",\"isPartOf\":{\"@id\":\"https:\/\/www.gecoexpo.com\/2021\/#website\"},\"datePublished\":\"2020-06-18T08:53:10+00:00\",\"dateModified\":\"2021-09-10T13:39:18+00:00\",\"breadcrumb\":{\"@id\":\"https:\/\/www.gecoexpo.com\/2021\/de\/cookie-policy\/#breadcrumb\"},\"inLanguage\":\"it-IT\",\"potentialAction\":[{\"@type\":\"ReadAction\",\"target\":[\"https:\/\/www.gecoexpo.com\/2021\/de\/cookie-policy\/\"]}]},{\"@type\":\"BreadcrumbList\",\"@id\":\"https:\/\/www.gecoexpo.com\/2021\/de\/cookie-policy\/#breadcrumb\",\"itemListElement\":[{\"@type\":\"ListItem\",\"position\":1,\"item\":{\"@type\":\"WebPage\",\"@id\":\"https:\/\/www.gecoexpo.com\/2021\/\",\"url\":\"https:\/\/www.gecoexpo.com\/2021\/\",\"name\":\"Home\"}},{\"@type\":\"ListItem\",\"position\":2,\"item\":{\"@id\":\"https:\/\/www.gecoexpo.com\/2021\/de\/cookie-policy\/#webpage\"}}]}]}<\/script>\n<!-- \/ Yoast SEO plugin. -->","_links":{"self":[{"href":"https:\/\/www.gecoexpo.com\/2021\/wp-json\/wp\/v2\/pages\/9993"}],"collection":[{"href":"https:\/\/www.gecoexpo.com\/2021\/wp-json\/wp\/v2\/pages"}],"about":[{"href":"https:\/\/www.gecoexpo.com\/2021\/wp-json\/wp\/v2\/types\/page"}],"author":[{"embeddable":true,"href":"https:\/\/www.gecoexpo.com\/2021\/wp-json\/wp\/v2\/users\/2"}],"replies":[{"embeddable":true,"href":"https:\/\/www.gecoexpo.com\/2021\/wp-json\/wp\/v2\/comments?post=9993"}],"version-history":[{"count":3,"href":"https:\/\/www.gecoexpo.com\/2021\/wp-json\/wp\/v2\/pages\/9993\/revisions"}],"predecessor-version":[{"id":10128,"href":"https:\/\/www.gecoexpo.com\/2021\/wp-json\/wp\/v2\/pages\/9993\/revisions\/10128"}],"wp:attachment":[{"href":"https:\/\/www.gecoexpo.com\/2021\/wp-json\/wp\/v2\/media?parent=9993"}],"curies":[{"name":"wp","href":"https:\/\/api.w.org\/{rel}","templated":true}]}}